{"id":32920,"date":"2023-05-03T11:26:00","date_gmt":"2023-05-03T09:26:00","guid":{"rendered":"https:\/\/www.tascapan.com\/prodotto\/genepy-do-it-yourself\/"},"modified":"2024-09-19T19:44:45","modified_gmt":"2024-09-19T17:44:45","slug":"genepy-do-it-yourself","status":"publish","type":"product","link":"https:\/\/www.tascapan.com\/fr\/prodotto\/genepy-do-it-yourself\/","title":{"rendered":"G\u00e9n\u00e9py Fait Maison"},"content":{"rendered":"<h2><b>Un vase en verre<\/b><\/h2>\n<p><span style=\"font-weight: 400;\">Dans la bo\u00eete \u00ab\u00a0<\/span><b>G\u00e9n\u00e9py Fait Maison<\/b><span style=\"font-weight: 400;\">\u00ab\u00a0vous y trouverez un guide pratique  <\/span><b>vase en verre<\/b><span style=\"font-weight: 400;\">durables et dot\u00e9s d&rsquo;un joint \u00e9tanche.  <\/span><\/p>\n<p><span style=\"font-weight: 400;\">Il vous aidera \u00e0 conserver la liqueur vald\u00f4taine typique, le  <\/span><b>G\u00e9n\u00e9py<\/b><span style=\"font-weight: 400;\">et le prendre au besoin pour des d\u00eeners en bonne compagnie.<\/span><\/p>\n<p><span style=\"font-weight: 400;\">Vous pouvez stocker facilement  <\/span><b>un litre<\/b><span style=\"font-weight: 400;\">ce qui est plus que suffisant et vous permettra de tenir un nombre consid\u00e9rable de semaines.<\/span><\/p>\n<p>&nbsp;<\/p>\n<h2><b>Un sachet de g\u00e9n\u00e9pi s\u00e9ch\u00e9<\/b><\/h2>\n<p><span style=\"font-weight: 400;\">Dans la bo\u00eete \u00ab\u00a0<\/span><b>G\u00e9n\u00e9py \u00e0 faire soi-m\u00eame<\/b><span style=\"font-weight: 400;\">\u00ab\u00a0vous trouverez bien s\u00fbr l&rsquo;ingr\u00e9dient principal qui vous permettra de r\u00e9aliser vous-m\u00eame votre d\u00e9licieuse liqueur vald\u00f4taine : un sachet de<\/span><b> g\u00e9n\u00e9py s\u00e9ch\u00e9<\/b><span style=\"font-weight: 400;\">.<\/span><span style=\"font-weight: 400;\">Le <\/span><b>g\u00e9n\u00e9py <\/b><span style=\"font-weight: 400;\">est une petite <\/span><b>plant aromatique<\/b><span style=\"font-weight: 400;\">  typique des zones de haute montagne.<br \/>\nIl pousse dans les Alpes \u00e0 des altitudes comprises entre 1700 et 3500 m\u00e8tres et est utilis\u00e9 pour la production de la liqueur homonyme typique de la Vall\u00e9e d&rsquo;Aoste. <\/span><\/p>\n<p><span style=\"font-weight: 400;\">Le plant de g\u00e9n\u00e9py que nous vous enverrons provient de la <\/span><b>culture 100% biologique<\/b><span style=\"font-weight: 400;\"> par <\/span><b>Emilia Berthod<\/b><span style=\"font-weight: 400;\">qui cultive des plants sauvages de montagne avec beaucoup de passion et de d\u00e9vouement depuis 2002. <\/span><i><span style=\"font-weight: 400;\">\u00ab\u00a0Le g\u00e9n\u00e9pi est une plante tr\u00e8s commune dans les Alpes et en g\u00e9n\u00e9ral dans toute l&rsquo;Europe.<\/span><\/i><span style=\"font-weight: 400;\"> &#8211; raconte <\/span><b>Emy <\/b><span style=\"font-weight: 400;\">&#8211;<\/span><i><span style=\"font-weight: 400;\">  pousse \u00e0 plus de 2000 m\u00e8tres.<br \/>\nPour ma part, je la cultive \u00e0 1400 m\u00e8tres d&rsquo;altitude et j&rsquo;essaie donc de l&rsquo;apprivoiser.<br \/>\n\u00c0 part l&rsquo;eau et le soleil, il n&rsquo;y a rien de chimique dans mes semis  <\/span><\/i><span style=\"font-weight: 400;\">\u00ab\u00a0.<\/span><\/p>\n<p><b>UTILISER :<\/b><\/p>\n<p><span style=\"font-weight: 400;\">Le  <\/span><b>montagne s\u00e9ch\u00e9e g\u00e9n\u00e9py  <\/b><span style=\"font-weight: 400;\">est utilis\u00e9 pour produire le c\u00e9l\u00e8bre  <\/span><b>liqueur  <\/b><span style=\"font-weight: 400;\">Le Val d&rsquo;Aoste, \u00e9galement connu sous le nom de  <\/span><b>G\u00e9n\u00e9py<\/b><span style=\"font-weight: 400;\">du nom de la plante dont il est issu.<\/span><\/p>\n<p><span style=\"font-weight: 400;\">Pour obtenir cette liqueur typique, il faut faire mac\u00e9rer les  <\/span><b>plantules s\u00e9ch\u00e9es de g\u00e9n\u00e9py<\/b><span style=\"font-weight: 400;\">  dans le<\/span><b>l&rsquo;alcool  <\/b><span style=\"font-weight: 400;\">pour au moins  <\/span><b>un mois<\/b><span style=\"font-weight: 400;\">  puis diluer la perfusion obtenue avec une solution de  <\/span><b>l&rsquo;eau<\/b><span style=\"font-weight: 400;\">  e<\/span><b>  sucre<\/b><span style=\"font-weight: 400;\">.  <\/span><\/p>\n<p><span style=\"font-weight: 400;\">Et voil\u00e0 : les jeux sont faits !<\/span><\/p>\n<p>&nbsp;<\/p>\n<h2><b>La recette du g\u00e9n\u00e9py maison<\/b><\/h2>\n<p><span style=\"font-weight: 400;\">Enfin, dans la bo\u00eete \u00ab\u00a0<\/span><b>G\u00e9n\u00e9py \u00e0 faire soi-m\u00eame<\/b><span style=\"font-weight: 400;\">\u00ab\u00a0vous ne pouviez pas manquer la <\/span><b>recette secr\u00e8te du G\u00e9n\u00e9py maison<\/b><span style=\"font-weight: 400;\">. <\/span><span style=\"font-weight: 400;\">Mais pas qu&rsquo;une recette !<\/span><span style=\"font-weight: 400;\">Saviez-vous qu&rsquo;il existe <\/span><b>qu&rsquo;il existe une variante de la liqueur classique du Valdostan<\/b><span style=\"font-weight: 400;\">?<\/span><\/p>\n<p><span style=\"font-weight: 400;\">C&rsquo;est bien cela !<br \/>\nDans la bo\u00eete \u00a0\u00bb <\/span><b>G\u00e9n\u00e9py Fait Maison<\/b><span style=\"font-weight: 400;\">\u00ab\u00a0nous vous donnerons en fait les deux  <\/span><b>G\u00e9n\u00e9py Classic<\/b><span style=\"font-weight: 400;\">\u00e0 la fois pour pr\u00e9parer la  <\/span><b>G\u00e9n\u00e9py Blanc Suspension<\/b><span style=\"font-weight: 400;\">.<\/span><\/p>\n<p><span style=\"font-weight: 400;\">Tous deux sont obtenus \u00e0 partir de la  <\/span><b>plantules s\u00e9ch\u00e9es de g\u00e9n\u00e9py<\/b><span style=\"font-weight: 400;\">mais le processus de pr\u00e9paration est diff\u00e9rent, tout comme le r\u00e9sultat.<\/span><\/p>\n<p><span style=\"font-weight: 400;\">Laissez-vous surprendre par ces deux recettes traditionnelles, testez-les dans votre propre cuisine et d\u00e9couvrez votre version pr\u00e9f\u00e9r\u00e9e du G\u00e9n\u00e9py.<\/span><\/p>\n<p><b>LES INGR\u00c9DIENTS POUR LA FABRICATION D&rsquo;UN G\u00c9N\u00c9PI MAISON :<\/b><\/p>\n<p><span style=\"font-weight: 400;\">l&rsquo;eau<\/span><\/p>\n<p><span style=\"font-weight: 400;\">l&rsquo;alcool<\/span><\/p>\n<p><span style=\"font-weight: 400;\">sucre<\/span><\/p>\n<p><span style=\"font-weight: 400;\">Inflorescences s\u00e9ch\u00e9es d&rsquo;Artemisia Umbelliformis<\/span><\/p>\n<p>&nbsp;<\/p>\n<p><a href=\"https:\/\/www.tascapan.com\/1485\/il-genepy-valle-daosta-da-emy\/\"><b>EN SAVOIR PLUS SUR LE GENEPY, LA LIQUEUR TYPIQUE VALD\u00d4TAINE, ET D\u00c9COUVRIR COMMENT VOUS POUVEZ LA PR\u00c9PARER \u00c0 LA MAISON<\/b><\/a><\/p>\n","protected":false},"excerpt":{"rendered":"<p><b>\u20ac 13,00<\/b><\/p>\n<p><b><i>Ce que contient la bo\u00eete  <\/i><\/b><b>\u00ab\u00a0<\/b><b><i>G\u00e9n\u00e9py Fait Maison<\/i><\/b><b>\u00ab\u00a0<\/b><b><i>?<\/i><\/b><\/p>\n<p>&nbsp;<\/p>\n<p><b>1 Bocal en verre avec fermeture herm\u00e9tique (1 l)<\/b><\/p>\n<p><b>1 sachet de G\u00e9n\u00e9py da Emy s\u00e9ch\u00e9<\/b><\/p>\n<p><b>La recette G\u00e9n\u00e9py pour la r\u00e9aliser \u00e0 la maison<\/b><\/p>\n<p>&nbsp;<\/p>\n<p><b>TOUT CE DONT VOUS AVEZ BESOIN POUR PR\u00c9PARER UNE LIQUEUR DE GENI\u00c8VRE MAISON :<\/b><\/p>\n<p><b>La G\u00e9n\u00e9py  <\/b><span style=\"font-weight: 400;\">est le  <\/span><b>liqueur typique  <\/b><span style=\"font-weight: 400;\">de la petite r\u00e9gion du nord de l&rsquo;Italie nich\u00e9e dans les Alpes :<\/span><b>  la Vall\u00e9e d&rsquo;Aoste<\/b><span style=\"font-weight: 400;\">.  <\/span><\/p>\n<p><span style=\"font-weight: 400;\">Il s&rsquo;agit d&rsquo;une liqueur qui sent les montagnes et qui incarne dans son go\u00fbt la saveur de la vall\u00e9e.  <\/span><\/p>\n<p><b>Emilia Berthod<\/b><span style=\"font-weight: 400;\">  produit cette liqueur depuis plusieurs ann\u00e9es, cultivant avec passion ses plants, qu&rsquo;il utilise ensuite pour la production des distillats.  <\/span><\/p>\n<p><span style=\"font-weight: 400;\">La production de la  <\/span><b>Liqueur G\u00e9n\u00e9py<\/b><span style=\"font-weight: 400;\">  ne n\u00e9cessite que du g\u00e9n\u00e9pi s\u00e9ch\u00e9, de l&rsquo;alcool, de l&rsquo;eau et du sucre.  <\/span><\/p>\n<p><span style=\"font-weight: 400;\">\u00c0 l&rsquo;int\u00e9rieur de cette bo\u00eete, vous trouverez tout ce dont vous avez besoin pour cr\u00e9er votre propre  <\/span><b>g\u00e9n\u00e9py maison<\/b><span style=\"font-weight: 400;\">!<\/span><\/p>\n","protected":false},"featured_media":34206,"comment_status":"open","ping_status":"closed","template":"","meta":{"_acf_changed":false,"_monsterinsights_skip_tracking":false,"_monsterinsights_sitenote_active":false,"_monsterinsights_sitenote_note":"","_monsterinsights_sitenote_category":0},"product_brand":[],"product_cat":[1926],"product_tag":[],"class_list":{"0":"post-32920","1":"product","2":"type-product","3":"status-publish","4":"has-post-thumbnail","6":"product_cat-autres","7":"pa_producer-de-emy","9":"first","10":"instock","11":"featured","12":"taxable","13":"shipping-taxable","14":"product-type-external"},"acf":[],"yoast_head":"<!-- This site is optimized with the Yoast SEO Premium plugin v25.0 (Yoast SEO v26.8) - https:\/\/yoast.com\/product\/yoast-seo-premium-wordpress\/ -->\n<title>Recette du G\u00e9n\u00e9py vald\u00f4tain - Pr\u00e9parez-le \u00e0 l&#039;ancienne<\/title>\n<meta name=\"description\" content=\"Pr\u00e9parez le d\u00e9licieux G\u00e9n\u00e9py vald\u00f4tain \u00e0 la maison, comme le veut la tradition. Une recette simple qui fait chaud au c\u0153ur, \u00e0 essayer d\u00e8s maintenant !\" \/>\n<meta name=\"robots\" content=\"index, follow, max-snippet:-1, max-image-preview:large, max-video-preview:-1\" \/>\n<link rel=\"canonical\" href=\"https:\/\/www.tascapan.com\/fr\/prodotto\/genepy-do-it-yourself\/\" \/>\n<meta property=\"og:locale\" content=\"fr_FR\" \/>\n<meta property=\"og:type\" content=\"article\" \/>\n<meta property=\"og:title\" content=\"G\u00e9n\u00e9py Fait Maison\" \/>\n<meta property=\"og:description\" content=\"Pr\u00e9parez le d\u00e9licieux G\u00e9n\u00e9py vald\u00f4tain \u00e0 la maison, comme le veut la tradition. Une recette simple qui fait chaud au c\u0153ur, \u00e0 essayer d\u00e8s maintenant !\" \/>\n<meta property=\"og:url\" content=\"https:\/\/www.tascapan.com\/fr\/prodotto\/genepy-do-it-yourself\/\" \/>\n<meta property=\"og:site_name\" content=\"Tascapan\" \/>\n<meta property=\"article:modified_time\" content=\"2024-09-19T17:44:45+00:00\" \/>\n<meta property=\"og:image\" content=\"https:\/\/www.tascapan.com\/wp-content\/uploads\/2023\/05\/MG_9969_11zon-scaled.jpg\" \/>\n\t<meta property=\"og:image:width\" content=\"2000\" \/>\n\t<meta property=\"og:image:height\" content=\"1334\" \/>\n\t<meta property=\"og:image:type\" content=\"image\/jpeg\" \/>\n<meta name=\"twitter:card\" content=\"summary_large_image\" \/>\n<meta name=\"twitter:label1\" content=\"Dur\u00e9e de lecture estim\u00e9e\" \/>\n\t<meta name=\"twitter:data1\" content=\"3 minutes\" \/>\n<script type=\"application\/ld+json\" class=\"yoast-schema-graph\">{\"@context\":\"https:\/\/schema.org\",\"@graph\":[{\"@type\":\"WebPage\",\"@id\":\"https:\/\/www.tascapan.com\/fr\/prodotto\/genepy-do-it-yourself\/\",\"url\":\"https:\/\/www.tascapan.com\/fr\/prodotto\/genepy-do-it-yourself\/\",\"name\":\"Recette du G\u00e9n\u00e9py vald\u00f4tain - Pr\u00e9parez-le \u00e0 l'ancienne\",\"isPartOf\":{\"@id\":\"https:\/\/www.tascapan.com\/#website\"},\"primaryImageOfPage\":{\"@id\":\"https:\/\/www.tascapan.com\/fr\/prodotto\/genepy-do-it-yourself\/#primaryimage\"},\"image\":{\"@id\":\"https:\/\/www.tascapan.com\/fr\/prodotto\/genepy-do-it-yourself\/#primaryimage\"},\"thumbnailUrl\":\"https:\/\/www.tascapan.com\/wp-content\/uploads\/2023\/05\/MG_9969_11zon-scaled.jpg\",\"datePublished\":\"2023-05-03T09:26:00+00:00\",\"dateModified\":\"2024-09-19T17:44:45+00:00\",\"description\":\"Pr\u00e9parez le d\u00e9licieux G\u00e9n\u00e9py vald\u00f4tain \u00e0 la maison, comme le veut la tradition. Une recette simple qui fait chaud au c\u0153ur, \u00e0 essayer d\u00e8s maintenant !\",\"breadcrumb\":{\"@id\":\"https:\/\/www.tascapan.com\/fr\/prodotto\/genepy-do-it-yourself\/#breadcrumb\"},\"inLanguage\":\"fr-FR\",\"potentialAction\":[{\"@type\":\"ReadAction\",\"target\":[\"https:\/\/www.tascapan.com\/fr\/prodotto\/genepy-do-it-yourself\/\"]}]},{\"@type\":\"ImageObject\",\"inLanguage\":\"fr-FR\",\"@id\":\"https:\/\/www.tascapan.com\/fr\/prodotto\/genepy-do-it-yourself\/#primaryimage\",\"url\":\"https:\/\/www.tascapan.com\/wp-content\/uploads\/2023\/05\/MG_9969_11zon-scaled.jpg\",\"contentUrl\":\"https:\/\/www.tascapan.com\/wp-content\/uploads\/2023\/05\/MG_9969_11zon-scaled.jpg\",\"width\":2000,\"height\":1334},{\"@type\":\"BreadcrumbList\",\"@id\":\"https:\/\/www.tascapan.com\/fr\/prodotto\/genepy-do-it-yourself\/#breadcrumb\",\"itemListElement\":[{\"@type\":\"ListItem\",\"position\":1,\"name\":\"Home\",\"item\":\"https:\/\/www.tascapan.com\/fr\/\"},{\"@type\":\"ListItem\",\"position\":2,\"name\":\"Boutique\",\"item\":\"https:\/\/www.tascapan.com\/fr\/boutique\/\"},{\"@type\":\"ListItem\",\"position\":3,\"name\":\"G\u00e9n\u00e9py Fait Maison\"}]},{\"@type\":\"WebSite\",\"@id\":\"https:\/\/www.tascapan.com\/#website\",\"url\":\"https:\/\/www.tascapan.com\/\",\"name\":\"Tascapan\",\"description\":\"Prodotti Tipici della Valle d&#039;Aosta\",\"publisher\":{\"@id\":\"https:\/\/www.tascapan.com\/#organization\"},\"potentialAction\":[{\"@type\":\"SearchAction\",\"target\":{\"@type\":\"EntryPoint\",\"urlTemplate\":\"https:\/\/www.tascapan.com\/?s={search_term_string}\"},\"query-input\":{\"@type\":\"PropertyValueSpecification\",\"valueRequired\":true,\"valueName\":\"search_term_string\"}}],\"inLanguage\":\"fr-FR\"},{\"@type\":\"Organization\",\"@id\":\"https:\/\/www.tascapan.com\/#organization\",\"name\":\"Tascapan\",\"url\":\"https:\/\/www.tascapan.com\/\",\"logo\":{\"@type\":\"ImageObject\",\"inLanguage\":\"fr-FR\",\"@id\":\"https:\/\/www.tascapan.com\/#\/schema\/logo\/image\/\",\"url\":\"\",\"contentUrl\":\"\",\"caption\":\"Tascapan\"},\"image\":{\"@id\":\"https:\/\/www.tascapan.com\/#\/schema\/logo\/image\/\"}}]}<\/script>\n<!-- \/ Yoast SEO Premium plugin. -->","yoast_head_json":{"title":"Recette du G\u00e9n\u00e9py vald\u00f4tain - Pr\u00e9parez-le \u00e0 l'ancienne","description":"Pr\u00e9parez le d\u00e9licieux G\u00e9n\u00e9py vald\u00f4tain \u00e0 la maison, comme le veut la tradition. Une recette simple qui fait chaud au c\u0153ur, \u00e0 essayer d\u00e8s maintenant !","robots":{"index":"index","follow":"follow","max-snippet":"max-snippet:-1","max-image-preview":"max-image-preview:large","max-video-preview":"max-video-preview:-1"},"canonical":"https:\/\/www.tascapan.com\/fr\/prodotto\/genepy-do-it-yourself\/","og_locale":"fr_FR","og_type":"article","og_title":"G\u00e9n\u00e9py Fait Maison","og_description":"Pr\u00e9parez le d\u00e9licieux G\u00e9n\u00e9py vald\u00f4tain \u00e0 la maison, comme le veut la tradition. Une recette simple qui fait chaud au c\u0153ur, \u00e0 essayer d\u00e8s maintenant !","og_url":"https:\/\/www.tascapan.com\/fr\/prodotto\/genepy-do-it-yourself\/","og_site_name":"Tascapan","article_modified_time":"2024-09-19T17:44:45+00:00","og_image":[{"width":2000,"height":1334,"url":"https:\/\/www.tascapan.com\/wp-content\/uploads\/2023\/05\/MG_9969_11zon-scaled.jpg","type":"image\/jpeg"}],"twitter_card":"summary_large_image","twitter_misc":{"Dur\u00e9e de lecture estim\u00e9e":"3 minutes"},"schema":{"@context":"https:\/\/schema.org","@graph":[{"@type":"WebPage","@id":"https:\/\/www.tascapan.com\/fr\/prodotto\/genepy-do-it-yourself\/","url":"https:\/\/www.tascapan.com\/fr\/prodotto\/genepy-do-it-yourself\/","name":"Recette du G\u00e9n\u00e9py vald\u00f4tain - Pr\u00e9parez-le \u00e0 l'ancienne","isPartOf":{"@id":"https:\/\/www.tascapan.com\/#website"},"primaryImageOfPage":{"@id":"https:\/\/www.tascapan.com\/fr\/prodotto\/genepy-do-it-yourself\/#primaryimage"},"image":{"@id":"https:\/\/www.tascapan.com\/fr\/prodotto\/genepy-do-it-yourself\/#primaryimage"},"thumbnailUrl":"https:\/\/www.tascapan.com\/wp-content\/uploads\/2023\/05\/MG_9969_11zon-scaled.jpg","datePublished":"2023-05-03T09:26:00+00:00","dateModified":"2024-09-19T17:44:45+00:00","description":"Pr\u00e9parez le d\u00e9licieux G\u00e9n\u00e9py vald\u00f4tain \u00e0 la maison, comme le veut la tradition. Une recette simple qui fait chaud au c\u0153ur, \u00e0 essayer d\u00e8s maintenant !","breadcrumb":{"@id":"https:\/\/www.tascapan.com\/fr\/prodotto\/genepy-do-it-yourself\/#breadcrumb"},"inLanguage":"fr-FR","potentialAction":[{"@type":"ReadAction","target":["https:\/\/www.tascapan.com\/fr\/prodotto\/genepy-do-it-yourself\/"]}]},{"@type":"ImageObject","inLanguage":"fr-FR","@id":"https:\/\/www.tascapan.com\/fr\/prodotto\/genepy-do-it-yourself\/#primaryimage","url":"https:\/\/www.tascapan.com\/wp-content\/uploads\/2023\/05\/MG_9969_11zon-scaled.jpg","contentUrl":"https:\/\/www.tascapan.com\/wp-content\/uploads\/2023\/05\/MG_9969_11zon-scaled.jpg","width":2000,"height":1334},{"@type":"BreadcrumbList","@id":"https:\/\/www.tascapan.com\/fr\/prodotto\/genepy-do-it-yourself\/#breadcrumb","itemListElement":[{"@type":"ListItem","position":1,"name":"Home","item":"https:\/\/www.tascapan.com\/fr\/"},{"@type":"ListItem","position":2,"name":"Boutique","item":"https:\/\/www.tascapan.com\/fr\/boutique\/"},{"@type":"ListItem","position":3,"name":"G\u00e9n\u00e9py Fait Maison"}]},{"@type":"WebSite","@id":"https:\/\/www.tascapan.com\/#website","url":"https:\/\/www.tascapan.com\/","name":"Tascapan","description":"Prodotti Tipici della Valle d&#039;Aosta","publisher":{"@id":"https:\/\/www.tascapan.com\/#organization"},"potentialAction":[{"@type":"SearchAction","target":{"@type":"EntryPoint","urlTemplate":"https:\/\/www.tascapan.com\/?s={search_term_string}"},"query-input":{"@type":"PropertyValueSpecification","valueRequired":true,"valueName":"search_term_string"}}],"inLanguage":"fr-FR"},{"@type":"Organization","@id":"https:\/\/www.tascapan.com\/#organization","name":"Tascapan","url":"https:\/\/www.tascapan.com\/","logo":{"@type":"ImageObject","inLanguage":"fr-FR","@id":"https:\/\/www.tascapan.com\/#\/schema\/logo\/image\/","url":"","contentUrl":"","caption":"Tascapan"},"image":{"@id":"https:\/\/www.tascapan.com\/#\/schema\/logo\/image\/"}}]}},"_links":{"self":[{"href":"https:\/\/www.tascapan.com\/fr\/wp-json\/wp\/v2\/product\/32920","targetHints":{"allow":["GET"]}}],"collection":[{"href":"https:\/\/www.tascapan.com\/fr\/wp-json\/wp\/v2\/product"}],"about":[{"href":"https:\/\/www.tascapan.com\/fr\/wp-json\/wp\/v2\/types\/product"}],"replies":[{"embeddable":true,"href":"https:\/\/www.tascapan.com\/fr\/wp-json\/wp\/v2\/comments?post=32920"}],"wp:featuredmedia":[{"embeddable":true,"href":"https:\/\/www.tascapan.com\/fr\/wp-json\/wp\/v2\/media\/34206"}],"wp:attachment":[{"href":"https:\/\/www.tascapan.com\/fr\/wp-json\/wp\/v2\/media?parent=32920"}],"wp:term":[{"taxonomy":"product_brand","embeddable":true,"href":"https:\/\/www.tascapan.com\/fr\/wp-json\/wp\/v2\/product_brand?post=32920"},{"taxonomy":"product_cat","embeddable":true,"href":"https:\/\/www.tascapan.com\/fr\/wp-json\/wp\/v2\/product_cat?post=32920"},{"taxonomy":"product_tag","embeddable":true,"href":"https:\/\/www.tascapan.com\/fr\/wp-json\/wp\/v2\/product_tag?post=32920"}],"curies":[{"name":"wp","href":"https:\/\/api.w.org\/{rel}","templated":true}]}}