{"id":32810,"date":"2023-04-18T16:10:17","date_gmt":"2023-04-18T14:10:17","guid":{"rendered":"https:\/\/www.tascapan.com\/prodotto\/les-liqueurs-de-tradition\/"},"modified":"2025-04-12T01:54:37","modified_gmt":"2025-04-11T23:54:37","slug":"les-liqueurs-de-tradition","status":"publish","type":"product","link":"https:\/\/www.tascapan.com\/fr\/prodotto\/les-liqueurs-de-tradition\/","title":{"rendered":"Les liqueurs de tradition"},"content":{"rendered":"<h2><b>Le G\u00e9n\u00e9py classique <a href=\"https:\/\/www.tascapan.com\/producer\/da-emy-azienda-agricola\/\">chez Emy&rsquo;s<\/a><\/b><\/h2>\n<p><span style=\"font-weight: 400;\">La <a href=\"https:\/\/www.tascapan.com\/prodotto\/genepy-il-liquore-da-emy\/\">G\u00e9n\u00e9py<\/a> est la<\/span><span style=\"font-weight: 400;\"> <\/span><b>liqueur <\/b><b>typique de <\/b><b>la Vall\u00e9e<\/b><span style=\"font-weight: 400;\"> d<\/span><b>&lsquo;Aoste<\/b><span style=\"font-weight: 400;\">, parfum\u00e9e et savoureuse : elle a le go\u00fbt des Alpes et est donc tr\u00e8s connue et appr\u00e9ci\u00e9e par les Vald\u00f4tains<\/span><span style=\"font-weight: 400;\">. <\/span><span style=\"font-weight: 400;\">  base de  <\/span><b>l&rsquo;alcool  <\/b><span style=\"font-weight: 400;\">e  <\/span><b>inflorescences s\u00e9ch\u00e9es du plant du m\u00eame nom<\/b><span style=\"font-weight: 400;\">une herbe qui pousse en montagne, \u00e0 tr\u00e8s haute altitude.<\/span><\/p>\n<p><span style=\"font-weight: 400;\">Vous le trouverez ici dans la version  <\/span><b>classique<\/b><span style=\"font-weight: 400;\">obtenu \u00e0 partir de la  <\/span><b>mac\u00e9ration<\/b><span style=\"font-weight: 400;\">  les semis de  <\/span><b>dans l&rsquo;alcool<\/b><span style=\"font-weight: 400;\">.<\/span><\/p>\n<p><b>INGR\u00c9DIENTS :<\/b><\/p>\n<p><span style=\"font-weight: 400;\">Eau, alcool, sucre, inflorescences s\u00e9ch\u00e9es d&rsquo;Artemisia Umbelliformis<\/span><\/p>\n<p><b>BOUTEILLE :<\/b><\/p>\n<p><b>500 ml<\/b><\/p>\n<p>&nbsp;<\/p>\n<h2><b>Le G\u00e9n\u00e9py blanc <a href=\"https:\/\/www.tascapan.com\/producer\/da-emy-azienda-agricola\/\">chez Emy&rsquo;s<\/a><\/b><\/h2>\n<p>  Cette version<b> <\/b><span style=\"font-weight: 400;\">est obtenu par un proc\u00e9d\u00e9 diff\u00e9rent de celui utilis\u00e9 pour la production de la liqueur classique.<\/span><\/p>\n<p><span style=\"font-weight: 400;\">Pour obtenir ce que l&rsquo;on appelle le  <\/span><a href=\"https:\/\/www.tascapan.com\/prodotto\/genepy-bianco-da-emy\/\"><b>G\u00e9n\u00e9py blanc<\/b><\/a><span style=\"font-weight: 400;\">  il faut passer par l&rsquo;autodistillation et non la mac\u00e9ration des plants aromatiques :<\/span><\/p>\n<p><span style=\"font-weight: 400;\">Le  <\/span><b>Inflorescences d&rsquo;Artemisia Umbelliformis  <\/b><span style=\"font-weight: 400;\">sont envelopp\u00e9s dans un tissu et simplement laiss\u00e9s  <\/span><b>en suspension<\/b><span style=\"font-weight: 400;\">  au-dessus de la bouteille contenant l&rsquo;alcool,  <\/span><b>apr\u00e8s environ 60 jours<\/b><span style=\"font-weight: 400;\">il se chargera des ar\u00f4mes des plantules s\u00e9ch\u00e9es et changera donc de go\u00fbt.<\/span><\/p>\n<p><b>INGR\u00c9DIENTS :<\/b><\/p>\n<p><span style=\"font-weight: 400;\">Eau, alcool, sucre, inflorescences s\u00e9ch\u00e9es d&rsquo;Artemisia Umbelliformis<\/span><\/p>\n<p><b>BOUTEILLE :<\/b><\/p>\n<p><b>500 ml<\/b><\/p>\n<p><a href=\"https:\/\/www.tascapan.com\/1485\/il-genepy-valle-daosta-da-emy\/\"><b>EN SAVOIR PLUS SUR GENEPY<\/b><\/a><\/p>\n","protected":false},"excerpt":{"rendered":"<p><b>\u20ac40,00<\/b><b><i>Que contient la bo\u00eete ? <\/i><\/b><b><i>\u00ab\u00a0Liqueurs de Tradition&rsquo; ?<\/i><\/b><b>1 G\u00e9n\u00e9py Classic d&rsquo;Emy (0,5 l)<\/b><b>1 G\u00e9n\u00e9py Blanc d&rsquo;Emy (0.5 l)<\/b><span style=\"font-weight: 400;\">Un <strong>coffret aux senteurs alpines authentiques<\/strong>. <\/span><span style=\"font-weight: 400;\">L&rsquo;ar\u00f4me intense de la plante de <strong>g\u00e9n\u00e9pi<\/strong>, le parfum de la liqueur et une perception intense de l&rsquo;environnement. <\/span><span style=\"font-weight: 400;\"><strong>l&rsquo;<\/strong> odeur de<strong>la liqueur<\/strong> et une intense perception de la maison : <\/span><span style=\"font-weight: 400;\"><strong>nous vous pr\u00e9sentons la Vall\u00e9e d&rsquo;Aoste en bouteille<\/strong>!<\/span><\/p>\n","protected":false},"featured_media":32814,"comment_status":"open","ping_status":"closed","template":"","meta":{"_acf_changed":false,"_monsterinsights_skip_tracking":false,"_monsterinsights_sitenote_active":false,"_monsterinsights_sitenote_note":"","_monsterinsights_sitenote_category":0},"product_brand":[],"product_cat":[1922],"product_tag":[],"class_list":{"0":"post-32810","1":"product","2":"type-product","3":"status-publish","4":"has-post-thumbnail","6":"product_cat-a-boire","7":"pa_producer-de-emy","9":"first","10":"instock","11":"taxable","12":"shipping-taxable","13":"product-type-external"},"acf":[],"yoast_head":"<!-- This site is optimized with the Yoast SEO Premium plugin v25.0 (Yoast SEO v26.8) - https:\/\/yoast.com\/product\/yoast-seo-premium-wordpress\/ -->\n<title>Liqueurs de la Vall\u00e9e d&#039;Aoste - de Emy - Tascapan<\/title>\n<meta name=\"description\" content=\"Les liqueurs de la Vall\u00e9e d&#039;Aoste, le G\u00e9n\u00e9py d&#039;Emy dans ses deux versions : classique et blanche, des boissons \u00e0 d\u00e9guster au moins une fois dans sa vie !\" \/>\n<meta name=\"robots\" content=\"index, follow, max-snippet:-1, max-image-preview:large, max-video-preview:-1\" \/>\n<link rel=\"canonical\" href=\"https:\/\/www.tascapan.com\/fr\/prodotto\/les-liqueurs-de-tradition\/\" \/>\n<meta property=\"og:locale\" content=\"fr_FR\" \/>\n<meta property=\"og:type\" content=\"article\" \/>\n<meta property=\"og:title\" content=\"Les liqueurs de tradition\" \/>\n<meta property=\"og:description\" content=\"Les liqueurs de la Vall\u00e9e d&#039;Aoste, le G\u00e9n\u00e9py d&#039;Emy dans ses deux versions : classique et blanche, des boissons \u00e0 d\u00e9guster au moins une fois dans sa vie !\" \/>\n<meta property=\"og:url\" content=\"https:\/\/www.tascapan.com\/fr\/prodotto\/les-liqueurs-de-tradition\/\" \/>\n<meta property=\"og:site_name\" content=\"Tascapan\" \/>\n<meta property=\"article:modified_time\" content=\"2025-04-11T23:54:37+00:00\" \/>\n<meta property=\"og:image\" content=\"https:\/\/www.tascapan.com\/wp-content\/uploads\/2023\/04\/ROD202303TP__MG_8951_11zon-1-scaled.jpg\" \/>\n\t<meta property=\"og:image:width\" content=\"2000\" \/>\n\t<meta property=\"og:image:height\" content=\"1334\" \/>\n\t<meta property=\"og:image:type\" content=\"image\/jpeg\" \/>\n<meta name=\"twitter:card\" content=\"summary_large_image\" \/>\n<meta name=\"twitter:label1\" content=\"Dur\u00e9e de lecture estim\u00e9e\" \/>\n\t<meta name=\"twitter:data1\" content=\"1 minute\" \/>\n<script type=\"application\/ld+json\" class=\"yoast-schema-graph\">{\"@context\":\"https:\/\/schema.org\",\"@graph\":[{\"@type\":\"WebPage\",\"@id\":\"https:\/\/www.tascapan.com\/fr\/prodotto\/les-liqueurs-de-tradition\/\",\"url\":\"https:\/\/www.tascapan.com\/fr\/prodotto\/les-liqueurs-de-tradition\/\",\"name\":\"Liqueurs de la Vall\u00e9e d'Aoste - de Emy - Tascapan\",\"isPartOf\":{\"@id\":\"https:\/\/www.tascapan.com\/#website\"},\"primaryImageOfPage\":{\"@id\":\"https:\/\/www.tascapan.com\/fr\/prodotto\/les-liqueurs-de-tradition\/#primaryimage\"},\"image\":{\"@id\":\"https:\/\/www.tascapan.com\/fr\/prodotto\/les-liqueurs-de-tradition\/#primaryimage\"},\"thumbnailUrl\":\"https:\/\/www.tascapan.com\/wp-content\/uploads\/2023\/04\/ROD202303TP__MG_8951_11zon-1-scaled.jpg\",\"datePublished\":\"2023-04-18T14:10:17+00:00\",\"dateModified\":\"2025-04-11T23:54:37+00:00\",\"description\":\"Les liqueurs de la Vall\u00e9e d'Aoste, le G\u00e9n\u00e9py d'Emy dans ses deux versions : classique et blanche, des boissons \u00e0 d\u00e9guster au moins une fois dans sa vie !\",\"breadcrumb\":{\"@id\":\"https:\/\/www.tascapan.com\/fr\/prodotto\/les-liqueurs-de-tradition\/#breadcrumb\"},\"inLanguage\":\"fr-FR\",\"potentialAction\":[{\"@type\":\"ReadAction\",\"target\":[\"https:\/\/www.tascapan.com\/fr\/prodotto\/les-liqueurs-de-tradition\/\"]}]},{\"@type\":\"ImageObject\",\"inLanguage\":\"fr-FR\",\"@id\":\"https:\/\/www.tascapan.com\/fr\/prodotto\/les-liqueurs-de-tradition\/#primaryimage\",\"url\":\"https:\/\/www.tascapan.com\/wp-content\/uploads\/2023\/04\/ROD202303TP__MG_8951_11zon-1-scaled.jpg\",\"contentUrl\":\"https:\/\/www.tascapan.com\/wp-content\/uploads\/2023\/04\/ROD202303TP__MG_8951_11zon-1-scaled.jpg\",\"width\":2000,\"height\":1334},{\"@type\":\"BreadcrumbList\",\"@id\":\"https:\/\/www.tascapan.com\/fr\/prodotto\/les-liqueurs-de-tradition\/#breadcrumb\",\"itemListElement\":[{\"@type\":\"ListItem\",\"position\":1,\"name\":\"Home\",\"item\":\"https:\/\/www.tascapan.com\/fr\/\"},{\"@type\":\"ListItem\",\"position\":2,\"name\":\"Boutique\",\"item\":\"https:\/\/www.tascapan.com\/fr\/boutique\/\"},{\"@type\":\"ListItem\",\"position\":3,\"name\":\"Les liqueurs de tradition\"}]},{\"@type\":\"WebSite\",\"@id\":\"https:\/\/www.tascapan.com\/#website\",\"url\":\"https:\/\/www.tascapan.com\/\",\"name\":\"Tascapan\",\"description\":\"Prodotti Tipici della Valle d&#039;Aosta\",\"publisher\":{\"@id\":\"https:\/\/www.tascapan.com\/#organization\"},\"potentialAction\":[{\"@type\":\"SearchAction\",\"target\":{\"@type\":\"EntryPoint\",\"urlTemplate\":\"https:\/\/www.tascapan.com\/?s={search_term_string}\"},\"query-input\":{\"@type\":\"PropertyValueSpecification\",\"valueRequired\":true,\"valueName\":\"search_term_string\"}}],\"inLanguage\":\"fr-FR\"},{\"@type\":\"Organization\",\"@id\":\"https:\/\/www.tascapan.com\/#organization\",\"name\":\"Tascapan\",\"url\":\"https:\/\/www.tascapan.com\/\",\"logo\":{\"@type\":\"ImageObject\",\"inLanguage\":\"fr-FR\",\"@id\":\"https:\/\/www.tascapan.com\/#\/schema\/logo\/image\/\",\"url\":\"\",\"contentUrl\":\"\",\"caption\":\"Tascapan\"},\"image\":{\"@id\":\"https:\/\/www.tascapan.com\/#\/schema\/logo\/image\/\"}}]}<\/script>\n<!-- \/ Yoast SEO Premium plugin. -->","yoast_head_json":{"title":"Liqueurs de la Vall\u00e9e d'Aoste - de Emy - Tascapan","description":"Les liqueurs de la Vall\u00e9e d'Aoste, le G\u00e9n\u00e9py d'Emy dans ses deux versions : classique et blanche, des boissons \u00e0 d\u00e9guster au moins une fois dans sa vie !","robots":{"index":"index","follow":"follow","max-snippet":"max-snippet:-1","max-image-preview":"max-image-preview:large","max-video-preview":"max-video-preview:-1"},"canonical":"https:\/\/www.tascapan.com\/fr\/prodotto\/les-liqueurs-de-tradition\/","og_locale":"fr_FR","og_type":"article","og_title":"Les liqueurs de tradition","og_description":"Les liqueurs de la Vall\u00e9e d'Aoste, le G\u00e9n\u00e9py d'Emy dans ses deux versions : classique et blanche, des boissons \u00e0 d\u00e9guster au moins une fois dans sa vie !","og_url":"https:\/\/www.tascapan.com\/fr\/prodotto\/les-liqueurs-de-tradition\/","og_site_name":"Tascapan","article_modified_time":"2025-04-11T23:54:37+00:00","og_image":[{"width":2000,"height":1334,"url":"https:\/\/www.tascapan.com\/wp-content\/uploads\/2023\/04\/ROD202303TP__MG_8951_11zon-1-scaled.jpg","type":"image\/jpeg"}],"twitter_card":"summary_large_image","twitter_misc":{"Dur\u00e9e de lecture estim\u00e9e":"1 minute"},"schema":{"@context":"https:\/\/schema.org","@graph":[{"@type":"WebPage","@id":"https:\/\/www.tascapan.com\/fr\/prodotto\/les-liqueurs-de-tradition\/","url":"https:\/\/www.tascapan.com\/fr\/prodotto\/les-liqueurs-de-tradition\/","name":"Liqueurs de la Vall\u00e9e d'Aoste - de Emy - Tascapan","isPartOf":{"@id":"https:\/\/www.tascapan.com\/#website"},"primaryImageOfPage":{"@id":"https:\/\/www.tascapan.com\/fr\/prodotto\/les-liqueurs-de-tradition\/#primaryimage"},"image":{"@id":"https:\/\/www.tascapan.com\/fr\/prodotto\/les-liqueurs-de-tradition\/#primaryimage"},"thumbnailUrl":"https:\/\/www.tascapan.com\/wp-content\/uploads\/2023\/04\/ROD202303TP__MG_8951_11zon-1-scaled.jpg","datePublished":"2023-04-18T14:10:17+00:00","dateModified":"2025-04-11T23:54:37+00:00","description":"Les liqueurs de la Vall\u00e9e d'Aoste, le G\u00e9n\u00e9py d'Emy dans ses deux versions : classique et blanche, des boissons \u00e0 d\u00e9guster au moins une fois dans sa vie !","breadcrumb":{"@id":"https:\/\/www.tascapan.com\/fr\/prodotto\/les-liqueurs-de-tradition\/#breadcrumb"},"inLanguage":"fr-FR","potentialAction":[{"@type":"ReadAction","target":["https:\/\/www.tascapan.com\/fr\/prodotto\/les-liqueurs-de-tradition\/"]}]},{"@type":"ImageObject","inLanguage":"fr-FR","@id":"https:\/\/www.tascapan.com\/fr\/prodotto\/les-liqueurs-de-tradition\/#primaryimage","url":"https:\/\/www.tascapan.com\/wp-content\/uploads\/2023\/04\/ROD202303TP__MG_8951_11zon-1-scaled.jpg","contentUrl":"https:\/\/www.tascapan.com\/wp-content\/uploads\/2023\/04\/ROD202303TP__MG_8951_11zon-1-scaled.jpg","width":2000,"height":1334},{"@type":"BreadcrumbList","@id":"https:\/\/www.tascapan.com\/fr\/prodotto\/les-liqueurs-de-tradition\/#breadcrumb","itemListElement":[{"@type":"ListItem","position":1,"name":"Home","item":"https:\/\/www.tascapan.com\/fr\/"},{"@type":"ListItem","position":2,"name":"Boutique","item":"https:\/\/www.tascapan.com\/fr\/boutique\/"},{"@type":"ListItem","position":3,"name":"Les liqueurs de tradition"}]},{"@type":"WebSite","@id":"https:\/\/www.tascapan.com\/#website","url":"https:\/\/www.tascapan.com\/","name":"Tascapan","description":"Prodotti Tipici della Valle d&#039;Aosta","publisher":{"@id":"https:\/\/www.tascapan.com\/#organization"},"potentialAction":[{"@type":"SearchAction","target":{"@type":"EntryPoint","urlTemplate":"https:\/\/www.tascapan.com\/?s={search_term_string}"},"query-input":{"@type":"PropertyValueSpecification","valueRequired":true,"valueName":"search_term_string"}}],"inLanguage":"fr-FR"},{"@type":"Organization","@id":"https:\/\/www.tascapan.com\/#organization","name":"Tascapan","url":"https:\/\/www.tascapan.com\/","logo":{"@type":"ImageObject","inLanguage":"fr-FR","@id":"https:\/\/www.tascapan.com\/#\/schema\/logo\/image\/","url":"","contentUrl":"","caption":"Tascapan"},"image":{"@id":"https:\/\/www.tascapan.com\/#\/schema\/logo\/image\/"}}]}},"_links":{"self":[{"href":"https:\/\/www.tascapan.com\/fr\/wp-json\/wp\/v2\/product\/32810","targetHints":{"allow":["GET"]}}],"collection":[{"href":"https:\/\/www.tascapan.com\/fr\/wp-json\/wp\/v2\/product"}],"about":[{"href":"https:\/\/www.tascapan.com\/fr\/wp-json\/wp\/v2\/types\/product"}],"replies":[{"embeddable":true,"href":"https:\/\/www.tascapan.com\/fr\/wp-json\/wp\/v2\/comments?post=32810"}],"wp:featuredmedia":[{"embeddable":true,"href":"https:\/\/www.tascapan.com\/fr\/wp-json\/wp\/v2\/media\/32814"}],"wp:attachment":[{"href":"https:\/\/www.tascapan.com\/fr\/wp-json\/wp\/v2\/media?parent=32810"}],"wp:term":[{"taxonomy":"product_brand","embeddable":true,"href":"https:\/\/www.tascapan.com\/fr\/wp-json\/wp\/v2\/product_brand?post=32810"},{"taxonomy":"product_cat","embeddable":true,"href":"https:\/\/www.tascapan.com\/fr\/wp-json\/wp\/v2\/product_cat?post=32810"},{"taxonomy":"product_tag","embeddable":true,"href":"https:\/\/www.tascapan.com\/fr\/wp-json\/wp\/v2\/product_tag?post=32810"}],"curies":[{"name":"wp","href":"https:\/\/api.w.org\/{rel}","templated":true}]}}