{"id":32520,"date":"2023-03-14T16:31:30","date_gmt":"2023-03-14T15:31:30","guid":{"rendered":"https:\/\/www.tascapan.com\/prodotto\/semis-de-genepy\/"},"modified":"2025-04-12T18:19:45","modified_gmt":"2025-04-12T16:19:45","slug":"semis-de-genepy","status":"publish","type":"product","link":"https:\/\/www.tascapan.com\/fr\/prodotto\/semis-de-genepy\/","title":{"rendered":"Semis de G\u00e9n\u00e9py"},"content":{"rendered":"<h2><b>Sachets de plants de G\u00e9n\u00e9py s\u00e9ch\u00e9s<\/b><\/h2>\n<p><span style=\"font-weight: 400;\">Les <strong>semis de <\/strong> <\/span><strong>g\u00e9n\u00e9py <\/strong><span style=\"font-weight: 400;\">sont pr\u00e9cieuses <\/span><b>herbes<\/b><span style=\"font-weight: 400;\">  typique des zones de haute montagne.<br \/>\nLe G\u00e9n\u00e9py pousse dans les Alpes \u00e0 des altitudes comprises entre 1700 et 3500 m\u00e8tres.<br \/>\nIl est utilis\u00e9 pour la production de la liqueur homonyme typique de la Vall\u00e9e d&rsquo;Aoste.  <\/span><\/p>\n<p><span style=\"font-weight: 400;\">Le plant de g\u00e9n\u00e9py que nous vous enverrons provient de la <\/span><b>culture 100% biologique<\/b><span style=\"font-weight: 400;\"> par <\/span><b>Emilia Berthod<\/b><span style=\"font-weight: 400;\">qui cultive des plants sauvages de montagne avec beaucoup de passion et de d\u00e9vouement depuis 2002. <\/span><i><span style=\"font-weight: 400;\">\u00ab\u00a0Le g\u00e9n\u00e9pi est une plante tr\u00e8s commune dans les Alpes et en g\u00e9n\u00e9ral dans toute l&rsquo;Europe.<\/span><\/i><span style=\"font-weight: 400;\"> &#8211; raconte <\/span><b>Emy <\/b><span style=\"font-weight: 400;\">&#8211;<\/span><i><span style=\"font-weight: 400;\">  pousse \u00e0 plus de 2000 m\u00e8tres.<br \/>\nPour ma part, je la cultive \u00e0 1400 m\u00e8tres d&rsquo;altitude et j&rsquo;essaie donc de l&rsquo;apprivoiser.<br \/>\n\u00c0 part l&rsquo;eau et le soleil, il n&rsquo;y a rien de chimique dans mes semis  <\/span><\/i><span style=\"font-weight: 400;\">\u00ab\u00a0.<\/span><\/p>\n<p><b>UTILISER :<\/b><\/p>\n<p><span style=\"font-weight: 400;\">Le  <\/span><b>montagne s\u00e9ch\u00e9e g\u00e9n\u00e9py  <\/b><span style=\"font-weight: 400;\">est utilis\u00e9 pour produire le c\u00e9l\u00e8bre  <\/span><b>liqueur  <\/b><span style=\"font-weight: 400;\">Le Val d&rsquo;Aoste, \u00e9galement connu sous le nom de  <\/span><b>G\u00e9n\u00e9py<\/b><span style=\"font-weight: 400;\">du nom de la plante dont il est issu.<\/span><\/p>\n<p><span style=\"font-weight: 400;\">Pour obtenir cette liqueur typique, il faut faire mac\u00e9rer les  <\/span><b>plantules s\u00e9ch\u00e9es de g\u00e9n\u00e9py<\/b><span style=\"font-weight: 400;\">  dans le<\/span><b>l&rsquo;alcool  <\/b><span style=\"font-weight: 400;\">pour au moins  <\/span><b>un mois<\/b><span style=\"font-weight: 400;\">  puis diluer la perfusion obtenue avec une solution de  <\/span><b>l&rsquo;eau<\/b><span style=\"font-weight: 400;\">  e<\/span><b>  sucre<\/b><span style=\"font-weight: 400;\">.  <\/span><\/p>\n<p><span style=\"font-weight: 400;\">Et voil\u00e0 : les jeux sont faits !<\/span><\/p>\n<p>&nbsp;<\/p>\n<p><em>(Informations extraites du livre \u00ab\u00a0Fleurs et plantes m\u00e9dicinales &#8211; Sant\u00e9 et beaut\u00e9 de l&rsquo;homme\u00a0\u00bb d&rsquo;Aldo Poletti)<\/em><\/p>\n<p><a href=\"https:\/\/www.tascapan.com\/1489\/le-piantine-di-montagna-azienda-agricola-da-emy\/\"><b>EN SAVOIR PLUS SUR GENEPY ET LA M\u00c9THODE DE CULTURE  <\/b><\/a><\/p>\n","protected":false},"excerpt":{"rendered":"<p><b>\u20ac 7,00<\/b><b><i>G\u00e9n\u00e9py Semis<\/i><\/b><b>1 Sachet de G\u00e9n\u00e9py s\u00e9ch\u00e9 par Emy<\/b><\/p>\n<p><span style=\"font-weight: 400;\">Avec les plants de G\u00e9n\u00e9py, vous pouvez pr\u00e9parer de d\u00e9licieuses tisanes ou la typique liqueur vald\u00f4taine \u00e0 offrir \u00e0 vos invit\u00e9s.<br \/>\nTout ce dont vous avez besoin, c&rsquo;est de cette herbe aromatique naturelle s\u00e9ch\u00e9e, issue d&rsquo;une culture 100% biologique. <\/span><\/p>\n","protected":false},"featured_media":33666,"comment_status":"open","ping_status":"closed","template":"","meta":{"_acf_changed":false,"_monsterinsights_skip_tracking":false,"_monsterinsights_sitenote_active":false,"_monsterinsights_sitenote_note":"","_monsterinsights_sitenote_category":0},"product_brand":[],"product_cat":[1926],"product_tag":[],"class_list":{"0":"post-32520","1":"product","2":"type-product","3":"status-publish","4":"has-post-thumbnail","6":"product_cat-autres","7":"pa_producer-de-emy","9":"first","10":"instock","11":"featured","12":"taxable","13":"shipping-taxable","14":"product-type-external"},"acf":[],"yoast_head":"<!-- This site is optimized with the Yoast SEO Premium plugin v25.0 (Yoast SEO v26.8) - https:\/\/yoast.com\/product\/yoast-seo-premium-wordpress\/ -->\n<title>G\u00e9n\u00e9py semis - Artemisa Umbelliformis Valle d&#039;Aosta - From Emy<\/title>\n<meta name=\"description\" content=\"Les plants de g\u00e9n\u00e9pi aromatique sont utilis\u00e9s pour produire la liqueur typique des Alpes occidentales. D\u00e9couvrez les herbes m\u00e9dicinales de montagne sur Tascapan !\" \/>\n<meta name=\"robots\" content=\"index, follow, max-snippet:-1, max-image-preview:large, max-video-preview:-1\" \/>\n<link rel=\"canonical\" href=\"https:\/\/www.tascapan.com\/fr\/prodotto\/semis-de-genepy\/\" \/>\n<meta property=\"og:locale\" content=\"fr_FR\" \/>\n<meta property=\"og:type\" content=\"article\" \/>\n<meta property=\"og:title\" content=\"Semis de G\u00e9n\u00e9py\" \/>\n<meta property=\"og:description\" content=\"Les plants de g\u00e9n\u00e9pi aromatique sont utilis\u00e9s pour produire la liqueur typique des Alpes occidentales. D\u00e9couvrez les herbes m\u00e9dicinales de montagne sur Tascapan !\" \/>\n<meta property=\"og:url\" content=\"https:\/\/www.tascapan.com\/fr\/prodotto\/semis-de-genepy\/\" \/>\n<meta property=\"og:site_name\" content=\"Tascapan\" \/>\n<meta property=\"article:modified_time\" content=\"2025-04-12T16:19:45+00:00\" \/>\n<meta property=\"og:image\" content=\"https:\/\/www.tascapan.com\/wp-content\/uploads\/2023\/04\/ROD202303TP__MG_8839_11zon-scaled.jpg\" \/>\n\t<meta property=\"og:image:width\" content=\"2000\" \/>\n\t<meta property=\"og:image:height\" content=\"1500\" \/>\n\t<meta property=\"og:image:type\" content=\"image\/jpeg\" \/>\n<meta name=\"twitter:card\" content=\"summary_large_image\" \/>\n<meta name=\"twitter:label1\" content=\"Dur\u00e9e de lecture estim\u00e9e\" \/>\n\t<meta name=\"twitter:data1\" content=\"1 minute\" \/>\n<script type=\"application\/ld+json\" class=\"yoast-schema-graph\">{\"@context\":\"https:\/\/schema.org\",\"@graph\":[{\"@type\":\"WebPage\",\"@id\":\"https:\/\/www.tascapan.com\/fr\/prodotto\/semis-de-genepy\/\",\"url\":\"https:\/\/www.tascapan.com\/fr\/prodotto\/semis-de-genepy\/\",\"name\":\"G\u00e9n\u00e9py semis - Artemisa Umbelliformis Valle d'Aosta - From Emy\",\"isPartOf\":{\"@id\":\"https:\/\/www.tascapan.com\/#website\"},\"primaryImageOfPage\":{\"@id\":\"https:\/\/www.tascapan.com\/fr\/prodotto\/semis-de-genepy\/#primaryimage\"},\"image\":{\"@id\":\"https:\/\/www.tascapan.com\/fr\/prodotto\/semis-de-genepy\/#primaryimage\"},\"thumbnailUrl\":\"https:\/\/www.tascapan.com\/wp-content\/uploads\/2023\/04\/ROD202303TP__MG_8839_11zon-scaled.jpg\",\"datePublished\":\"2023-03-14T15:31:30+00:00\",\"dateModified\":\"2025-04-12T16:19:45+00:00\",\"description\":\"Les plants de g\u00e9n\u00e9pi aromatique sont utilis\u00e9s pour produire la liqueur typique des Alpes occidentales. D\u00e9couvrez les herbes m\u00e9dicinales de montagne sur Tascapan !\",\"breadcrumb\":{\"@id\":\"https:\/\/www.tascapan.com\/fr\/prodotto\/semis-de-genepy\/#breadcrumb\"},\"inLanguage\":\"fr-FR\",\"potentialAction\":[{\"@type\":\"ReadAction\",\"target\":[\"https:\/\/www.tascapan.com\/fr\/prodotto\/semis-de-genepy\/\"]}]},{\"@type\":\"ImageObject\",\"inLanguage\":\"fr-FR\",\"@id\":\"https:\/\/www.tascapan.com\/fr\/prodotto\/semis-de-genepy\/#primaryimage\",\"url\":\"https:\/\/www.tascapan.com\/wp-content\/uploads\/2023\/04\/ROD202303TP__MG_8839_11zon-scaled.jpg\",\"contentUrl\":\"https:\/\/www.tascapan.com\/wp-content\/uploads\/2023\/04\/ROD202303TP__MG_8839_11zon-scaled.jpg\",\"width\":2000,\"height\":1500},{\"@type\":\"BreadcrumbList\",\"@id\":\"https:\/\/www.tascapan.com\/fr\/prodotto\/semis-de-genepy\/#breadcrumb\",\"itemListElement\":[{\"@type\":\"ListItem\",\"position\":1,\"name\":\"Home\",\"item\":\"https:\/\/www.tascapan.com\/fr\/\"},{\"@type\":\"ListItem\",\"position\":2,\"name\":\"Boutique\",\"item\":\"https:\/\/www.tascapan.com\/fr\/boutique\/\"},{\"@type\":\"ListItem\",\"position\":3,\"name\":\"Semis de G\u00e9n\u00e9py\"}]},{\"@type\":\"WebSite\",\"@id\":\"https:\/\/www.tascapan.com\/#website\",\"url\":\"https:\/\/www.tascapan.com\/\",\"name\":\"Tascapan\",\"description\":\"Prodotti Tipici della Valle d&#039;Aosta\",\"publisher\":{\"@id\":\"https:\/\/www.tascapan.com\/#organization\"},\"potentialAction\":[{\"@type\":\"SearchAction\",\"target\":{\"@type\":\"EntryPoint\",\"urlTemplate\":\"https:\/\/www.tascapan.com\/?s={search_term_string}\"},\"query-input\":{\"@type\":\"PropertyValueSpecification\",\"valueRequired\":true,\"valueName\":\"search_term_string\"}}],\"inLanguage\":\"fr-FR\"},{\"@type\":\"Organization\",\"@id\":\"https:\/\/www.tascapan.com\/#organization\",\"name\":\"Tascapan\",\"url\":\"https:\/\/www.tascapan.com\/\",\"logo\":{\"@type\":\"ImageObject\",\"inLanguage\":\"fr-FR\",\"@id\":\"https:\/\/www.tascapan.com\/#\/schema\/logo\/image\/\",\"url\":\"\",\"contentUrl\":\"\",\"caption\":\"Tascapan\"},\"image\":{\"@id\":\"https:\/\/www.tascapan.com\/#\/schema\/logo\/image\/\"}}]}<\/script>\n<!-- \/ Yoast SEO Premium plugin. -->","yoast_head_json":{"title":"G\u00e9n\u00e9py semis - Artemisa Umbelliformis Valle d'Aosta - From Emy","description":"Les plants de g\u00e9n\u00e9pi aromatique sont utilis\u00e9s pour produire la liqueur typique des Alpes occidentales. D\u00e9couvrez les herbes m\u00e9dicinales de montagne sur Tascapan !","robots":{"index":"index","follow":"follow","max-snippet":"max-snippet:-1","max-image-preview":"max-image-preview:large","max-video-preview":"max-video-preview:-1"},"canonical":"https:\/\/www.tascapan.com\/fr\/prodotto\/semis-de-genepy\/","og_locale":"fr_FR","og_type":"article","og_title":"Semis de G\u00e9n\u00e9py","og_description":"Les plants de g\u00e9n\u00e9pi aromatique sont utilis\u00e9s pour produire la liqueur typique des Alpes occidentales. D\u00e9couvrez les herbes m\u00e9dicinales de montagne sur Tascapan !","og_url":"https:\/\/www.tascapan.com\/fr\/prodotto\/semis-de-genepy\/","og_site_name":"Tascapan","article_modified_time":"2025-04-12T16:19:45+00:00","og_image":[{"width":2000,"height":1500,"url":"https:\/\/www.tascapan.com\/wp-content\/uploads\/2023\/04\/ROD202303TP__MG_8839_11zon-scaled.jpg","type":"image\/jpeg"}],"twitter_card":"summary_large_image","twitter_misc":{"Dur\u00e9e de lecture estim\u00e9e":"1 minute"},"schema":{"@context":"https:\/\/schema.org","@graph":[{"@type":"WebPage","@id":"https:\/\/www.tascapan.com\/fr\/prodotto\/semis-de-genepy\/","url":"https:\/\/www.tascapan.com\/fr\/prodotto\/semis-de-genepy\/","name":"G\u00e9n\u00e9py semis - Artemisa Umbelliformis Valle d'Aosta - From Emy","isPartOf":{"@id":"https:\/\/www.tascapan.com\/#website"},"primaryImageOfPage":{"@id":"https:\/\/www.tascapan.com\/fr\/prodotto\/semis-de-genepy\/#primaryimage"},"image":{"@id":"https:\/\/www.tascapan.com\/fr\/prodotto\/semis-de-genepy\/#primaryimage"},"thumbnailUrl":"https:\/\/www.tascapan.com\/wp-content\/uploads\/2023\/04\/ROD202303TP__MG_8839_11zon-scaled.jpg","datePublished":"2023-03-14T15:31:30+00:00","dateModified":"2025-04-12T16:19:45+00:00","description":"Les plants de g\u00e9n\u00e9pi aromatique sont utilis\u00e9s pour produire la liqueur typique des Alpes occidentales. D\u00e9couvrez les herbes m\u00e9dicinales de montagne sur Tascapan !","breadcrumb":{"@id":"https:\/\/www.tascapan.com\/fr\/prodotto\/semis-de-genepy\/#breadcrumb"},"inLanguage":"fr-FR","potentialAction":[{"@type":"ReadAction","target":["https:\/\/www.tascapan.com\/fr\/prodotto\/semis-de-genepy\/"]}]},{"@type":"ImageObject","inLanguage":"fr-FR","@id":"https:\/\/www.tascapan.com\/fr\/prodotto\/semis-de-genepy\/#primaryimage","url":"https:\/\/www.tascapan.com\/wp-content\/uploads\/2023\/04\/ROD202303TP__MG_8839_11zon-scaled.jpg","contentUrl":"https:\/\/www.tascapan.com\/wp-content\/uploads\/2023\/04\/ROD202303TP__MG_8839_11zon-scaled.jpg","width":2000,"height":1500},{"@type":"BreadcrumbList","@id":"https:\/\/www.tascapan.com\/fr\/prodotto\/semis-de-genepy\/#breadcrumb","itemListElement":[{"@type":"ListItem","position":1,"name":"Home","item":"https:\/\/www.tascapan.com\/fr\/"},{"@type":"ListItem","position":2,"name":"Boutique","item":"https:\/\/www.tascapan.com\/fr\/boutique\/"},{"@type":"ListItem","position":3,"name":"Semis de G\u00e9n\u00e9py"}]},{"@type":"WebSite","@id":"https:\/\/www.tascapan.com\/#website","url":"https:\/\/www.tascapan.com\/","name":"Tascapan","description":"Prodotti Tipici della Valle d&#039;Aosta","publisher":{"@id":"https:\/\/www.tascapan.com\/#organization"},"potentialAction":[{"@type":"SearchAction","target":{"@type":"EntryPoint","urlTemplate":"https:\/\/www.tascapan.com\/?s={search_term_string}"},"query-input":{"@type":"PropertyValueSpecification","valueRequired":true,"valueName":"search_term_string"}}],"inLanguage":"fr-FR"},{"@type":"Organization","@id":"https:\/\/www.tascapan.com\/#organization","name":"Tascapan","url":"https:\/\/www.tascapan.com\/","logo":{"@type":"ImageObject","inLanguage":"fr-FR","@id":"https:\/\/www.tascapan.com\/#\/schema\/logo\/image\/","url":"","contentUrl":"","caption":"Tascapan"},"image":{"@id":"https:\/\/www.tascapan.com\/#\/schema\/logo\/image\/"}}]}},"_links":{"self":[{"href":"https:\/\/www.tascapan.com\/fr\/wp-json\/wp\/v2\/product\/32520","targetHints":{"allow":["GET"]}}],"collection":[{"href":"https:\/\/www.tascapan.com\/fr\/wp-json\/wp\/v2\/product"}],"about":[{"href":"https:\/\/www.tascapan.com\/fr\/wp-json\/wp\/v2\/types\/product"}],"replies":[{"embeddable":true,"href":"https:\/\/www.tascapan.com\/fr\/wp-json\/wp\/v2\/comments?post=32520"}],"wp:featuredmedia":[{"embeddable":true,"href":"https:\/\/www.tascapan.com\/fr\/wp-json\/wp\/v2\/media\/33666"}],"wp:attachment":[{"href":"https:\/\/www.tascapan.com\/fr\/wp-json\/wp\/v2\/media?parent=32520"}],"wp:term":[{"taxonomy":"product_brand","embeddable":true,"href":"https:\/\/www.tascapan.com\/fr\/wp-json\/wp\/v2\/product_brand?post=32520"},{"taxonomy":"product_cat","embeddable":true,"href":"https:\/\/www.tascapan.com\/fr\/wp-json\/wp\/v2\/product_cat?post=32520"},{"taxonomy":"product_tag","embeddable":true,"href":"https:\/\/www.tascapan.com\/fr\/wp-json\/wp\/v2\/product_tag?post=32520"}],"curies":[{"name":"wp","href":"https:\/\/api.w.org\/{rel}","templated":true}]}}