{"id":32506,"date":"2023-03-14T16:28:54","date_gmt":"2023-03-14T15:28:54","guid":{"rendered":"https:\/\/www.tascapan.com\/prodotto\/semis-dachillee-millefeuille\/"},"modified":"2023-03-14T16:28:54","modified_gmt":"2023-03-14T15:28:54","slug":"semis-dachillee-millefeuille","status":"publish","type":"product","link":"https:\/\/www.tascapan.com\/fr\/prodotto\/semis-dachillee-millefeuille\/","title":{"rendered":"Semis d&rsquo;achill\u00e9e millefeuille"},"content":{"rendered":"<h2><b>Sachets d&rsquo;achill\u00e9e millefeuille s\u00e9ch\u00e9e<\/b><\/h2>\n<p><b>L&rsquo;achill\u00e9e est une plante tr\u00e8s commune dans la Vall\u00e9e d&rsquo;Aoste.<\/b><span style=\"font-weight: 400;\">Mais en m\u00eame temps, elle est aussi inconnue de beaucoup. <\/span><span style=\"font-weight: 400;\">Une \u00ab\u00a0parente\u00a0\u00bb de l&rsquo;achill\u00e9e musqu\u00e9e, plus connue. <\/span><b>l&rsquo;achill\u00e9e muscate<\/b><span style=\"font-weight: 400;\"> (utilis\u00e9e pour aromatiser les liqueurs), l&rsquo;achill\u00e9e poss\u00e8de davantage de propri\u00e9t\u00e9s.<\/span><span style=\"font-weight: 400;\">Connue comme <\/span><b>\u00ab\u00a0l&rsquo;amie des femmes\u00a0\u00bb.<\/b><span style=\"font-weight: 400;\">cette plante miraculeuse <\/span><b>aide \u00e0 r\u00e9guler :<\/b><\/p>\n<ul>\n<li style=\"font-weight: 400;\" aria-level=\"1\"><b>le cycle menstruel  <\/b><\/li>\n<li style=\"font-weight: 400;\" aria-level=\"1\"><b>les douleurs de la m\u00e9nopause<\/b><\/li>\n<\/ul>\n<p><span style=\"font-weight: 400;\">En outre, il est <\/span><b>utile pour les probl\u00e8mes : <\/b> <\/p>\n<ul>\n<li style=\"font-weight: 400;\" aria-level=\"1\"><span style=\"font-weight: 400;\">de<\/span><b> l&rsquo;estomac<\/b><span style=\"font-weight: 400;\"> <\/span><\/li>\n<li style=\"font-weight: 400;\" aria-level=\"1\"><span style=\"font-weight: 400;\">par <\/span><b>l&rsquo;anxi\u00e9t\u00e9<\/b><span style=\"font-weight: 400;\"> <\/span><\/li>\n<li style=\"font-weight: 400;\" aria-level=\"1\"><span style=\"font-weight: 400;\">de <\/span><b>circulation<\/b><\/li>\n<li style=\"font-weight: 400;\" aria-level=\"1\"><span style=\"font-weight: 400;\">de <\/span><b>varices<\/b><\/li>\n<\/ul>\n<p><b>COMMENT L&rsquo;UTILISER ?<\/b><span style=\"font-weight: 400;\">Vous pouvez verser <\/span><b>une cuill\u00e8re \u00e0 soupe <\/b><span style=\"font-weight: 400;\">(environ 1 \u00e0 2 t\u00eates) de sommit\u00e9s fleuries dans une tasse d&rsquo;eau bouillante.<\/span><b>d&rsquo;eau bouillante<\/b><span style=\"font-weight: 400;\">.<br \/>\nLasciate   <\/span><b>reposez pendant 5 \u00e0 6 minutes<\/b><span style=\"font-weight: 400;\">Enfin, filtrez et d\u00e9gustez votre panac\u00e9e, gorg\u00e9e apr\u00e8s gorg\u00e9e.<\/span><b>AVEC QUOI ASSOCIER LA TISANE D&rsquo;ACHILL\u00c9E MILLEFEUILLE :<\/b><b>Emilia Berthod<\/b><span style=\"font-weight: 400;\">propri\u00e9taire de la<\/span><span style=\"font-weight: 400;\">ferme DA EMY<\/span><span style=\"font-weight: 400;\">DA EMY, recommande de d\u00e9guster votre tisane aromatique \u00e0 base de ces herbes de montagne avec les biscuits traditionnels de la Vall\u00e9e d&rsquo;Aoste.<\/span> <a href=\"https:\/\/www.tascapan.com\/prodotto\/dolci-tentazioni-biscotti-chappoz\/\"><span style=\"font-weight: 400;\">biscuits traditionnels de la Vall\u00e9e d&rsquo;Aoste<\/span><\/a><span style=\"font-weight: 400;\">!<\/span>&nbsp;<em>(Informations tir\u00e9es du livre \u00ab\u00a0Fleurs et plantes m\u00e9dicinales &#8211; Sant\u00e9 et beaut\u00e9 pour l&rsquo;homme\u00a0\u00bb d&rsquo;Aldo Poletti)<\/em><a href=\"https:\/\/www.tascapan.com\/1489\/le-piantine-di-montagna-azienda-agricola-da-emy\/\"><b>POUR EN SAVOIR PLUS SUR CETTE PLANTE M\u00c9DICINALE ET SUR LA M\u00c9THODE DE CULTURE DES PLANTS DE MONTAGNE D&rsquo;EMY, CLIQUEZ ICI.<\/b><\/a><\/p>\n","protected":false},"excerpt":{"rendered":"<p><b>\u20ac 6,00<\/b><b><i>Semis d&rsquo;achill\u00e9e<\/i><\/b><b>1 Sachet d&rsquo;achill\u00e9e s\u00e9ch\u00e9e d&rsquo;Emy<\/b><span style=\"font-weight: 400;\">Avec les plants d&rsquo;achill\u00e9e, vous aurez chez vous une herbe magique aux mille propri\u00e9t\u00e9s, particuli\u00e8rement utile pour les femmes :<\/span><\/p>\n<p><span style=\"font-weight: 400;\">L&rsquo;achill\u00e9e millefeuille aide \u00e0 r\u00e9guler le cycle menstruel et les douleurs de la m\u00e9nopause, mais ce n&rsquo;est pas tout !<br \/>\nElle est \u00e9galement utile pour les probl\u00e8mes d&rsquo;estomac, d&rsquo;anxi\u00e9t\u00e9 et de circulation.   <\/span><\/p>\n<p><span style=\"font-weight: 400;\">Nous sommes s\u00fbrs qu&rsquo;il vous \u00e9tonnera !<\/span><\/p>\n","protected":false},"featured_media":33714,"comment_status":"open","ping_status":"closed","template":"","meta":{"_acf_changed":false,"_monsterinsights_skip_tracking":false,"_monsterinsights_sitenote_active":false,"_monsterinsights_sitenote_note":"","_monsterinsights_sitenote_category":0},"product_brand":[],"product_cat":[1926],"product_tag":[],"class_list":{"0":"post-32506","1":"product","2":"type-product","3":"status-publish","4":"has-post-thumbnail","6":"product_cat-autres","7":"pa_producer-de-emy","9":"first","10":"instock","11":"taxable","12":"shipping-taxable","13":"product-type-external"},"acf":[],"yoast_head":"<!-- This site is optimized with the Yoast SEO Premium plugin v25.0 (Yoast SEO v26.8) - https:\/\/yoast.com\/product\/yoast-seo-premium-wordpress\/ -->\n<title>Achill\u00e9e millefeuille - Azienda Agricola da Emy - Tascapan<\/title>\n<meta name=\"description\" content=\"Achill\u00e9e s\u00e9ch\u00e9e de la Vall\u00e9e d&#039;Aoste, utile pour les tisanes, les cosm\u00e9tiques et les rem\u00e8des curatifs, exclusivement sur Tascapan, cliquez ici !\" \/>\n<meta name=\"robots\" content=\"index, follow, max-snippet:-1, max-image-preview:large, max-video-preview:-1\" \/>\n<link rel=\"canonical\" href=\"https:\/\/www.tascapan.com\/fr\/prodotto\/semis-dachillee-millefeuille\/\" \/>\n<meta property=\"og:locale\" content=\"fr_FR\" \/>\n<meta property=\"og:type\" content=\"article\" \/>\n<meta property=\"og:title\" content=\"Semis d&#039;achill\u00e9e millefeuille\" \/>\n<meta property=\"og:description\" content=\"Achill\u00e9e s\u00e9ch\u00e9e de la Vall\u00e9e d&#039;Aoste, utile pour les tisanes, les cosm\u00e9tiques et les rem\u00e8des curatifs, exclusivement sur Tascapan, cliquez ici !\" \/>\n<meta property=\"og:url\" content=\"https:\/\/www.tascapan.com\/fr\/prodotto\/semis-dachillee-millefeuille\/\" \/>\n<meta property=\"og:site_name\" content=\"Tascapan\" \/>\n<meta property=\"og:image\" content=\"https:\/\/www.tascapan.com\/wp-content\/uploads\/2023\/04\/ROD202303TP__MG_8891_11zon-1-scaled.jpg\" \/>\n\t<meta property=\"og:image:width\" content=\"2000\" \/>\n\t<meta property=\"og:image:height\" content=\"1500\" \/>\n\t<meta property=\"og:image:type\" content=\"image\/jpeg\" \/>\n<meta name=\"twitter:card\" content=\"summary_large_image\" \/>\n<meta name=\"twitter:label1\" content=\"Dur\u00e9e de lecture estim\u00e9e\" \/>\n\t<meta name=\"twitter:data1\" content=\"1 minute\" \/>\n<script type=\"application\/ld+json\" class=\"yoast-schema-graph\">{\"@context\":\"https:\/\/schema.org\",\"@graph\":[{\"@type\":\"WebPage\",\"@id\":\"https:\/\/www.tascapan.com\/fr\/prodotto\/semis-dachillee-millefeuille\/\",\"url\":\"https:\/\/www.tascapan.com\/fr\/prodotto\/semis-dachillee-millefeuille\/\",\"name\":\"Achill\u00e9e millefeuille - Azienda Agricola da Emy - Tascapan\",\"isPartOf\":{\"@id\":\"https:\/\/www.tascapan.com\/#website\"},\"primaryImageOfPage\":{\"@id\":\"https:\/\/www.tascapan.com\/fr\/prodotto\/semis-dachillee-millefeuille\/#primaryimage\"},\"image\":{\"@id\":\"https:\/\/www.tascapan.com\/fr\/prodotto\/semis-dachillee-millefeuille\/#primaryimage\"},\"thumbnailUrl\":\"https:\/\/www.tascapan.com\/wp-content\/uploads\/2023\/04\/ROD202303TP__MG_8891_11zon-1-scaled.jpg\",\"datePublished\":\"2023-03-14T15:28:54+00:00\",\"description\":\"Achill\u00e9e s\u00e9ch\u00e9e de la Vall\u00e9e d'Aoste, utile pour les tisanes, les cosm\u00e9tiques et les rem\u00e8des curatifs, exclusivement sur Tascapan, cliquez ici !\",\"breadcrumb\":{\"@id\":\"https:\/\/www.tascapan.com\/fr\/prodotto\/semis-dachillee-millefeuille\/#breadcrumb\"},\"inLanguage\":\"fr-FR\",\"potentialAction\":[{\"@type\":\"ReadAction\",\"target\":[\"https:\/\/www.tascapan.com\/fr\/prodotto\/semis-dachillee-millefeuille\/\"]}]},{\"@type\":\"ImageObject\",\"inLanguage\":\"fr-FR\",\"@id\":\"https:\/\/www.tascapan.com\/fr\/prodotto\/semis-dachillee-millefeuille\/#primaryimage\",\"url\":\"https:\/\/www.tascapan.com\/wp-content\/uploads\/2023\/04\/ROD202303TP__MG_8891_11zon-1-scaled.jpg\",\"contentUrl\":\"https:\/\/www.tascapan.com\/wp-content\/uploads\/2023\/04\/ROD202303TP__MG_8891_11zon-1-scaled.jpg\",\"width\":2000,\"height\":1500},{\"@type\":\"BreadcrumbList\",\"@id\":\"https:\/\/www.tascapan.com\/fr\/prodotto\/semis-dachillee-millefeuille\/#breadcrumb\",\"itemListElement\":[{\"@type\":\"ListItem\",\"position\":1,\"name\":\"Home\",\"item\":\"https:\/\/www.tascapan.com\/fr\/\"},{\"@type\":\"ListItem\",\"position\":2,\"name\":\"Boutique\",\"item\":\"https:\/\/www.tascapan.com\/fr\/boutique\/\"},{\"@type\":\"ListItem\",\"position\":3,\"name\":\"Semis d&#8217;achill\u00e9e millefeuille\"}]},{\"@type\":\"WebSite\",\"@id\":\"https:\/\/www.tascapan.com\/#website\",\"url\":\"https:\/\/www.tascapan.com\/\",\"name\":\"Tascapan\",\"description\":\"Prodotti Tipici della Valle d&#039;Aosta\",\"publisher\":{\"@id\":\"https:\/\/www.tascapan.com\/#organization\"},\"potentialAction\":[{\"@type\":\"SearchAction\",\"target\":{\"@type\":\"EntryPoint\",\"urlTemplate\":\"https:\/\/www.tascapan.com\/?s={search_term_string}\"},\"query-input\":{\"@type\":\"PropertyValueSpecification\",\"valueRequired\":true,\"valueName\":\"search_term_string\"}}],\"inLanguage\":\"fr-FR\"},{\"@type\":\"Organization\",\"@id\":\"https:\/\/www.tascapan.com\/#organization\",\"name\":\"Tascapan\",\"url\":\"https:\/\/www.tascapan.com\/\",\"logo\":{\"@type\":\"ImageObject\",\"inLanguage\":\"fr-FR\",\"@id\":\"https:\/\/www.tascapan.com\/#\/schema\/logo\/image\/\",\"url\":\"\",\"contentUrl\":\"\",\"caption\":\"Tascapan\"},\"image\":{\"@id\":\"https:\/\/www.tascapan.com\/#\/schema\/logo\/image\/\"}}]}<\/script>\n<!-- \/ Yoast SEO Premium plugin. -->","yoast_head_json":{"title":"Achill\u00e9e millefeuille - Azienda Agricola da Emy - Tascapan","description":"Achill\u00e9e s\u00e9ch\u00e9e de la Vall\u00e9e d'Aoste, utile pour les tisanes, les cosm\u00e9tiques et les rem\u00e8des curatifs, exclusivement sur Tascapan, cliquez ici !","robots":{"index":"index","follow":"follow","max-snippet":"max-snippet:-1","max-image-preview":"max-image-preview:large","max-video-preview":"max-video-preview:-1"},"canonical":"https:\/\/www.tascapan.com\/fr\/prodotto\/semis-dachillee-millefeuille\/","og_locale":"fr_FR","og_type":"article","og_title":"Semis d'achill\u00e9e millefeuille","og_description":"Achill\u00e9e s\u00e9ch\u00e9e de la Vall\u00e9e d'Aoste, utile pour les tisanes, les cosm\u00e9tiques et les rem\u00e8des curatifs, exclusivement sur Tascapan, cliquez ici !","og_url":"https:\/\/www.tascapan.com\/fr\/prodotto\/semis-dachillee-millefeuille\/","og_site_name":"Tascapan","og_image":[{"width":2000,"height":1500,"url":"https:\/\/www.tascapan.com\/wp-content\/uploads\/2023\/04\/ROD202303TP__MG_8891_11zon-1-scaled.jpg","type":"image\/jpeg"}],"twitter_card":"summary_large_image","twitter_misc":{"Dur\u00e9e de lecture estim\u00e9e":"1 minute"},"schema":{"@context":"https:\/\/schema.org","@graph":[{"@type":"WebPage","@id":"https:\/\/www.tascapan.com\/fr\/prodotto\/semis-dachillee-millefeuille\/","url":"https:\/\/www.tascapan.com\/fr\/prodotto\/semis-dachillee-millefeuille\/","name":"Achill\u00e9e millefeuille - Azienda Agricola da Emy - Tascapan","isPartOf":{"@id":"https:\/\/www.tascapan.com\/#website"},"primaryImageOfPage":{"@id":"https:\/\/www.tascapan.com\/fr\/prodotto\/semis-dachillee-millefeuille\/#primaryimage"},"image":{"@id":"https:\/\/www.tascapan.com\/fr\/prodotto\/semis-dachillee-millefeuille\/#primaryimage"},"thumbnailUrl":"https:\/\/www.tascapan.com\/wp-content\/uploads\/2023\/04\/ROD202303TP__MG_8891_11zon-1-scaled.jpg","datePublished":"2023-03-14T15:28:54+00:00","description":"Achill\u00e9e s\u00e9ch\u00e9e de la Vall\u00e9e d'Aoste, utile pour les tisanes, les cosm\u00e9tiques et les rem\u00e8des curatifs, exclusivement sur Tascapan, cliquez ici !","breadcrumb":{"@id":"https:\/\/www.tascapan.com\/fr\/prodotto\/semis-dachillee-millefeuille\/#breadcrumb"},"inLanguage":"fr-FR","potentialAction":[{"@type":"ReadAction","target":["https:\/\/www.tascapan.com\/fr\/prodotto\/semis-dachillee-millefeuille\/"]}]},{"@type":"ImageObject","inLanguage":"fr-FR","@id":"https:\/\/www.tascapan.com\/fr\/prodotto\/semis-dachillee-millefeuille\/#primaryimage","url":"https:\/\/www.tascapan.com\/wp-content\/uploads\/2023\/04\/ROD202303TP__MG_8891_11zon-1-scaled.jpg","contentUrl":"https:\/\/www.tascapan.com\/wp-content\/uploads\/2023\/04\/ROD202303TP__MG_8891_11zon-1-scaled.jpg","width":2000,"height":1500},{"@type":"BreadcrumbList","@id":"https:\/\/www.tascapan.com\/fr\/prodotto\/semis-dachillee-millefeuille\/#breadcrumb","itemListElement":[{"@type":"ListItem","position":1,"name":"Home","item":"https:\/\/www.tascapan.com\/fr\/"},{"@type":"ListItem","position":2,"name":"Boutique","item":"https:\/\/www.tascapan.com\/fr\/boutique\/"},{"@type":"ListItem","position":3,"name":"Semis d&#8217;achill\u00e9e millefeuille"}]},{"@type":"WebSite","@id":"https:\/\/www.tascapan.com\/#website","url":"https:\/\/www.tascapan.com\/","name":"Tascapan","description":"Prodotti Tipici della Valle d&#039;Aosta","publisher":{"@id":"https:\/\/www.tascapan.com\/#organization"},"potentialAction":[{"@type":"SearchAction","target":{"@type":"EntryPoint","urlTemplate":"https:\/\/www.tascapan.com\/?s={search_term_string}"},"query-input":{"@type":"PropertyValueSpecification","valueRequired":true,"valueName":"search_term_string"}}],"inLanguage":"fr-FR"},{"@type":"Organization","@id":"https:\/\/www.tascapan.com\/#organization","name":"Tascapan","url":"https:\/\/www.tascapan.com\/","logo":{"@type":"ImageObject","inLanguage":"fr-FR","@id":"https:\/\/www.tascapan.com\/#\/schema\/logo\/image\/","url":"","contentUrl":"","caption":"Tascapan"},"image":{"@id":"https:\/\/www.tascapan.com\/#\/schema\/logo\/image\/"}}]}},"_links":{"self":[{"href":"https:\/\/www.tascapan.com\/fr\/wp-json\/wp\/v2\/product\/32506","targetHints":{"allow":["GET"]}}],"collection":[{"href":"https:\/\/www.tascapan.com\/fr\/wp-json\/wp\/v2\/product"}],"about":[{"href":"https:\/\/www.tascapan.com\/fr\/wp-json\/wp\/v2\/types\/product"}],"replies":[{"embeddable":true,"href":"https:\/\/www.tascapan.com\/fr\/wp-json\/wp\/v2\/comments?post=32506"}],"wp:featuredmedia":[{"embeddable":true,"href":"https:\/\/www.tascapan.com\/fr\/wp-json\/wp\/v2\/media\/33714"}],"wp:attachment":[{"href":"https:\/\/www.tascapan.com\/fr\/wp-json\/wp\/v2\/media?parent=32506"}],"wp:term":[{"taxonomy":"product_brand","embeddable":true,"href":"https:\/\/www.tascapan.com\/fr\/wp-json\/wp\/v2\/product_brand?post=32506"},{"taxonomy":"product_cat","embeddable":true,"href":"https:\/\/www.tascapan.com\/fr\/wp-json\/wp\/v2\/product_cat?post=32506"},{"taxonomy":"product_tag","embeddable":true,"href":"https:\/\/www.tascapan.com\/fr\/wp-json\/wp\/v2\/product_tag?post=32506"}],"curies":[{"name":"wp","href":"https:\/\/api.w.org\/{rel}","templated":true}]}}