{"id":32496,"date":"2023-03-14T16:28:54","date_gmt":"2023-03-14T15:28:54","guid":{"rendered":"https:\/\/www.tascapan.com\/prodotto\/semis-darnica\/"},"modified":"2023-03-14T16:28:54","modified_gmt":"2023-03-14T15:28:54","slug":"semis-darnica","status":"publish","type":"product","link":"https:\/\/www.tascapan.com\/fr\/prodotto\/semis-darnica\/","title":{"rendered":"Semis d&rsquo;arnica"},"content":{"rendered":"<h2><b>Sachets d&rsquo;arnica s\u00e9ch\u00e9<\/b><\/h2>\n<p><span style=\"font-weight: 400;\">L&rsquo;<\/span><b>arnica<\/b><span style=\"font-weight: 400;\">  est une plante merveilleuse qui pousse dans les  <\/span><b>alpages<\/b> <b>au-dessus de 1000 m\u00e8tres<\/b><span style=\"font-weight: 400;\">en particulier dans les  <\/span><b>prairies humides de montagne  <\/b><span style=\"font-weight: 400;\">et dans le  <\/span><b>les landes des Alpes<\/b><span style=\"font-weight: 400;\">.<\/span><\/p>\n<p><span style=\"font-weight: 400;\">Les fleurs de cette plante sont g\u00e9n\u00e9ralement  <\/span><b>r\u00e9colt\u00e9s entre juin et juillet<\/b><span style=\"font-weight: 400;\">  et sont largement utilis\u00e9s dans  <\/span><b>herboristerie  <\/b><span style=\"font-weight: 400;\">e  <\/span><b>phytoth\u00e9rapie<\/b><span style=\"font-weight: 400;\">.<br \/>\nSi tratta della <\/span> <b> la plante par excellence des sportifs. <\/b><span style=\"font-weight: 400;\">Cette plante favorise la gu\u00e9rison de diverses blessures, telles que <\/span><b>h\u00e9matomes<\/b><span style=\"font-weight: 400;\">, <\/span><b>les rhumatismes<\/b><span style=\"font-weight: 400;\"> e <\/span><b>luxations<\/b><span style=\"font-weight: 400;\">.<\/span><span style=\"font-weight: 400;\">R<\/span><span style=\"font-weight: 400;\">est tr\u00e8s utile :<\/span><\/p>\n<ul>\n<li aria-level=\"1\"><span style=\"font-weight: 400;\">tels que <\/span><b>anti-inflammatoires <\/b><span style=\"font-weight: 400;\">e <\/span><b>analg\u00e9siques ;<\/b><\/li>\n<li aria-level=\"1\"><span style=\"font-weight: 400;\">pour <\/span><b>soigner les bleus<\/b><span style=\"font-weight: 400;\">ecchymoses <\/span><b>ecchymoses<\/b><span style=\"font-weight: 400;\">ecchymoses, entorses <\/span><b>entorses<\/b><span style=\"font-weight: 400;\"> et<\/span><b> entorses <\/b><span style=\"font-weight: 400;\">du sport ; <\/span> <\/li>\n<li aria-level=\"1\"><span style=\"font-weight: 400;\">pour <\/span><b>soulager <\/b><span style=\"font-weight: 400;\">i <\/span><b>douleurs musculaires <\/b><span style=\"font-weight: 400;\">e <\/span><b>articulations ;<\/b><\/li>\n<li aria-level=\"1\"><span style=\"font-weight: 400;\">pour <\/span><b>compteur<\/b><span style=\"font-weight: 400;\"> les <\/span><b>h\u00e9matomes<\/b><span style=\"font-weight: 400;\"> et <\/span><b>chutes de pression<\/b><span style=\"font-weight: 400;\">;<\/span><\/li>\n<li aria-level=\"1\"><span style=\"font-weight: 400;\">pour<\/span> <span style=\"font-weight: 400;\">l&rsquo;am\u00e9lioration <\/span><b>l&rsquo;am\u00e9lioration <\/b><span style=\"font-weight: 400;\">l&rsquo;am\u00e9lioration <\/span><b>circulation sanguine<\/b><span style=\"font-weight: 400;\"> et de<\/span><b>l&rsquo;activit\u00e9 cardiaque<\/b><\/li>\n<\/ul>\n<h2><b>COMMENT L&rsquo;UTILISER ?<\/b><\/h2>\n<p><span style=\"font-weight: 400;\">L&rsquo;<\/span><b>arnica est une plante m\u00e9dicinale <\/b><span style=\"font-weight: 400;\">utilis\u00e9e<\/span><b> uniquement par voie externe.<\/b><span style=\"font-weight: 400;\"> <\/span><\/p>\n<p><span style=\"font-weight: 400;\">Il est strictement recommand\u00e9 de l&rsquo;utiliser <\/span><span style=\"font-weight: 400;\">uniquement sur une peau intacte, <\/span><b>en l&rsquo;absence de plaies<\/b><span style=\"font-weight: 400;\">.<\/span><b>Emilia Berthod<\/b><span style=\"font-weight: 400;\">qui cultive cette plante de montagne, ainsi que de nombreux autres plants, recommande d&rsquo;utiliser cette plante<\/span><b> pour r\u00e9aliser une teinture exceptionnelle<\/b><span style=\"font-weight: 400;\">.<\/span><span style=\"font-weight: 400;\">Mettez <\/span><b>20 g d&rsquo;inflorescences s\u00e9ch\u00e9es<\/b><span style=\"font-weight: 400;\"> \u00e0 mac\u00e9rer dans <\/span><b>80 g d&rsquo;alcool <\/b><span style=\"font-weight: 400;\">a<\/span><b> 70\u00b0<\/b><span style=\"font-weight: 400;\">.<br \/>\nTrascorsi   <\/span><b>10 jours<\/b><span style=\"font-weight: 400;\">et laissez-le s&rsquo;\u00e9goutter. La  <\/span><b>teinture  <\/b><span style=\"font-weight: 400;\">que vous obtenez \u00e0 l&rsquo;issue de ce processus, conservez-la dans un verre fonc\u00e9 et utilisez-la \u00e0 diverses occasions.<\/span><\/p>\n<p><span style=\"font-weight: 400;\">Vous pouvez utiliser votre  <\/span><b>teinture d&rsquo;arnica<\/b><span style=\"font-weight: 400;\">  pour  <\/span><b>enveloppes<\/b><span style=\"font-weight: 400;\">, le<\/span><b>  ecchymoses<\/b><span style=\"font-weight: 400;\">  e  <\/span><b>distorsions<\/b><span style=\"font-weight: 400;\">.<\/span><\/p>\n<p><span style=\"font-weight: 400;\">Il est souvent appliqu\u00e9 sous la forme de<\/span><b>  colorant dilu\u00e9 dans 4 volumes d&rsquo;eau  <\/b><span style=\"font-weight: 400;\">(1 cuill\u00e8re \u00e0 soupe de colorant \u00e0 usage externe et 4 cuill\u00e8res \u00e0 soupe d&rsquo;eau).<\/span><\/p>\n<p>&nbsp;<\/p>\n<p><em>(Informations extraites du livre \u00ab\u00a0Fleurs et plantes m\u00e9dicinales &#8211; Sant\u00e9 et beaut\u00e9 de l&rsquo;homme\u00a0\u00bb d&rsquo;Aldo Poletti)<\/em><\/p>\n<p><a href=\"https:\/\/www.tascapan.com\/1489\/le-piantine-di-montagna-azienda-agricola-da-emy\/\"><b>EN SAVOIR PLUS SUR CE SEMIS ET SUR LA M\u00c9THODE DE CULTURE DES HERBES DE MONTAGNE D&rsquo;EMY<\/b><\/a><\/p>\n","protected":false},"excerpt":{"rendered":"<p><b>\u20ac 6,00<\/b><b><i>Semis d&rsquo;Arnica<\/i><\/b><b>1 Sachet d&rsquo;Arnica s\u00e9ch\u00e9 d&rsquo;Emy<\/b><span style=\"font-weight: 400;\">Avec les semis d&rsquo;arnica, vous disposez d&rsquo;une plante de montagne tr\u00e8s utile : c&rsquo;est un anti-inflammatoire et un analg\u00e9sique 100% naturel qui vous sera utile contre les douleurs musculaires et l&rsquo;hypotension art\u00e9rielle.<\/span><\/p>\n","protected":false},"featured_media":33678,"comment_status":"open","ping_status":"closed","template":"","meta":{"_acf_changed":false,"_monsterinsights_skip_tracking":false,"_monsterinsights_sitenote_active":false,"_monsterinsights_sitenote_note":"","_monsterinsights_sitenote_category":0},"product_brand":[],"product_cat":[1926],"product_tag":[],"class_list":{"0":"post-32496","1":"product","2":"type-product","3":"status-publish","4":"has-post-thumbnail","6":"product_cat-autres","7":"pa_producer-de-emy","9":"first","10":"instock","11":"taxable","12":"shipping-taxable","13":"product-type-external"},"acf":[],"yoast_head":"<!-- This site is optimized with the Yoast SEO Premium plugin v25.0 (Yoast SEO v26.8) - https:\/\/yoast.com\/product\/yoast-seo-premium-wordpress\/ -->\n<title>Fleurs d&#039;arnica s\u00e9ch\u00e9es - Azienda Agricola Da Emy - Tascapan<\/title>\n<meta name=\"description\" content=\"Paquet contenant 10 g d&#039;arnica s\u00e9ch\u00e9e. Achetez-le en ligne ici pour l&#039;utiliser \u00e0 la maison dans des tisanes, des cosm\u00e9tiques et plus encore. D\u00e9couvrez les effets b\u00e9n\u00e9fiques de l&#039;arnica.\" \/>\n<meta name=\"robots\" content=\"index, follow, max-snippet:-1, max-image-preview:large, max-video-preview:-1\" \/>\n<link rel=\"canonical\" href=\"https:\/\/www.tascapan.com\/fr\/prodotto\/semis-darnica\/\" \/>\n<meta property=\"og:locale\" content=\"fr_FR\" \/>\n<meta property=\"og:type\" content=\"article\" \/>\n<meta property=\"og:title\" content=\"Semis d&#039;arnica\" \/>\n<meta property=\"og:description\" content=\"Paquet contenant 10 g d&#039;arnica s\u00e9ch\u00e9e. Achetez-le en ligne ici pour l&#039;utiliser \u00e0 la maison dans des tisanes, des cosm\u00e9tiques et plus encore. D\u00e9couvrez les effets b\u00e9n\u00e9fiques de l&#039;arnica.\" \/>\n<meta property=\"og:url\" content=\"https:\/\/www.tascapan.com\/fr\/prodotto\/semis-darnica\/\" \/>\n<meta property=\"og:site_name\" content=\"Tascapan\" \/>\n<meta property=\"og:image\" content=\"https:\/\/www.tascapan.com\/wp-content\/uploads\/2023\/04\/ROD202303TP__MG_8862_11zon-scaled.jpg\" \/>\n\t<meta property=\"og:image:width\" content=\"2000\" \/>\n\t<meta property=\"og:image:height\" content=\"1500\" \/>\n\t<meta property=\"og:image:type\" content=\"image\/jpeg\" \/>\n<meta name=\"twitter:card\" content=\"summary_large_image\" \/>\n<meta name=\"twitter:label1\" content=\"Dur\u00e9e de lecture estim\u00e9e\" \/>\n\t<meta name=\"twitter:data1\" content=\"1 minute\" \/>\n<script type=\"application\/ld+json\" class=\"yoast-schema-graph\">{\"@context\":\"https:\/\/schema.org\",\"@graph\":[{\"@type\":\"WebPage\",\"@id\":\"https:\/\/www.tascapan.com\/fr\/prodotto\/semis-darnica\/\",\"url\":\"https:\/\/www.tascapan.com\/fr\/prodotto\/semis-darnica\/\",\"name\":\"Fleurs d'arnica s\u00e9ch\u00e9es - Azienda Agricola Da Emy - Tascapan\",\"isPartOf\":{\"@id\":\"https:\/\/www.tascapan.com\/#website\"},\"primaryImageOfPage\":{\"@id\":\"https:\/\/www.tascapan.com\/fr\/prodotto\/semis-darnica\/#primaryimage\"},\"image\":{\"@id\":\"https:\/\/www.tascapan.com\/fr\/prodotto\/semis-darnica\/#primaryimage\"},\"thumbnailUrl\":\"https:\/\/www.tascapan.com\/wp-content\/uploads\/2023\/04\/ROD202303TP__MG_8862_11zon-scaled.jpg\",\"datePublished\":\"2023-03-14T15:28:54+00:00\",\"description\":\"Paquet contenant 10 g d'arnica s\u00e9ch\u00e9e. Achetez-le en ligne ici pour l'utiliser \u00e0 la maison dans des tisanes, des cosm\u00e9tiques et plus encore. D\u00e9couvrez les effets b\u00e9n\u00e9fiques de l'arnica.\",\"breadcrumb\":{\"@id\":\"https:\/\/www.tascapan.com\/fr\/prodotto\/semis-darnica\/#breadcrumb\"},\"inLanguage\":\"fr-FR\",\"potentialAction\":[{\"@type\":\"ReadAction\",\"target\":[\"https:\/\/www.tascapan.com\/fr\/prodotto\/semis-darnica\/\"]}]},{\"@type\":\"ImageObject\",\"inLanguage\":\"fr-FR\",\"@id\":\"https:\/\/www.tascapan.com\/fr\/prodotto\/semis-darnica\/#primaryimage\",\"url\":\"https:\/\/www.tascapan.com\/wp-content\/uploads\/2023\/04\/ROD202303TP__MG_8862_11zon-scaled.jpg\",\"contentUrl\":\"https:\/\/www.tascapan.com\/wp-content\/uploads\/2023\/04\/ROD202303TP__MG_8862_11zon-scaled.jpg\",\"width\":2000,\"height\":1500},{\"@type\":\"BreadcrumbList\",\"@id\":\"https:\/\/www.tascapan.com\/fr\/prodotto\/semis-darnica\/#breadcrumb\",\"itemListElement\":[{\"@type\":\"ListItem\",\"position\":1,\"name\":\"Home\",\"item\":\"https:\/\/www.tascapan.com\/fr\/\"},{\"@type\":\"ListItem\",\"position\":2,\"name\":\"Boutique\",\"item\":\"https:\/\/www.tascapan.com\/fr\/boutique\/\"},{\"@type\":\"ListItem\",\"position\":3,\"name\":\"Semis d&#8217;arnica\"}]},{\"@type\":\"WebSite\",\"@id\":\"https:\/\/www.tascapan.com\/#website\",\"url\":\"https:\/\/www.tascapan.com\/\",\"name\":\"Tascapan\",\"description\":\"Prodotti Tipici della Valle d&#039;Aosta\",\"publisher\":{\"@id\":\"https:\/\/www.tascapan.com\/#organization\"},\"potentialAction\":[{\"@type\":\"SearchAction\",\"target\":{\"@type\":\"EntryPoint\",\"urlTemplate\":\"https:\/\/www.tascapan.com\/?s={search_term_string}\"},\"query-input\":{\"@type\":\"PropertyValueSpecification\",\"valueRequired\":true,\"valueName\":\"search_term_string\"}}],\"inLanguage\":\"fr-FR\"},{\"@type\":\"Organization\",\"@id\":\"https:\/\/www.tascapan.com\/#organization\",\"name\":\"Tascapan\",\"url\":\"https:\/\/www.tascapan.com\/\",\"logo\":{\"@type\":\"ImageObject\",\"inLanguage\":\"fr-FR\",\"@id\":\"https:\/\/www.tascapan.com\/#\/schema\/logo\/image\/\",\"url\":\"\",\"contentUrl\":\"\",\"caption\":\"Tascapan\"},\"image\":{\"@id\":\"https:\/\/www.tascapan.com\/#\/schema\/logo\/image\/\"}}]}<\/script>\n<!-- \/ Yoast SEO Premium plugin. -->","yoast_head_json":{"title":"Fleurs d'arnica s\u00e9ch\u00e9es - Azienda Agricola Da Emy - Tascapan","description":"Paquet contenant 10 g d'arnica s\u00e9ch\u00e9e. Achetez-le en ligne ici pour l'utiliser \u00e0 la maison dans des tisanes, des cosm\u00e9tiques et plus encore. D\u00e9couvrez les effets b\u00e9n\u00e9fiques de l'arnica.","robots":{"index":"index","follow":"follow","max-snippet":"max-snippet:-1","max-image-preview":"max-image-preview:large","max-video-preview":"max-video-preview:-1"},"canonical":"https:\/\/www.tascapan.com\/fr\/prodotto\/semis-darnica\/","og_locale":"fr_FR","og_type":"article","og_title":"Semis d'arnica","og_description":"Paquet contenant 10 g d'arnica s\u00e9ch\u00e9e. Achetez-le en ligne ici pour l'utiliser \u00e0 la maison dans des tisanes, des cosm\u00e9tiques et plus encore. D\u00e9couvrez les effets b\u00e9n\u00e9fiques de l'arnica.","og_url":"https:\/\/www.tascapan.com\/fr\/prodotto\/semis-darnica\/","og_site_name":"Tascapan","og_image":[{"width":2000,"height":1500,"url":"https:\/\/www.tascapan.com\/wp-content\/uploads\/2023\/04\/ROD202303TP__MG_8862_11zon-scaled.jpg","type":"image\/jpeg"}],"twitter_card":"summary_large_image","twitter_misc":{"Dur\u00e9e de lecture estim\u00e9e":"1 minute"},"schema":{"@context":"https:\/\/schema.org","@graph":[{"@type":"WebPage","@id":"https:\/\/www.tascapan.com\/fr\/prodotto\/semis-darnica\/","url":"https:\/\/www.tascapan.com\/fr\/prodotto\/semis-darnica\/","name":"Fleurs d'arnica s\u00e9ch\u00e9es - Azienda Agricola Da Emy - Tascapan","isPartOf":{"@id":"https:\/\/www.tascapan.com\/#website"},"primaryImageOfPage":{"@id":"https:\/\/www.tascapan.com\/fr\/prodotto\/semis-darnica\/#primaryimage"},"image":{"@id":"https:\/\/www.tascapan.com\/fr\/prodotto\/semis-darnica\/#primaryimage"},"thumbnailUrl":"https:\/\/www.tascapan.com\/wp-content\/uploads\/2023\/04\/ROD202303TP__MG_8862_11zon-scaled.jpg","datePublished":"2023-03-14T15:28:54+00:00","description":"Paquet contenant 10 g d'arnica s\u00e9ch\u00e9e. Achetez-le en ligne ici pour l'utiliser \u00e0 la maison dans des tisanes, des cosm\u00e9tiques et plus encore. D\u00e9couvrez les effets b\u00e9n\u00e9fiques de l'arnica.","breadcrumb":{"@id":"https:\/\/www.tascapan.com\/fr\/prodotto\/semis-darnica\/#breadcrumb"},"inLanguage":"fr-FR","potentialAction":[{"@type":"ReadAction","target":["https:\/\/www.tascapan.com\/fr\/prodotto\/semis-darnica\/"]}]},{"@type":"ImageObject","inLanguage":"fr-FR","@id":"https:\/\/www.tascapan.com\/fr\/prodotto\/semis-darnica\/#primaryimage","url":"https:\/\/www.tascapan.com\/wp-content\/uploads\/2023\/04\/ROD202303TP__MG_8862_11zon-scaled.jpg","contentUrl":"https:\/\/www.tascapan.com\/wp-content\/uploads\/2023\/04\/ROD202303TP__MG_8862_11zon-scaled.jpg","width":2000,"height":1500},{"@type":"BreadcrumbList","@id":"https:\/\/www.tascapan.com\/fr\/prodotto\/semis-darnica\/#breadcrumb","itemListElement":[{"@type":"ListItem","position":1,"name":"Home","item":"https:\/\/www.tascapan.com\/fr\/"},{"@type":"ListItem","position":2,"name":"Boutique","item":"https:\/\/www.tascapan.com\/fr\/boutique\/"},{"@type":"ListItem","position":3,"name":"Semis d&#8217;arnica"}]},{"@type":"WebSite","@id":"https:\/\/www.tascapan.com\/#website","url":"https:\/\/www.tascapan.com\/","name":"Tascapan","description":"Prodotti Tipici della Valle d&#039;Aosta","publisher":{"@id":"https:\/\/www.tascapan.com\/#organization"},"potentialAction":[{"@type":"SearchAction","target":{"@type":"EntryPoint","urlTemplate":"https:\/\/www.tascapan.com\/?s={search_term_string}"},"query-input":{"@type":"PropertyValueSpecification","valueRequired":true,"valueName":"search_term_string"}}],"inLanguage":"fr-FR"},{"@type":"Organization","@id":"https:\/\/www.tascapan.com\/#organization","name":"Tascapan","url":"https:\/\/www.tascapan.com\/","logo":{"@type":"ImageObject","inLanguage":"fr-FR","@id":"https:\/\/www.tascapan.com\/#\/schema\/logo\/image\/","url":"","contentUrl":"","caption":"Tascapan"},"image":{"@id":"https:\/\/www.tascapan.com\/#\/schema\/logo\/image\/"}}]}},"_links":{"self":[{"href":"https:\/\/www.tascapan.com\/fr\/wp-json\/wp\/v2\/product\/32496","targetHints":{"allow":["GET"]}}],"collection":[{"href":"https:\/\/www.tascapan.com\/fr\/wp-json\/wp\/v2\/product"}],"about":[{"href":"https:\/\/www.tascapan.com\/fr\/wp-json\/wp\/v2\/types\/product"}],"replies":[{"embeddable":true,"href":"https:\/\/www.tascapan.com\/fr\/wp-json\/wp\/v2\/comments?post=32496"}],"wp:featuredmedia":[{"embeddable":true,"href":"https:\/\/www.tascapan.com\/fr\/wp-json\/wp\/v2\/media\/33678"}],"wp:attachment":[{"href":"https:\/\/www.tascapan.com\/fr\/wp-json\/wp\/v2\/media?parent=32496"}],"wp:term":[{"taxonomy":"product_brand","embeddable":true,"href":"https:\/\/www.tascapan.com\/fr\/wp-json\/wp\/v2\/product_brand?post=32496"},{"taxonomy":"product_cat","embeddable":true,"href":"https:\/\/www.tascapan.com\/fr\/wp-json\/wp\/v2\/product_cat?post=32496"},{"taxonomy":"product_tag","embeddable":true,"href":"https:\/\/www.tascapan.com\/fr\/wp-json\/wp\/v2\/product_tag?post=32496"}],"curies":[{"name":"wp","href":"https:\/\/api.w.org\/{rel}","templated":true}]}}