{"id":32470,"date":"2023-03-14T16:27:49","date_gmt":"2023-03-14T15:27:49","guid":{"rendered":"https:\/\/www.tascapan.com\/prodotto\/genepy-classic\/"},"modified":"2024-09-18T13:22:57","modified_gmt":"2024-09-18T11:22:57","slug":"genepy-classic","status":"publish","type":"product","link":"https:\/\/www.tascapan.com\/fr\/prodotto\/genepy-classic\/","title":{"rendered":"G\u00e9n\u00e9py Classic"},"content":{"rendered":"<h2>Le G\u00e9n\u00e9py classique <a href=\"https:\/\/www.tascapan.com\/producer\/da-emy-azienda-agricola\/\">chez Emy&rsquo;s<\/a><\/h2>\n<p><b>La G\u00e9n\u00e9py  <\/b><span style=\"font-weight: 400;\">est le  <\/span><b>liqueur typique  <\/b><span style=\"font-weight: 400;\">de  <\/span><b>Vall\u00e9e d&rsquo;Aoste<\/b><span style=\"font-weight: 400;\">parfum\u00e9e et savoureuse : elle a le go\u00fbt des Alpes et est donc tr\u00e8s connue et appr\u00e9ci\u00e9e par les habitants du Val d&rsquo;Aoste.<\/span><\/p>\n<p><span style=\"font-weight: 400;\">Il s&rsquo;agit d&rsquo;un  <\/span><b>liqueur  <\/b><span style=\"font-weight: 400;\">sur la base de  <\/span><b>l&rsquo;alcool  <\/b><span style=\"font-weight: 400;\">e  <\/span><b>inflorescences s\u00e9ch\u00e9es de g\u00e9n\u00e9py<\/b><span style=\"font-weight: 400;\">une herbe qui pousse en montagne, \u00e0 tr\u00e8s haute altitude.<\/span><\/p>\n<p><span style=\"font-weight: 400;\">Vous le trouverez ici dans la version  <\/span><b>classique<\/b><span style=\"font-weight: 400;\">obtenu \u00e0 partir de la  <\/span><b>mac\u00e9ration<\/b><span style=\"font-weight: 400;\">  les semis de  <\/span><b>g\u00e9n\u00e9py dans l&rsquo;alcool<\/b><span style=\"font-weight: 400;\">.<\/span><\/p>\n<p><b>INGR\u00c9DIENTS :<\/b><\/p>\n<p><span style=\"font-weight: 400;\">Eau, alcool, sucre, inflorescences s\u00e9ch\u00e9es d&rsquo;Artemisia Umbelliformis<\/span><\/p>\n<p><b>BOUTEILLE :<\/b><\/p>\n<p><b>500 ml<\/b><\/p>\n<p><a href=\"https:\/\/www.tascapan.com\/1485\/il-genepy-valle-daosta-da-emy\/\"><b>EN SAVOIR PLUS SUR GENEPY<\/b><\/a><\/p>\n","protected":false},"excerpt":{"rendered":"<p><b>\u20ac 20,00<\/b><b><i>G\u00e9n\u00e9py Classic<\/i><\/b><b>1 G\u00e9n\u00e9py Classico <a href=\"https:\/\/www.tascapan.com\/producer\/da-emy-azienda-agricola\/\">d&rsquo;Emy<\/a> (0,5 l\/bouteille)<\/b><span style=\"font-weight: 400;\">Unique <strong>liqueur typique de la Vall\u00e9e d&rsquo;Aoste<\/strong>, obtenue par la mac\u00e9ration dans l&rsquo;alcool pendant 30 jours des pr\u00e9cieuses et aromatiques <strong>inflorescences du g\u00e9n\u00e9pi.<\/strong> <\/span><\/p>\n","protected":false},"featured_media":33732,"comment_status":"open","ping_status":"closed","template":"","meta":{"_acf_changed":false,"_monsterinsights_skip_tracking":false,"_monsterinsights_sitenote_active":false,"_monsterinsights_sitenote_note":"","_monsterinsights_sitenote_category":0},"product_brand":[],"product_cat":[1922],"product_tag":[],"class_list":{"0":"post-32470","1":"product","2":"type-product","3":"status-publish","4":"has-post-thumbnail","6":"product_cat-a-boire","7":"pa_producer-de-emy","9":"first","10":"instock","11":"taxable","12":"shipping-taxable","13":"product-type-external"},"acf":[],"yoast_head":"<!-- This site is optimized with the Yoast SEO Premium plugin v25.0 (Yoast SEO v26.8) - https:\/\/yoast.com\/product\/yoast-seo-premium-wordpress\/ -->\n<title>G\u00e9n\u00e9py - Liqueur traditionnelle du Vald\u00f4tain - De Emy - Tascapan<\/title>\n<meta name=\"description\" content=\"Une recette ancestrale pour l&#039;une des liqueurs les plus c\u00e9l\u00e8bres des Alpes : le G\u00e9n\u00e9py. Avec sa couleur verte inimitable et son go\u00fbt alpin : essayez-le chez vous !\" \/>\n<meta name=\"robots\" content=\"index, follow, max-snippet:-1, max-image-preview:large, max-video-preview:-1\" \/>\n<link rel=\"canonical\" href=\"https:\/\/www.tascapan.com\/fr\/prodotto\/genepy-classic\/\" \/>\n<meta property=\"og:locale\" content=\"fr_FR\" \/>\n<meta property=\"og:type\" content=\"article\" \/>\n<meta property=\"og:title\" content=\"G\u00e9n\u00e9py Classic\" \/>\n<meta property=\"og:description\" content=\"Une recette ancestrale pour l&#039;une des liqueurs les plus c\u00e9l\u00e8bres des Alpes : le G\u00e9n\u00e9py. Avec sa couleur verte inimitable et son go\u00fbt alpin : essayez-le chez vous !\" \/>\n<meta property=\"og:url\" content=\"https:\/\/www.tascapan.com\/fr\/prodotto\/genepy-classic\/\" \/>\n<meta property=\"og:site_name\" content=\"Tascapan\" \/>\n<meta property=\"article:modified_time\" content=\"2024-09-18T11:22:57+00:00\" \/>\n<meta property=\"og:image\" content=\"https:\/\/www.tascapan.com\/wp-content\/uploads\/2023\/04\/ROD202303TP__MG_8907_11zon-scaled.jpg\" \/>\n\t<meta property=\"og:image:width\" content=\"2000\" \/>\n\t<meta property=\"og:image:height\" content=\"1500\" \/>\n\t<meta property=\"og:image:type\" content=\"image\/jpeg\" \/>\n<meta name=\"twitter:card\" content=\"summary_large_image\" \/>\n<meta name=\"twitter:label1\" content=\"Dur\u00e9e de lecture estim\u00e9e\" \/>\n\t<meta name=\"twitter:data1\" content=\"1 minute\" \/>\n<script type=\"application\/ld+json\" class=\"yoast-schema-graph\">{\"@context\":\"https:\/\/schema.org\",\"@graph\":[{\"@type\":\"WebPage\",\"@id\":\"https:\/\/www.tascapan.com\/fr\/prodotto\/genepy-classic\/\",\"url\":\"https:\/\/www.tascapan.com\/fr\/prodotto\/genepy-classic\/\",\"name\":\"G\u00e9n\u00e9py - Liqueur traditionnelle du Vald\u00f4tain - De Emy - Tascapan\",\"isPartOf\":{\"@id\":\"https:\/\/www.tascapan.com\/#website\"},\"primaryImageOfPage\":{\"@id\":\"https:\/\/www.tascapan.com\/fr\/prodotto\/genepy-classic\/#primaryimage\"},\"image\":{\"@id\":\"https:\/\/www.tascapan.com\/fr\/prodotto\/genepy-classic\/#primaryimage\"},\"thumbnailUrl\":\"https:\/\/www.tascapan.com\/wp-content\/uploads\/2023\/04\/ROD202303TP__MG_8907_11zon-scaled.jpg\",\"datePublished\":\"2023-03-14T15:27:49+00:00\",\"dateModified\":\"2024-09-18T11:22:57+00:00\",\"description\":\"Une recette ancestrale pour l'une des liqueurs les plus c\u00e9l\u00e8bres des Alpes : le G\u00e9n\u00e9py. Avec sa couleur verte inimitable et son go\u00fbt alpin : essayez-le chez vous !\",\"breadcrumb\":{\"@id\":\"https:\/\/www.tascapan.com\/fr\/prodotto\/genepy-classic\/#breadcrumb\"},\"inLanguage\":\"fr-FR\",\"potentialAction\":[{\"@type\":\"ReadAction\",\"target\":[\"https:\/\/www.tascapan.com\/fr\/prodotto\/genepy-classic\/\"]}]},{\"@type\":\"ImageObject\",\"inLanguage\":\"fr-FR\",\"@id\":\"https:\/\/www.tascapan.com\/fr\/prodotto\/genepy-classic\/#primaryimage\",\"url\":\"https:\/\/www.tascapan.com\/wp-content\/uploads\/2023\/04\/ROD202303TP__MG_8907_11zon-scaled.jpg\",\"contentUrl\":\"https:\/\/www.tascapan.com\/wp-content\/uploads\/2023\/04\/ROD202303TP__MG_8907_11zon-scaled.jpg\",\"width\":2000,\"height\":1500,\"caption\":\"Le G\u00e9n\u00e9py Classico est une liqueur \u00e9labor\u00e9e \u00e0 partir d'alcool et d'inflorescences s\u00e9ch\u00e9es de g\u00e9n\u00e9pi, une herbe qui pousse en montagne \u00e0 tr\u00e8s haute altitude.\"},{\"@type\":\"BreadcrumbList\",\"@id\":\"https:\/\/www.tascapan.com\/fr\/prodotto\/genepy-classic\/#breadcrumb\",\"itemListElement\":[{\"@type\":\"ListItem\",\"position\":1,\"name\":\"Home\",\"item\":\"https:\/\/www.tascapan.com\/fr\/\"},{\"@type\":\"ListItem\",\"position\":2,\"name\":\"Boutique\",\"item\":\"https:\/\/www.tascapan.com\/fr\/boutique\/\"},{\"@type\":\"ListItem\",\"position\":3,\"name\":\"G\u00e9n\u00e9py Classic\"}]},{\"@type\":\"WebSite\",\"@id\":\"https:\/\/www.tascapan.com\/#website\",\"url\":\"https:\/\/www.tascapan.com\/\",\"name\":\"Tascapan\",\"description\":\"Prodotti Tipici della Valle d&#039;Aosta\",\"publisher\":{\"@id\":\"https:\/\/www.tascapan.com\/#organization\"},\"potentialAction\":[{\"@type\":\"SearchAction\",\"target\":{\"@type\":\"EntryPoint\",\"urlTemplate\":\"https:\/\/www.tascapan.com\/?s={search_term_string}\"},\"query-input\":{\"@type\":\"PropertyValueSpecification\",\"valueRequired\":true,\"valueName\":\"search_term_string\"}}],\"inLanguage\":\"fr-FR\"},{\"@type\":\"Organization\",\"@id\":\"https:\/\/www.tascapan.com\/#organization\",\"name\":\"Tascapan\",\"url\":\"https:\/\/www.tascapan.com\/\",\"logo\":{\"@type\":\"ImageObject\",\"inLanguage\":\"fr-FR\",\"@id\":\"https:\/\/www.tascapan.com\/#\/schema\/logo\/image\/\",\"url\":\"\",\"contentUrl\":\"\",\"caption\":\"Tascapan\"},\"image\":{\"@id\":\"https:\/\/www.tascapan.com\/#\/schema\/logo\/image\/\"}}]}<\/script>\n<!-- \/ Yoast SEO Premium plugin. -->","yoast_head_json":{"title":"G\u00e9n\u00e9py - Liqueur traditionnelle du Vald\u00f4tain - De Emy - Tascapan","description":"Une recette ancestrale pour l'une des liqueurs les plus c\u00e9l\u00e8bres des Alpes : le G\u00e9n\u00e9py. Avec sa couleur verte inimitable et son go\u00fbt alpin : essayez-le chez vous !","robots":{"index":"index","follow":"follow","max-snippet":"max-snippet:-1","max-image-preview":"max-image-preview:large","max-video-preview":"max-video-preview:-1"},"canonical":"https:\/\/www.tascapan.com\/fr\/prodotto\/genepy-classic\/","og_locale":"fr_FR","og_type":"article","og_title":"G\u00e9n\u00e9py Classic","og_description":"Une recette ancestrale pour l'une des liqueurs les plus c\u00e9l\u00e8bres des Alpes : le G\u00e9n\u00e9py. Avec sa couleur verte inimitable et son go\u00fbt alpin : essayez-le chez vous !","og_url":"https:\/\/www.tascapan.com\/fr\/prodotto\/genepy-classic\/","og_site_name":"Tascapan","article_modified_time":"2024-09-18T11:22:57+00:00","og_image":[{"width":2000,"height":1500,"url":"https:\/\/www.tascapan.com\/wp-content\/uploads\/2023\/04\/ROD202303TP__MG_8907_11zon-scaled.jpg","type":"image\/jpeg"}],"twitter_card":"summary_large_image","twitter_misc":{"Dur\u00e9e de lecture estim\u00e9e":"1 minute"},"schema":{"@context":"https:\/\/schema.org","@graph":[{"@type":"WebPage","@id":"https:\/\/www.tascapan.com\/fr\/prodotto\/genepy-classic\/","url":"https:\/\/www.tascapan.com\/fr\/prodotto\/genepy-classic\/","name":"G\u00e9n\u00e9py - Liqueur traditionnelle du Vald\u00f4tain - De Emy - Tascapan","isPartOf":{"@id":"https:\/\/www.tascapan.com\/#website"},"primaryImageOfPage":{"@id":"https:\/\/www.tascapan.com\/fr\/prodotto\/genepy-classic\/#primaryimage"},"image":{"@id":"https:\/\/www.tascapan.com\/fr\/prodotto\/genepy-classic\/#primaryimage"},"thumbnailUrl":"https:\/\/www.tascapan.com\/wp-content\/uploads\/2023\/04\/ROD202303TP__MG_8907_11zon-scaled.jpg","datePublished":"2023-03-14T15:27:49+00:00","dateModified":"2024-09-18T11:22:57+00:00","description":"Une recette ancestrale pour l'une des liqueurs les plus c\u00e9l\u00e8bres des Alpes : le G\u00e9n\u00e9py. Avec sa couleur verte inimitable et son go\u00fbt alpin : essayez-le chez vous !","breadcrumb":{"@id":"https:\/\/www.tascapan.com\/fr\/prodotto\/genepy-classic\/#breadcrumb"},"inLanguage":"fr-FR","potentialAction":[{"@type":"ReadAction","target":["https:\/\/www.tascapan.com\/fr\/prodotto\/genepy-classic\/"]}]},{"@type":"ImageObject","inLanguage":"fr-FR","@id":"https:\/\/www.tascapan.com\/fr\/prodotto\/genepy-classic\/#primaryimage","url":"https:\/\/www.tascapan.com\/wp-content\/uploads\/2023\/04\/ROD202303TP__MG_8907_11zon-scaled.jpg","contentUrl":"https:\/\/www.tascapan.com\/wp-content\/uploads\/2023\/04\/ROD202303TP__MG_8907_11zon-scaled.jpg","width":2000,"height":1500,"caption":"Le G\u00e9n\u00e9py Classico est une liqueur \u00e9labor\u00e9e \u00e0 partir d'alcool et d'inflorescences s\u00e9ch\u00e9es de g\u00e9n\u00e9pi, une herbe qui pousse en montagne \u00e0 tr\u00e8s haute altitude."},{"@type":"BreadcrumbList","@id":"https:\/\/www.tascapan.com\/fr\/prodotto\/genepy-classic\/#breadcrumb","itemListElement":[{"@type":"ListItem","position":1,"name":"Home","item":"https:\/\/www.tascapan.com\/fr\/"},{"@type":"ListItem","position":2,"name":"Boutique","item":"https:\/\/www.tascapan.com\/fr\/boutique\/"},{"@type":"ListItem","position":3,"name":"G\u00e9n\u00e9py Classic"}]},{"@type":"WebSite","@id":"https:\/\/www.tascapan.com\/#website","url":"https:\/\/www.tascapan.com\/","name":"Tascapan","description":"Prodotti Tipici della Valle d&#039;Aosta","publisher":{"@id":"https:\/\/www.tascapan.com\/#organization"},"potentialAction":[{"@type":"SearchAction","target":{"@type":"EntryPoint","urlTemplate":"https:\/\/www.tascapan.com\/?s={search_term_string}"},"query-input":{"@type":"PropertyValueSpecification","valueRequired":true,"valueName":"search_term_string"}}],"inLanguage":"fr-FR"},{"@type":"Organization","@id":"https:\/\/www.tascapan.com\/#organization","name":"Tascapan","url":"https:\/\/www.tascapan.com\/","logo":{"@type":"ImageObject","inLanguage":"fr-FR","@id":"https:\/\/www.tascapan.com\/#\/schema\/logo\/image\/","url":"","contentUrl":"","caption":"Tascapan"},"image":{"@id":"https:\/\/www.tascapan.com\/#\/schema\/logo\/image\/"}}]}},"_links":{"self":[{"href":"https:\/\/www.tascapan.com\/fr\/wp-json\/wp\/v2\/product\/32470","targetHints":{"allow":["GET"]}}],"collection":[{"href":"https:\/\/www.tascapan.com\/fr\/wp-json\/wp\/v2\/product"}],"about":[{"href":"https:\/\/www.tascapan.com\/fr\/wp-json\/wp\/v2\/types\/product"}],"replies":[{"embeddable":true,"href":"https:\/\/www.tascapan.com\/fr\/wp-json\/wp\/v2\/comments?post=32470"}],"wp:featuredmedia":[{"embeddable":true,"href":"https:\/\/www.tascapan.com\/fr\/wp-json\/wp\/v2\/media\/33732"}],"wp:attachment":[{"href":"https:\/\/www.tascapan.com\/fr\/wp-json\/wp\/v2\/media?parent=32470"}],"wp:term":[{"taxonomy":"product_brand","embeddable":true,"href":"https:\/\/www.tascapan.com\/fr\/wp-json\/wp\/v2\/product_brand?post=32470"},{"taxonomy":"product_cat","embeddable":true,"href":"https:\/\/www.tascapan.com\/fr\/wp-json\/wp\/v2\/product_cat?post=32470"},{"taxonomy":"product_tag","embeddable":true,"href":"https:\/\/www.tascapan.com\/fr\/wp-json\/wp\/v2\/product_tag?post=32470"}],"curies":[{"name":"wp","href":"https:\/\/api.w.org\/{rel}","templated":true}]}}