{"id":23546,"date":"2024-05-17T10:49:01","date_gmt":"2024-05-17T08:49:01","guid":{"rendered":"https:\/\/www.tascapan.com\/prodotto\/timo-serpillo\/"},"modified":"2024-05-17T10:49:01","modified_gmt":"2024-05-17T08:49:01","slug":"timo-serpillo","status":"publish","type":"product","link":"https:\/\/www.tascapan.com\/fr\/prodotto\/timo-serpillo\/","title":{"rendered":"Timo Serpillo"},"content":{"rendered":"<p>Le thym serpolet, \u00e9galement connu sous le nom de thym sauvage, est une plante commune \u00e0 toute l&rsquo;Europe et \u00e0 l&rsquo;Afrique du Nord, qui est tr\u00e8s r\u00e9pandue et a de nombreuses utilisations : en cuisine, comme plante ornementale et \u00e0 des fins m\u00e9dicinales.<br \/>\nPar rapport au thym commun, il a une saveur plus intense et plus am\u00e8re.<br \/>\nL&rsquo;exploitation agricole DA EMY cultive ces fleurs dans un champ situ\u00e9 dans le territoire prot\u00e9g\u00e9 du parc national du Grand Paradis, avec son propre label de qualit\u00e9.<br \/>\nPropri\u00e9t\u00e9s : Apaisant pour la toux, aide \u00e0 la digestion.<br \/>\nMode d&#8217;emploi Tisane Ecrasez le contenu du sachet, mettez une cuill\u00e8re dans une tasse d&rsquo;eau bouillante.<br \/>\nLaissez reposer environ 4 minutes, puis filtrez.<br \/>\nEn cuisine Pour parfumer vos plats.<br \/>\nLiqueur En mac\u00e9ration dans l&rsquo;alcool, elle lib\u00e8re une saveur tr\u00e8s balsamique et donne une liqueur digestive tr\u00e8s particuli\u00e8re.<br \/>\n*(Informations tir\u00e9es du livre \u00ab\u00a0Fleurs et plantes m\u00e9dicinales &#8211; Sant\u00e9 et beaut\u00e9 pour l&rsquo;homme\u00a0\u00bb d&rsquo;Aldo Poletti)        <\/p>\n","protected":false},"excerpt":{"rendered":"<p>Le thym serpolet, \u00e9galement connu sous le nom de thym sauvage, est une plante commune \u00e0 toute l&rsquo;Europe et \u00e0 l&rsquo;Afrique du Nord, qui est tr\u00e8s r\u00e9pandue et a de nombreuses utilisations : en cuisine, comme plante ornementale et \u00e0 des fins m\u00e9dicinales. Par rapport au thym commun, il a une saveur plus intense et [&hellip;]<\/p>\n","protected":false},"featured_media":23548,"comment_status":"open","ping_status":"closed","template":"","meta":{"_acf_changed":false,"_monsterinsights_skip_tracking":false,"_monsterinsights_sitenote_active":false,"_monsterinsights_sitenote_note":"","_monsterinsights_sitenote_category":0},"product_brand":[],"product_cat":[1900],"product_tag":[],"class_list":{"0":"post-23546","1":"product","2":"type-product","3":"status-publish","4":"has-post-thumbnail","6":"product_cat-a-manger","7":"pa_producer-de-emy","9":"first","10":"instock","11":"taxable","12":"shipping-taxable","13":"product-type-external"},"acf":[],"yoast_head":"<!-- This site is optimized with the Yoast SEO Premium plugin v25.0 (Yoast SEO v26.8) - https:\/\/yoast.com\/product\/yoast-seo-premium-wordpress\/ -->\n<title>Timo Serpillo - Tascapan<\/title>\n<meta name=\"description\" content=\"Le thym serpolet, \u00e9galement connu sous le nom de thym sauvage, est une plante commune \u00e0 toute l&#039;Europe et \u00e0 l&#039;Afrique du Nord, tr\u00e8s r\u00e9pandue et aux multiples usages.\" \/>\n<meta name=\"robots\" content=\"index, follow, max-snippet:-1, max-image-preview:large, max-video-preview:-1\" \/>\n<link rel=\"canonical\" href=\"https:\/\/www.tascapan.com\/fr\/prodotto\/timo-serpillo\/\" \/>\n<meta property=\"og:locale\" content=\"fr_FR\" \/>\n<meta property=\"og:type\" content=\"article\" \/>\n<meta property=\"og:title\" content=\"Timo Serpillo\" \/>\n<meta property=\"og:description\" content=\"Le thym serpolet, \u00e9galement connu sous le nom de thym sauvage, est une plante commune \u00e0 toute l&#039;Europe et \u00e0 l&#039;Afrique du Nord, tr\u00e8s r\u00e9pandue et aux multiples usages.\" \/>\n<meta property=\"og:url\" content=\"https:\/\/www.tascapan.com\/fr\/prodotto\/timo-serpillo\/\" \/>\n<meta property=\"og:site_name\" content=\"Tascapan\" \/>\n<meta property=\"og:image\" content=\"https:\/\/www.tascapan.com\/wp-content\/uploads\/2024\/05\/IMG_0756-1.webp\" \/>\n\t<meta property=\"og:image:width\" content=\"1875\" \/>\n\t<meta property=\"og:image:height\" content=\"2500\" \/>\n\t<meta property=\"og:image:type\" content=\"image\/webp\" \/>\n<meta name=\"twitter:card\" content=\"summary_large_image\" \/>\n<meta name=\"twitter:label1\" content=\"Dur\u00e9e de lecture estim\u00e9e\" \/>\n\t<meta name=\"twitter:data1\" content=\"1 minute\" \/>\n<script type=\"application\/ld+json\" class=\"yoast-schema-graph\">{\"@context\":\"https:\/\/schema.org\",\"@graph\":[{\"@type\":\"WebPage\",\"@id\":\"https:\/\/www.tascapan.com\/fr\/prodotto\/timo-serpillo\/\",\"url\":\"https:\/\/www.tascapan.com\/fr\/prodotto\/timo-serpillo\/\",\"name\":\"Timo Serpillo - Tascapan\",\"isPartOf\":{\"@id\":\"https:\/\/www.tascapan.com\/#website\"},\"primaryImageOfPage\":{\"@id\":\"https:\/\/www.tascapan.com\/fr\/prodotto\/timo-serpillo\/#primaryimage\"},\"image\":{\"@id\":\"https:\/\/www.tascapan.com\/fr\/prodotto\/timo-serpillo\/#primaryimage\"},\"thumbnailUrl\":\"https:\/\/www.tascapan.com\/wp-content\/uploads\/2024\/05\/IMG_0756-1.webp\",\"datePublished\":\"2024-05-17T08:49:01+00:00\",\"description\":\"Le thym serpolet, \u00e9galement connu sous le nom de thym sauvage, est une plante commune \u00e0 toute l'Europe et \u00e0 l'Afrique du Nord, tr\u00e8s r\u00e9pandue et aux multiples usages.\",\"breadcrumb\":{\"@id\":\"https:\/\/www.tascapan.com\/fr\/prodotto\/timo-serpillo\/#breadcrumb\"},\"inLanguage\":\"fr-FR\",\"potentialAction\":[{\"@type\":\"ReadAction\",\"target\":[\"https:\/\/www.tascapan.com\/fr\/prodotto\/timo-serpillo\/\"]}]},{\"@type\":\"ImageObject\",\"inLanguage\":\"fr-FR\",\"@id\":\"https:\/\/www.tascapan.com\/fr\/prodotto\/timo-serpillo\/#primaryimage\",\"url\":\"https:\/\/www.tascapan.com\/wp-content\/uploads\/2024\/05\/IMG_0756-1.webp\",\"contentUrl\":\"https:\/\/www.tascapan.com\/wp-content\/uploads\/2024\/05\/IMG_0756-1.webp\",\"width\":1875,\"height\":2500},{\"@type\":\"BreadcrumbList\",\"@id\":\"https:\/\/www.tascapan.com\/fr\/prodotto\/timo-serpillo\/#breadcrumb\",\"itemListElement\":[{\"@type\":\"ListItem\",\"position\":1,\"name\":\"Home\",\"item\":\"https:\/\/www.tascapan.com\/fr\/\"},{\"@type\":\"ListItem\",\"position\":2,\"name\":\"Boutique\",\"item\":\"https:\/\/www.tascapan.com\/fr\/boutique\/\"},{\"@type\":\"ListItem\",\"position\":3,\"name\":\"Timo Serpillo\"}]},{\"@type\":\"WebSite\",\"@id\":\"https:\/\/www.tascapan.com\/#website\",\"url\":\"https:\/\/www.tascapan.com\/\",\"name\":\"Tascapan\",\"description\":\"Prodotti Tipici della Valle d&#039;Aosta\",\"publisher\":{\"@id\":\"https:\/\/www.tascapan.com\/#organization\"},\"potentialAction\":[{\"@type\":\"SearchAction\",\"target\":{\"@type\":\"EntryPoint\",\"urlTemplate\":\"https:\/\/www.tascapan.com\/?s={search_term_string}\"},\"query-input\":{\"@type\":\"PropertyValueSpecification\",\"valueRequired\":true,\"valueName\":\"search_term_string\"}}],\"inLanguage\":\"fr-FR\"},{\"@type\":\"Organization\",\"@id\":\"https:\/\/www.tascapan.com\/#organization\",\"name\":\"Tascapan\",\"url\":\"https:\/\/www.tascapan.com\/\",\"logo\":{\"@type\":\"ImageObject\",\"inLanguage\":\"fr-FR\",\"@id\":\"https:\/\/www.tascapan.com\/#\/schema\/logo\/image\/\",\"url\":\"\",\"contentUrl\":\"\",\"caption\":\"Tascapan\"},\"image\":{\"@id\":\"https:\/\/www.tascapan.com\/#\/schema\/logo\/image\/\"}}]}<\/script>\n<!-- \/ Yoast SEO Premium plugin. -->","yoast_head_json":{"title":"Timo Serpillo - Tascapan","description":"Le thym serpolet, \u00e9galement connu sous le nom de thym sauvage, est une plante commune \u00e0 toute l'Europe et \u00e0 l'Afrique du Nord, tr\u00e8s r\u00e9pandue et aux multiples usages.","robots":{"index":"index","follow":"follow","max-snippet":"max-snippet:-1","max-image-preview":"max-image-preview:large","max-video-preview":"max-video-preview:-1"},"canonical":"https:\/\/www.tascapan.com\/fr\/prodotto\/timo-serpillo\/","og_locale":"fr_FR","og_type":"article","og_title":"Timo Serpillo","og_description":"Le thym serpolet, \u00e9galement connu sous le nom de thym sauvage, est une plante commune \u00e0 toute l'Europe et \u00e0 l'Afrique du Nord, tr\u00e8s r\u00e9pandue et aux multiples usages.","og_url":"https:\/\/www.tascapan.com\/fr\/prodotto\/timo-serpillo\/","og_site_name":"Tascapan","og_image":[{"width":1875,"height":2500,"url":"https:\/\/www.tascapan.com\/wp-content\/uploads\/2024\/05\/IMG_0756-1.webp","type":"image\/webp"}],"twitter_card":"summary_large_image","twitter_misc":{"Dur\u00e9e de lecture estim\u00e9e":"1 minute"},"schema":{"@context":"https:\/\/schema.org","@graph":[{"@type":"WebPage","@id":"https:\/\/www.tascapan.com\/fr\/prodotto\/timo-serpillo\/","url":"https:\/\/www.tascapan.com\/fr\/prodotto\/timo-serpillo\/","name":"Timo Serpillo - Tascapan","isPartOf":{"@id":"https:\/\/www.tascapan.com\/#website"},"primaryImageOfPage":{"@id":"https:\/\/www.tascapan.com\/fr\/prodotto\/timo-serpillo\/#primaryimage"},"image":{"@id":"https:\/\/www.tascapan.com\/fr\/prodotto\/timo-serpillo\/#primaryimage"},"thumbnailUrl":"https:\/\/www.tascapan.com\/wp-content\/uploads\/2024\/05\/IMG_0756-1.webp","datePublished":"2024-05-17T08:49:01+00:00","description":"Le thym serpolet, \u00e9galement connu sous le nom de thym sauvage, est une plante commune \u00e0 toute l'Europe et \u00e0 l'Afrique du Nord, tr\u00e8s r\u00e9pandue et aux multiples usages.","breadcrumb":{"@id":"https:\/\/www.tascapan.com\/fr\/prodotto\/timo-serpillo\/#breadcrumb"},"inLanguage":"fr-FR","potentialAction":[{"@type":"ReadAction","target":["https:\/\/www.tascapan.com\/fr\/prodotto\/timo-serpillo\/"]}]},{"@type":"ImageObject","inLanguage":"fr-FR","@id":"https:\/\/www.tascapan.com\/fr\/prodotto\/timo-serpillo\/#primaryimage","url":"https:\/\/www.tascapan.com\/wp-content\/uploads\/2024\/05\/IMG_0756-1.webp","contentUrl":"https:\/\/www.tascapan.com\/wp-content\/uploads\/2024\/05\/IMG_0756-1.webp","width":1875,"height":2500},{"@type":"BreadcrumbList","@id":"https:\/\/www.tascapan.com\/fr\/prodotto\/timo-serpillo\/#breadcrumb","itemListElement":[{"@type":"ListItem","position":1,"name":"Home","item":"https:\/\/www.tascapan.com\/fr\/"},{"@type":"ListItem","position":2,"name":"Boutique","item":"https:\/\/www.tascapan.com\/fr\/boutique\/"},{"@type":"ListItem","position":3,"name":"Timo Serpillo"}]},{"@type":"WebSite","@id":"https:\/\/www.tascapan.com\/#website","url":"https:\/\/www.tascapan.com\/","name":"Tascapan","description":"Prodotti Tipici della Valle d&#039;Aosta","publisher":{"@id":"https:\/\/www.tascapan.com\/#organization"},"potentialAction":[{"@type":"SearchAction","target":{"@type":"EntryPoint","urlTemplate":"https:\/\/www.tascapan.com\/?s={search_term_string}"},"query-input":{"@type":"PropertyValueSpecification","valueRequired":true,"valueName":"search_term_string"}}],"inLanguage":"fr-FR"},{"@type":"Organization","@id":"https:\/\/www.tascapan.com\/#organization","name":"Tascapan","url":"https:\/\/www.tascapan.com\/","logo":{"@type":"ImageObject","inLanguage":"fr-FR","@id":"https:\/\/www.tascapan.com\/#\/schema\/logo\/image\/","url":"","contentUrl":"","caption":"Tascapan"},"image":{"@id":"https:\/\/www.tascapan.com\/#\/schema\/logo\/image\/"}}]}},"_links":{"self":[{"href":"https:\/\/www.tascapan.com\/fr\/wp-json\/wp\/v2\/product\/23546","targetHints":{"allow":["GET"]}}],"collection":[{"href":"https:\/\/www.tascapan.com\/fr\/wp-json\/wp\/v2\/product"}],"about":[{"href":"https:\/\/www.tascapan.com\/fr\/wp-json\/wp\/v2\/types\/product"}],"replies":[{"embeddable":true,"href":"https:\/\/www.tascapan.com\/fr\/wp-json\/wp\/v2\/comments?post=23546"}],"wp:featuredmedia":[{"embeddable":true,"href":"https:\/\/www.tascapan.com\/fr\/wp-json\/wp\/v2\/media\/23548"}],"wp:attachment":[{"href":"https:\/\/www.tascapan.com\/fr\/wp-json\/wp\/v2\/media?parent=23546"}],"wp:term":[{"taxonomy":"product_brand","embeddable":true,"href":"https:\/\/www.tascapan.com\/fr\/wp-json\/wp\/v2\/product_brand?post=23546"},{"taxonomy":"product_cat","embeddable":true,"href":"https:\/\/www.tascapan.com\/fr\/wp-json\/wp\/v2\/product_cat?post=23546"},{"taxonomy":"product_tag","embeddable":true,"href":"https:\/\/www.tascapan.com\/fr\/wp-json\/wp\/v2\/product_tag?post=23546"}],"curies":[{"name":"wp","href":"https:\/\/api.w.org\/{rel}","templated":true}]}}