{"id":23510,"date":"2024-05-17T10:55:10","date_gmt":"2024-05-17T08:55:10","guid":{"rendered":"https:\/\/www.tascapan.com\/prodotto\/trio-de-desserts-genepiques\/"},"modified":"2024-05-17T10:55:10","modified_gmt":"2024-05-17T08:55:10","slug":"trio-de-desserts-genepiques","status":"publish","type":"product","link":"https:\/\/www.tascapan.com\/fr\/prodotto\/trio-de-desserts-genepiques\/","title":{"rendered":"Trio de desserts g\u00e9n\u00e9piques"},"content":{"rendered":"<p><span style=\"font-weight: 400;\">Laissez-vous surprendre par des saveurs montagnardes sous une forme tr\u00e8s inhabituelle : le g\u00e9n\u00e9pi joue le r\u00f4le principal mais, cette fois, sous une forme non alcoolis\u00e9e.<\/span><\/p>\n<p><span style=\"font-weight: 400;\">Tous nos bonbons sont fabriqu\u00e9s \u00e0 la main par des professionnels locaux avec lesquels nous collaborons, et ont pour ingr\u00e9dient principal la graine du g\u00e9n\u00e9pi.<\/span><\/p>\n<p><span style=\"font-weight: 400;\">La rencontre entre de savoureux bonbons et cette plante particuli\u00e8re donne lieu \u00e0 une explosion de saveurs savamment \u00e9quilibr\u00e9e o\u00f9 le sucr\u00e9 et l&rsquo;amer se m\u00e9langent pour cr\u00e9er des go\u00fbts uniques.<\/span><\/p>\n<h3><span style=\"font-weight: 400;\">Biscuits g\u00e9n\u00e9piques<\/span><\/h3>\n<p><span style=\"font-weight: 400;\">D\u00e9licieux au petit d\u00e9jeuner et au go\u00fbter.<br \/>\nNotre produit phare, le g\u00e9n\u00e9py, obtenu \u00e0 partir de nos propres plants cultiv\u00e9s en altitude, est associ\u00e9 \u00e0 la douceur d&rsquo;un sabl\u00e9 app\u00e9tissant. <\/span><\/p>\n<p><span style=\"font-weight: 400;\">Pour les cr\u00e9er, nous avons fait appel aux mains expertes d&rsquo;Andrea Zambelli, le ma\u00eetre p\u00e2tissier de la p\u00e2tisserie historique \u00e9ponyme de Valsavarenche.<\/span><\/p>\n<h3><span style=\"font-weight: 400;\">Meringues d&rsquo;Emy<\/span><\/h3>\n<p><span style=\"font-weight: 400;\">Petit et gourmand, notre produit phare, le g\u00e9n\u00e9py, obtenu \u00e0 partir de nos plants cultiv\u00e9s en altitude, s&rsquo;associe \u00e0 la douceur d&rsquo;une meringue app\u00e9tissante.<\/span><\/p>\n<p><span style=\"font-weight: 400;\">Pour r\u00e9aliser tout cela, nous avons fait appel aux mains expertes d&rsquo;Andrea Zambelli, le ma\u00eetre p\u00e2tissier de la p\u00e2tisserie historique \u00e9ponyme de Valsavarenche.<\/span><\/p>\n<h3><span style=\"font-weight: 400;\">G\u00e9n\u00e9reux chocolat<\/span><\/h3>\n<p><span style=\"font-weight: 400;\">Tablette de chocolat noir \u00e0 70%, notre produit phare, le g\u00e9n\u00e9py, obtenu \u00e0 partir de nos plants cultiv\u00e9s en haute montagne, est associ\u00e9 \u00e0 l&rsquo;ar\u00f4me d&rsquo;un chocolat noir de la plus haute qualit\u00e9.<\/span><\/p>\n<p><span style=\"font-weight: 400;\">Pour ce faire, nous avons fait appel aux mains expertes de la chocolaterie Robbiano d&rsquo;Arvier (Aoste).<\/span><\/p>\n","protected":false},"excerpt":{"rendered":"<p>Laissez-vous surprendre par des saveurs montagnardes sous une forme tr\u00e8s inhabituelle : le g\u00e9n\u00e9pi joue le r\u00f4le principal mais, cette fois, sous une forme non alcoolis\u00e9e. Tous nos bonbons sont fabriqu\u00e9s \u00e0 la main par des professionnels locaux avec lesquels nous collaborons, et ont pour ingr\u00e9dient principal la graine du g\u00e9n\u00e9pi. La rencontre entre de [&hellip;]<\/p>\n","protected":false},"featured_media":23514,"comment_status":"open","ping_status":"closed","template":"","meta":{"_acf_changed":false,"_monsterinsights_skip_tracking":false,"_monsterinsights_sitenote_active":false,"_monsterinsights_sitenote_note":"","_monsterinsights_sitenote_category":0},"product_brand":[],"product_cat":[1900],"product_tag":[],"class_list":{"0":"post-23510","1":"product","2":"type-product","3":"status-publish","4":"has-post-thumbnail","6":"product_cat-a-manger","7":"pa_producer-de-emy","9":"first","10":"instock","11":"taxable","12":"shipping-taxable","13":"product-type-external"},"acf":[],"yoast_head":"<!-- This site is optimized with the Yoast SEO Premium plugin v25.0 (Yoast SEO v26.8) - https:\/\/yoast.com\/product\/yoast-seo-premium-wordpress\/ -->\n<title>Trio de desserts g\u00e9n\u00e9piques - Tascapan<\/title>\n<meta name=\"description\" content=\"Laissez-vous surprendre par des saveurs montagnardes sous une forme inhabituelle : le g\u00e9n\u00e9pi joue les vedettes mais, cette fois, sous une forme non alcoolis\u00e9e.\" \/>\n<meta name=\"robots\" content=\"index, follow, max-snippet:-1, max-image-preview:large, max-video-preview:-1\" \/>\n<link rel=\"canonical\" href=\"https:\/\/www.tascapan.com\/fr\/prodotto\/trio-de-desserts-genepiques\/\" \/>\n<meta property=\"og:locale\" content=\"fr_FR\" \/>\n<meta property=\"og:type\" content=\"article\" \/>\n<meta property=\"og:title\" content=\"Trio de desserts g\u00e9n\u00e9piques\" \/>\n<meta property=\"og:description\" content=\"Laissez-vous surprendre par des saveurs montagnardes sous une forme inhabituelle : le g\u00e9n\u00e9pi joue les vedettes mais, cette fois, sous une forme non alcoolis\u00e9e.\" \/>\n<meta property=\"og:url\" content=\"https:\/\/www.tascapan.com\/fr\/prodotto\/trio-de-desserts-genepiques\/\" \/>\n<meta property=\"og:site_name\" content=\"Tascapan\" \/>\n<meta property=\"og:image\" content=\"https:\/\/www.tascapan.com\/wp-content\/uploads\/2024\/05\/IMG_2785.webp\" \/>\n\t<meta property=\"og:image:width\" content=\"1500\" \/>\n\t<meta property=\"og:image:height\" content=\"2000\" \/>\n\t<meta property=\"og:image:type\" content=\"image\/webp\" \/>\n<meta name=\"twitter:card\" content=\"summary_large_image\" \/>\n<meta name=\"twitter:label1\" content=\"Dur\u00e9e de lecture estim\u00e9e\" \/>\n\t<meta name=\"twitter:data1\" content=\"1 minute\" \/>\n<script type=\"application\/ld+json\" class=\"yoast-schema-graph\">{\"@context\":\"https:\/\/schema.org\",\"@graph\":[{\"@type\":\"WebPage\",\"@id\":\"https:\/\/www.tascapan.com\/fr\/prodotto\/trio-de-desserts-genepiques\/\",\"url\":\"https:\/\/www.tascapan.com\/fr\/prodotto\/trio-de-desserts-genepiques\/\",\"name\":\"Trio de desserts g\u00e9n\u00e9piques - Tascapan\",\"isPartOf\":{\"@id\":\"https:\/\/www.tascapan.com\/#website\"},\"primaryImageOfPage\":{\"@id\":\"https:\/\/www.tascapan.com\/fr\/prodotto\/trio-de-desserts-genepiques\/#primaryimage\"},\"image\":{\"@id\":\"https:\/\/www.tascapan.com\/fr\/prodotto\/trio-de-desserts-genepiques\/#primaryimage\"},\"thumbnailUrl\":\"https:\/\/www.tascapan.com\/wp-content\/uploads\/2024\/05\/IMG_2785.webp\",\"datePublished\":\"2024-05-17T08:55:10+00:00\",\"description\":\"Laissez-vous surprendre par des saveurs montagnardes sous une forme inhabituelle : le g\u00e9n\u00e9pi joue les vedettes mais, cette fois, sous une forme non alcoolis\u00e9e.\",\"breadcrumb\":{\"@id\":\"https:\/\/www.tascapan.com\/fr\/prodotto\/trio-de-desserts-genepiques\/#breadcrumb\"},\"inLanguage\":\"fr-FR\",\"potentialAction\":[{\"@type\":\"ReadAction\",\"target\":[\"https:\/\/www.tascapan.com\/fr\/prodotto\/trio-de-desserts-genepiques\/\"]}]},{\"@type\":\"ImageObject\",\"inLanguage\":\"fr-FR\",\"@id\":\"https:\/\/www.tascapan.com\/fr\/prodotto\/trio-de-desserts-genepiques\/#primaryimage\",\"url\":\"https:\/\/www.tascapan.com\/wp-content\/uploads\/2024\/05\/IMG_2785.webp\",\"contentUrl\":\"https:\/\/www.tascapan.com\/wp-content\/uploads\/2024\/05\/IMG_2785.webp\",\"width\":1500,\"height\":2000},{\"@type\":\"BreadcrumbList\",\"@id\":\"https:\/\/www.tascapan.com\/fr\/prodotto\/trio-de-desserts-genepiques\/#breadcrumb\",\"itemListElement\":[{\"@type\":\"ListItem\",\"position\":1,\"name\":\"Home\",\"item\":\"https:\/\/www.tascapan.com\/fr\/\"},{\"@type\":\"ListItem\",\"position\":2,\"name\":\"Boutique\",\"item\":\"https:\/\/www.tascapan.com\/fr\/boutique\/\"},{\"@type\":\"ListItem\",\"position\":3,\"name\":\"Trio de desserts g\u00e9n\u00e9piques\"}]},{\"@type\":\"WebSite\",\"@id\":\"https:\/\/www.tascapan.com\/#website\",\"url\":\"https:\/\/www.tascapan.com\/\",\"name\":\"Tascapan\",\"description\":\"Prodotti Tipici della Valle d&#039;Aosta\",\"publisher\":{\"@id\":\"https:\/\/www.tascapan.com\/#organization\"},\"potentialAction\":[{\"@type\":\"SearchAction\",\"target\":{\"@type\":\"EntryPoint\",\"urlTemplate\":\"https:\/\/www.tascapan.com\/?s={search_term_string}\"},\"query-input\":{\"@type\":\"PropertyValueSpecification\",\"valueRequired\":true,\"valueName\":\"search_term_string\"}}],\"inLanguage\":\"fr-FR\"},{\"@type\":\"Organization\",\"@id\":\"https:\/\/www.tascapan.com\/#organization\",\"name\":\"Tascapan\",\"url\":\"https:\/\/www.tascapan.com\/\",\"logo\":{\"@type\":\"ImageObject\",\"inLanguage\":\"fr-FR\",\"@id\":\"https:\/\/www.tascapan.com\/#\/schema\/logo\/image\/\",\"url\":\"\",\"contentUrl\":\"\",\"caption\":\"Tascapan\"},\"image\":{\"@id\":\"https:\/\/www.tascapan.com\/#\/schema\/logo\/image\/\"}}]}<\/script>\n<!-- \/ Yoast SEO Premium plugin. -->","yoast_head_json":{"title":"Trio de desserts g\u00e9n\u00e9piques - Tascapan","description":"Laissez-vous surprendre par des saveurs montagnardes sous une forme inhabituelle : le g\u00e9n\u00e9pi joue les vedettes mais, cette fois, sous une forme non alcoolis\u00e9e.","robots":{"index":"index","follow":"follow","max-snippet":"max-snippet:-1","max-image-preview":"max-image-preview:large","max-video-preview":"max-video-preview:-1"},"canonical":"https:\/\/www.tascapan.com\/fr\/prodotto\/trio-de-desserts-genepiques\/","og_locale":"fr_FR","og_type":"article","og_title":"Trio de desserts g\u00e9n\u00e9piques","og_description":"Laissez-vous surprendre par des saveurs montagnardes sous une forme inhabituelle : le g\u00e9n\u00e9pi joue les vedettes mais, cette fois, sous une forme non alcoolis\u00e9e.","og_url":"https:\/\/www.tascapan.com\/fr\/prodotto\/trio-de-desserts-genepiques\/","og_site_name":"Tascapan","og_image":[{"width":1500,"height":2000,"url":"https:\/\/www.tascapan.com\/wp-content\/uploads\/2024\/05\/IMG_2785.webp","type":"image\/webp"}],"twitter_card":"summary_large_image","twitter_misc":{"Dur\u00e9e de lecture estim\u00e9e":"1 minute"},"schema":{"@context":"https:\/\/schema.org","@graph":[{"@type":"WebPage","@id":"https:\/\/www.tascapan.com\/fr\/prodotto\/trio-de-desserts-genepiques\/","url":"https:\/\/www.tascapan.com\/fr\/prodotto\/trio-de-desserts-genepiques\/","name":"Trio de desserts g\u00e9n\u00e9piques - Tascapan","isPartOf":{"@id":"https:\/\/www.tascapan.com\/#website"},"primaryImageOfPage":{"@id":"https:\/\/www.tascapan.com\/fr\/prodotto\/trio-de-desserts-genepiques\/#primaryimage"},"image":{"@id":"https:\/\/www.tascapan.com\/fr\/prodotto\/trio-de-desserts-genepiques\/#primaryimage"},"thumbnailUrl":"https:\/\/www.tascapan.com\/wp-content\/uploads\/2024\/05\/IMG_2785.webp","datePublished":"2024-05-17T08:55:10+00:00","description":"Laissez-vous surprendre par des saveurs montagnardes sous une forme inhabituelle : le g\u00e9n\u00e9pi joue les vedettes mais, cette fois, sous une forme non alcoolis\u00e9e.","breadcrumb":{"@id":"https:\/\/www.tascapan.com\/fr\/prodotto\/trio-de-desserts-genepiques\/#breadcrumb"},"inLanguage":"fr-FR","potentialAction":[{"@type":"ReadAction","target":["https:\/\/www.tascapan.com\/fr\/prodotto\/trio-de-desserts-genepiques\/"]}]},{"@type":"ImageObject","inLanguage":"fr-FR","@id":"https:\/\/www.tascapan.com\/fr\/prodotto\/trio-de-desserts-genepiques\/#primaryimage","url":"https:\/\/www.tascapan.com\/wp-content\/uploads\/2024\/05\/IMG_2785.webp","contentUrl":"https:\/\/www.tascapan.com\/wp-content\/uploads\/2024\/05\/IMG_2785.webp","width":1500,"height":2000},{"@type":"BreadcrumbList","@id":"https:\/\/www.tascapan.com\/fr\/prodotto\/trio-de-desserts-genepiques\/#breadcrumb","itemListElement":[{"@type":"ListItem","position":1,"name":"Home","item":"https:\/\/www.tascapan.com\/fr\/"},{"@type":"ListItem","position":2,"name":"Boutique","item":"https:\/\/www.tascapan.com\/fr\/boutique\/"},{"@type":"ListItem","position":3,"name":"Trio de desserts g\u00e9n\u00e9piques"}]},{"@type":"WebSite","@id":"https:\/\/www.tascapan.com\/#website","url":"https:\/\/www.tascapan.com\/","name":"Tascapan","description":"Prodotti Tipici della Valle d&#039;Aosta","publisher":{"@id":"https:\/\/www.tascapan.com\/#organization"},"potentialAction":[{"@type":"SearchAction","target":{"@type":"EntryPoint","urlTemplate":"https:\/\/www.tascapan.com\/?s={search_term_string}"},"query-input":{"@type":"PropertyValueSpecification","valueRequired":true,"valueName":"search_term_string"}}],"inLanguage":"fr-FR"},{"@type":"Organization","@id":"https:\/\/www.tascapan.com\/#organization","name":"Tascapan","url":"https:\/\/www.tascapan.com\/","logo":{"@type":"ImageObject","inLanguage":"fr-FR","@id":"https:\/\/www.tascapan.com\/#\/schema\/logo\/image\/","url":"","contentUrl":"","caption":"Tascapan"},"image":{"@id":"https:\/\/www.tascapan.com\/#\/schema\/logo\/image\/"}}]}},"_links":{"self":[{"href":"https:\/\/www.tascapan.com\/fr\/wp-json\/wp\/v2\/product\/23510","targetHints":{"allow":["GET"]}}],"collection":[{"href":"https:\/\/www.tascapan.com\/fr\/wp-json\/wp\/v2\/product"}],"about":[{"href":"https:\/\/www.tascapan.com\/fr\/wp-json\/wp\/v2\/types\/product"}],"replies":[{"embeddable":true,"href":"https:\/\/www.tascapan.com\/fr\/wp-json\/wp\/v2\/comments?post=23510"}],"wp:featuredmedia":[{"embeddable":true,"href":"https:\/\/www.tascapan.com\/fr\/wp-json\/wp\/v2\/media\/23514"}],"wp:attachment":[{"href":"https:\/\/www.tascapan.com\/fr\/wp-json\/wp\/v2\/media?parent=23510"}],"wp:term":[{"taxonomy":"product_brand","embeddable":true,"href":"https:\/\/www.tascapan.com\/fr\/wp-json\/wp\/v2\/product_brand?post=23510"},{"taxonomy":"product_cat","embeddable":true,"href":"https:\/\/www.tascapan.com\/fr\/wp-json\/wp\/v2\/product_cat?post=23510"},{"taxonomy":"product_tag","embeddable":true,"href":"https:\/\/www.tascapan.com\/fr\/wp-json\/wp\/v2\/product_tag?post=23510"}],"curies":[{"name":"wp","href":"https:\/\/api.w.org\/{rel}","templated":true}]}}