{"id":32446,"date":"2023-03-13T10:32:18","date_gmt":"2023-03-13T09:32:18","guid":{"rendered":"https:\/\/www.tascapan.com\/a-propos-de-nous\/"},"modified":"2024-12-03T15:03:56","modified_gmt":"2024-12-03T14:03:56","slug":"a-propos-de-nous","status":"publish","type":"page","link":"https:\/\/www.tascapan.com\/fr\/a-propos-de-nous\/","title":{"rendered":"A propos de nous"},"content":{"rendered":"\n<figure class=\"wp-block-image size-full\"><img loading=\"lazy\" decoding=\"async\" width=\"2000\" height=\"1334\" src=\"https:\/\/www.tascapan.com\/wp-content\/uploads\/2023\/05\/MG_0068_11zon-scaled.jpg\" alt=\"\" class=\"wp-image-2331\" srcset=\"https:\/\/www.tascapan.com\/wp-content\/uploads\/2023\/05\/MG_0068_11zon-scaled.jpg 2000w, https:\/\/www.tascapan.com\/wp-content\/uploads\/2023\/05\/MG_0068_11zon-1536x1024.jpg 1536w, https:\/\/www.tascapan.com\/wp-content\/uploads\/2023\/05\/MG_0068_11zon-2048x1365.jpg 2048w, https:\/\/www.tascapan.com\/wp-content\/uploads\/2023\/05\/MG_0068_11zon-1024x683.jpg 1024w, https:\/\/www.tascapan.com\/wp-content\/uploads\/2023\/05\/MG_0068_11zon-600x400.jpg 600w, https:\/\/www.tascapan.com\/wp-content\/uploads\/2023\/05\/MG_0068_11zon-350x233.jpg 350w\" sizes=\"auto, (max-width: 2000px) 100vw, 2000px\" \/><\/figure>\n\n<h2 class=\"wp-block-heading\">Entrez dans le <em>monde de<\/em> Tascapan<\/h2>\n\n<p>Bonjour, je m&rsquo;appelle Davide et j&rsquo;ai un but : vous accompagner avec mes yeux pour d\u00e9couvrir l&rsquo;endroit o\u00f9 je suis n\u00e9 et o\u00f9 j&rsquo;ai grandi !<\/p>\n\n<p>Cependant, je ne suis pas le protagoniste de cette histoire, mais plut\u00f4t les visages et les mains qui rendent l&rsquo;exp\u00e9rience vald\u00f4taine unique.\nLaissez-vous accompagner par les histoires des artisans et des producteurs, choisissez o\u00f9 dormir et o\u00f9 manger, tout cela sur Tascapan ! <\/p>\n\n<p>Surfer sur le Tascapan, c&rsquo;est comme se promener sur les sentiers de la Vall\u00e9e d&rsquo;Aoste, regarder le ciel et les montagnes, fr\u00f4ler les feuilles des vignes et l&rsquo;herbe haute des p\u00e2turages.<\/p>\n\n<p>Vous pouvez entendre le bourdonnement des abeilles, les cloches des vaches et des ch\u00e8vres, le parfum des vergers et des fleurs de haute montagne.<\/p>\n\n<p>Qu&rsquo;attendez-vous ?\nD\u00e9couvrez, go\u00fbtez, vivez la Vall\u00e9e d&rsquo;Aoste. <\/p>\n\n<p>Davide<\/p>\n\n<p><\/p>\n","protected":false},"excerpt":{"rendered":"<p>Entrez dans le monde de Tascapan Bonjour, je m&rsquo;appelle Davide et j&rsquo;ai un but : vous accompagner avec mes yeux pour d\u00e9couvrir l&rsquo;endroit o\u00f9 je suis n\u00e9 et o\u00f9 j&rsquo;ai grandi ! Cependant, je ne suis pas le protagoniste de cette histoire, mais plut\u00f4t les visages et les mains qui rendent l&rsquo;exp\u00e9rience vald\u00f4taine unique. Laissez-vous [&hellip;]<\/p>\n","protected":false},"author":1,"featured_media":0,"parent":0,"menu_order":0,"comment_status":"closed","ping_status":"closed","template":"","meta":{"_acf_changed":false,"_monsterinsights_skip_tracking":false,"_monsterinsights_sitenote_active":false,"_monsterinsights_sitenote_note":"","_monsterinsights_sitenote_category":0,"footnotes":""},"class_list":["post-32446","page","type-page","status-publish","hentry"],"acf":[],"yoast_head":"<!-- This site is optimized with the Yoast SEO Premium plugin v25.0 (Yoast SEO v26.8) - https:\/\/yoast.com\/product\/yoast-seo-premium-wordpress\/ -->\n<title>\u00c0 propos de nous - Tascapan Vall\u00e9e d&#039;Aoste<\/title>\n<meta name=\"description\" content=\"Venez d\u00e9couvrir qui se cache derri\u00e8re Tascapan, le magasin qui apporte l&#039;excellence de la Vall\u00e9e d&#039;Aoste directement chez vous !\" \/>\n<meta name=\"robots\" content=\"index, follow, max-snippet:-1, max-image-preview:large, max-video-preview:-1\" \/>\n<link rel=\"canonical\" href=\"https:\/\/www.tascapan.com\/fr\/a-propos-de-nous\/\" \/>\n<meta property=\"og:locale\" content=\"fr_FR\" \/>\n<meta property=\"og:type\" content=\"article\" \/>\n<meta property=\"og:title\" content=\"A propos de nous\" \/>\n<meta property=\"og:description\" content=\"Venez d\u00e9couvrir qui se cache derri\u00e8re Tascapan, le magasin qui apporte l&#039;excellence de la Vall\u00e9e d&#039;Aoste directement chez vous !\" \/>\n<meta property=\"og:url\" content=\"https:\/\/www.tascapan.com\/fr\/a-propos-de-nous\/\" \/>\n<meta property=\"og:site_name\" content=\"Tascapan\" \/>\n<meta property=\"article:modified_time\" content=\"2024-12-03T14:03:56+00:00\" \/>\n<meta property=\"og:image\" content=\"https:\/\/www.tascapan.com\/wp-content\/uploads\/2023\/05\/MG_0068_11zon-scaled.jpg\" \/>\n<meta name=\"twitter:card\" content=\"summary_large_image\" \/>\n<meta name=\"twitter:label1\" content=\"Dur\u00e9e de lecture estim\u00e9e\" \/>\n\t<meta name=\"twitter:data1\" content=\"1 minute\" \/>\n<script type=\"application\/ld+json\" class=\"yoast-schema-graph\">{\"@context\":\"https:\/\/schema.org\",\"@graph\":[{\"@type\":\"WebPage\",\"@id\":\"https:\/\/www.tascapan.com\/fr\/a-propos-de-nous\/\",\"url\":\"https:\/\/www.tascapan.com\/fr\/a-propos-de-nous\/\",\"name\":\"\u00c0 propos de nous - Tascapan Vall\u00e9e d'Aoste\",\"isPartOf\":{\"@id\":\"https:\/\/www.tascapan.com\/#website\"},\"primaryImageOfPage\":{\"@id\":\"https:\/\/www.tascapan.com\/fr\/a-propos-de-nous\/#primaryimage\"},\"image\":{\"@id\":\"https:\/\/www.tascapan.com\/fr\/a-propos-de-nous\/#primaryimage\"},\"thumbnailUrl\":\"https:\/\/www.tascapan.com\/wp-content\/uploads\/2023\/05\/MG_0068_11zon-scaled.jpg\",\"datePublished\":\"2023-03-13T09:32:18+00:00\",\"dateModified\":\"2024-12-03T14:03:56+00:00\",\"description\":\"Venez d\u00e9couvrir qui se cache derri\u00e8re Tascapan, le magasin qui apporte l'excellence de la Vall\u00e9e d'Aoste directement chez vous !\",\"breadcrumb\":{\"@id\":\"https:\/\/www.tascapan.com\/fr\/a-propos-de-nous\/#breadcrumb\"},\"inLanguage\":\"fr-FR\",\"potentialAction\":[{\"@type\":\"ReadAction\",\"target\":[\"https:\/\/www.tascapan.com\/fr\/a-propos-de-nous\/\"]}]},{\"@type\":\"ImageObject\",\"inLanguage\":\"fr-FR\",\"@id\":\"https:\/\/www.tascapan.com\/fr\/a-propos-de-nous\/#primaryimage\",\"url\":\"https:\/\/www.tascapan.com\/wp-content\/uploads\/2023\/05\/MG_0068_11zon-scaled.jpg\",\"contentUrl\":\"https:\/\/www.tascapan.com\/wp-content\/uploads\/2023\/05\/MG_0068_11zon-scaled.jpg\"},{\"@type\":\"BreadcrumbList\",\"@id\":\"https:\/\/www.tascapan.com\/fr\/a-propos-de-nous\/#breadcrumb\",\"itemListElement\":[{\"@type\":\"ListItem\",\"position\":1,\"name\":\"Home\",\"item\":\"https:\/\/www.tascapan.com\/fr\/\"},{\"@type\":\"ListItem\",\"position\":2,\"name\":\"A propos de nous\"}]},{\"@type\":\"WebSite\",\"@id\":\"https:\/\/www.tascapan.com\/#website\",\"url\":\"https:\/\/www.tascapan.com\/\",\"name\":\"Tascapan\",\"description\":\"Prodotti Tipici della Valle d&#039;Aosta\",\"publisher\":{\"@id\":\"https:\/\/www.tascapan.com\/#organization\"},\"potentialAction\":[{\"@type\":\"SearchAction\",\"target\":{\"@type\":\"EntryPoint\",\"urlTemplate\":\"https:\/\/www.tascapan.com\/?s={search_term_string}\"},\"query-input\":{\"@type\":\"PropertyValueSpecification\",\"valueRequired\":true,\"valueName\":\"search_term_string\"}}],\"inLanguage\":\"fr-FR\"},{\"@type\":\"Organization\",\"@id\":\"https:\/\/www.tascapan.com\/#organization\",\"name\":\"Tascapan\",\"url\":\"https:\/\/www.tascapan.com\/\",\"logo\":{\"@type\":\"ImageObject\",\"inLanguage\":\"fr-FR\",\"@id\":\"https:\/\/www.tascapan.com\/#\/schema\/logo\/image\/\",\"url\":\"\",\"contentUrl\":\"\",\"caption\":\"Tascapan\"},\"image\":{\"@id\":\"https:\/\/www.tascapan.com\/#\/schema\/logo\/image\/\"}}]}<\/script>\n<!-- \/ Yoast SEO Premium plugin. -->","yoast_head_json":{"title":"\u00c0 propos de nous - Tascapan Vall\u00e9e d'Aoste","description":"Venez d\u00e9couvrir qui se cache derri\u00e8re Tascapan, le magasin qui apporte l'excellence de la Vall\u00e9e d'Aoste directement chez vous !","robots":{"index":"index","follow":"follow","max-snippet":"max-snippet:-1","max-image-preview":"max-image-preview:large","max-video-preview":"max-video-preview:-1"},"canonical":"https:\/\/www.tascapan.com\/fr\/a-propos-de-nous\/","og_locale":"fr_FR","og_type":"article","og_title":"A propos de nous","og_description":"Venez d\u00e9couvrir qui se cache derri\u00e8re Tascapan, le magasin qui apporte l'excellence de la Vall\u00e9e d'Aoste directement chez vous !","og_url":"https:\/\/www.tascapan.com\/fr\/a-propos-de-nous\/","og_site_name":"Tascapan","article_modified_time":"2024-12-03T14:03:56+00:00","og_image":[{"url":"https:\/\/www.tascapan.com\/wp-content\/uploads\/2023\/05\/MG_0068_11zon-scaled.jpg","type":"","width":"","height":""}],"twitter_card":"summary_large_image","twitter_misc":{"Dur\u00e9e de lecture estim\u00e9e":"1 minute"},"schema":{"@context":"https:\/\/schema.org","@graph":[{"@type":"WebPage","@id":"https:\/\/www.tascapan.com\/fr\/a-propos-de-nous\/","url":"https:\/\/www.tascapan.com\/fr\/a-propos-de-nous\/","name":"\u00c0 propos de nous - Tascapan Vall\u00e9e d'Aoste","isPartOf":{"@id":"https:\/\/www.tascapan.com\/#website"},"primaryImageOfPage":{"@id":"https:\/\/www.tascapan.com\/fr\/a-propos-de-nous\/#primaryimage"},"image":{"@id":"https:\/\/www.tascapan.com\/fr\/a-propos-de-nous\/#primaryimage"},"thumbnailUrl":"https:\/\/www.tascapan.com\/wp-content\/uploads\/2023\/05\/MG_0068_11zon-scaled.jpg","datePublished":"2023-03-13T09:32:18+00:00","dateModified":"2024-12-03T14:03:56+00:00","description":"Venez d\u00e9couvrir qui se cache derri\u00e8re Tascapan, le magasin qui apporte l'excellence de la Vall\u00e9e d'Aoste directement chez vous !","breadcrumb":{"@id":"https:\/\/www.tascapan.com\/fr\/a-propos-de-nous\/#breadcrumb"},"inLanguage":"fr-FR","potentialAction":[{"@type":"ReadAction","target":["https:\/\/www.tascapan.com\/fr\/a-propos-de-nous\/"]}]},{"@type":"ImageObject","inLanguage":"fr-FR","@id":"https:\/\/www.tascapan.com\/fr\/a-propos-de-nous\/#primaryimage","url":"https:\/\/www.tascapan.com\/wp-content\/uploads\/2023\/05\/MG_0068_11zon-scaled.jpg","contentUrl":"https:\/\/www.tascapan.com\/wp-content\/uploads\/2023\/05\/MG_0068_11zon-scaled.jpg"},{"@type":"BreadcrumbList","@id":"https:\/\/www.tascapan.com\/fr\/a-propos-de-nous\/#breadcrumb","itemListElement":[{"@type":"ListItem","position":1,"name":"Home","item":"https:\/\/www.tascapan.com\/fr\/"},{"@type":"ListItem","position":2,"name":"A propos de nous"}]},{"@type":"WebSite","@id":"https:\/\/www.tascapan.com\/#website","url":"https:\/\/www.tascapan.com\/","name":"Tascapan","description":"Prodotti Tipici della Valle d&#039;Aosta","publisher":{"@id":"https:\/\/www.tascapan.com\/#organization"},"potentialAction":[{"@type":"SearchAction","target":{"@type":"EntryPoint","urlTemplate":"https:\/\/www.tascapan.com\/?s={search_term_string}"},"query-input":{"@type":"PropertyValueSpecification","valueRequired":true,"valueName":"search_term_string"}}],"inLanguage":"fr-FR"},{"@type":"Organization","@id":"https:\/\/www.tascapan.com\/#organization","name":"Tascapan","url":"https:\/\/www.tascapan.com\/","logo":{"@type":"ImageObject","inLanguage":"fr-FR","@id":"https:\/\/www.tascapan.com\/#\/schema\/logo\/image\/","url":"","contentUrl":"","caption":"Tascapan"},"image":{"@id":"https:\/\/www.tascapan.com\/#\/schema\/logo\/image\/"}}]}},"_links":{"self":[{"href":"https:\/\/www.tascapan.com\/fr\/wp-json\/wp\/v2\/pages\/32446","targetHints":{"allow":["GET"]}}],"collection":[{"href":"https:\/\/www.tascapan.com\/fr\/wp-json\/wp\/v2\/pages"}],"about":[{"href":"https:\/\/www.tascapan.com\/fr\/wp-json\/wp\/v2\/types\/page"}],"author":[{"embeddable":true,"href":"https:\/\/www.tascapan.com\/fr\/wp-json\/wp\/v2\/users\/1"}],"replies":[{"embeddable":true,"href":"https:\/\/www.tascapan.com\/fr\/wp-json\/wp\/v2\/comments?post=32446"}],"version-history":[{"count":3,"href":"https:\/\/www.tascapan.com\/fr\/wp-json\/wp\/v2\/pages\/32446\/revisions"}],"predecessor-version":[{"id":34418,"href":"https:\/\/www.tascapan.com\/fr\/wp-json\/wp\/v2\/pages\/32446\/revisions\/34418"}],"wp:attachment":[{"href":"https:\/\/www.tascapan.com\/fr\/wp-json\/wp\/v2\/media?parent=32446"}],"curies":[{"name":"wp","href":"https:\/\/api.w.org\/{rel}","templated":true}]}}