{"id":32926,"date":"2023-05-03T11:26:00","date_gmt":"2023-05-03T09:26:00","guid":{"rendered":"https:\/\/www.tascapan.com\/prodotto\/genepy-diy\/"},"modified":"2023-05-03T11:26:00","modified_gmt":"2023-05-03T09:26:00","slug":"genepy-diy","status":"publish","type":"product","link":"https:\/\/www.tascapan.com\/en\/prodotto\/genepy-diy\/","title":{"rendered":"G\u00e9n\u00e9py DIY"},"content":{"rendered":"<h2><b>A glass vase<\/b><\/h2>\n<p><span style=\"font-weight: 400;\">In the box &#8220;<\/span><b>G\u00e9n\u00e9py DIY<\/b><span style=\"font-weight: 400;\">&#8221; you will find a practical  <\/span><b>glass jar<\/b><span style=\"font-weight: 400;\">, durable and equipped with an airtight closure.  <\/span><\/p>\n<p><span style=\"font-weight: 400;\">It will be useful for you to preserve the typical Aosta Valley liqueur, the  <\/span><b>G\u00e9n\u00e9py<\/b><span style=\"font-weight: 400;\">, and take it as needed at dinner parties in good company.<\/span><\/p>\n<p><span style=\"font-weight: 400;\">You will be able to conveniently store  <\/span><b>one liter<\/b><span style=\"font-weight: 400;\">, a more than sufficient amount and one that will last you a conspicuous number of weeks.<\/span><\/p>\n<p>&nbsp;<\/p>\n<h2><b>One sachet of dried g\u00e9n\u00e9py<\/b><\/h2>\n<p><span style=\"font-weight: 400;\">In the box &#8220;<\/span><b>G\u00e9n\u00e9py DIY<\/b><span style=\"font-weight: 400;\">&#8221; you will obviously find the main ingredient that will allow you to make your own delicious Aosta Valley liqueur: a sachet of<\/span><b> dried g\u00e9n\u00e9py<\/b><span style=\"font-weight: 400;\">.<\/span><span style=\"font-weight: 400;\">The <\/span><b>g\u00e9n\u00e9py <\/b><span style=\"font-weight: 400;\">is a small <\/span><b>aromatic seedling<\/b><span style=\"font-weight: 400;\">  typical of high mountain areas.<br \/>\nIt grows in the Alps at altitudes between 1700 and 3500 meters and is used in the production of its namesake liqueur typical of the Aosta Valley. <\/span><\/p>\n<p><span style=\"font-weight: 400;\">The g\u00e9n\u00e9py seedling we will send you comes from the <\/span><b>100% organic cultivation<\/b><span style=\"font-weight: 400;\"> by <\/span><b>Emilia Berthod<\/b><span style=\"font-weight: 400;\">, who has been cultivating wild mountain seedlings with deep passion and great dedication since 2002. <\/span><i><span style=\"font-weight: 400;\">&#8220;The g\u00e9n\u00e9py is a very common plant in the Alps and generally throughout Europe<\/span><\/i><span style=\"font-weight: 400;\"> &#8211; recounts <\/span><b>Emy <\/b><span style=\"font-weight: 400;\">&#8211;<\/span><i><span style=\"font-weight: 400;\">  It grows above 2,000 meters.<br \/>\nI, on the other hand, am growing it at 1400 meters, so I am trying to &#8220;tame&#8221; it.<br \/>\nOther than water and sunshine, there is nothing chemical in my seedlings.  <\/span><\/i><span style=\"font-weight: 400;\">&#8220;.<\/span><\/p>\n<p><b>USE:<\/b><\/p>\n<p><span style=\"font-weight: 400;\">The  <\/span><b>dried mountain g\u00e9n\u00e9py  <\/b><span style=\"font-weight: 400;\">is used to produce the famous  <\/span><b>liqueur  <\/b><span style=\"font-weight: 400;\">Valle d&#8217;Aosta, also known as  <\/span><b>G\u00e9n\u00e9py<\/b><span style=\"font-weight: 400;\">, named after the plant from which it is made.<\/span><\/p>\n<p><span style=\"font-weight: 400;\">To make this typical liqueur, you need to macerate the  <\/span><b>dried seedlings of g\u00e9n\u00e9py<\/b><span style=\"font-weight: 400;\">  in the<\/span><b>alcohol  <\/b><span style=\"font-weight: 400;\">for at least  <\/span><b>one month<\/b><span style=\"font-weight: 400;\">  and then dilute the resulting infusion with a solution of  <\/span><b>water<\/b><span style=\"font-weight: 400;\">  e<\/span><b>  sugar<\/b><span style=\"font-weight: 400;\">.  <\/span><\/p>\n<p><span style=\"font-weight: 400;\">Et voil\u00e0: les jeux sont faits!<\/span><\/p>\n<p>&nbsp;<\/p>\n<h2><b>The recipe for homemade g\u00e9n\u00e9py<\/b><\/h2>\n<p><span style=\"font-weight: 400;\">Finally, in the box &#8220;<\/span><b>G\u00e9n\u00e9py Do-It-Yourself<\/b><span style=\"font-weight: 400;\">&#8221; could not miss the <\/span><b>secret recipe for homemade G\u00e9n\u00e9py<\/b><span style=\"font-weight: 400;\">. <\/span><span style=\"font-weight: 400;\">But not just one recipe!<\/span><span style=\"font-weight: 400;\">Did you know that <\/span><b>there is a variant of the classic liqueur typical of Valle d&#8217;Aosta.<\/b><span style=\"font-weight: 400;\">?<\/span><\/p>\n<p><span style=\"font-weight: 400;\">That&#8217;s right!<br \/>\nIn the box &#8221; <\/span><b>G\u00e9n\u00e9py DIY<\/b><span style=\"font-weight: 400;\">&#8221; we will in fact give you both the recipe for the  <\/span><b>G\u00e9n\u00e9py Classic<\/b><span style=\"font-weight: 400;\">, both to prepare the  <\/span><b>G\u00e9n\u00e9py White Suspension<\/b><span style=\"font-weight: 400;\">.<\/span><\/p>\n<p><span style=\"font-weight: 400;\">Both are obtained from the  <\/span><b>dried seedlings of g\u00e9n\u00e9py<\/b><span style=\"font-weight: 400;\">, but the process of preparation is different, as is the result.<\/span><\/p>\n<p><span style=\"font-weight: 400;\">Be amazed by these two traditional recipes, test yourself in your own kitchen and discover your favorite version of G\u00e9n\u00e9py.<\/span><\/p>\n<p><b>INGREDIENTS FOR HOMEMADE GENEPY:<\/b><\/p>\n<p><span style=\"font-weight: 400;\">water<\/span><\/p>\n<p><span style=\"font-weight: 400;\">alcohol<\/span><\/p>\n<p><span style=\"font-weight: 400;\">sugar<\/span><\/p>\n<p><span style=\"font-weight: 400;\">dried inflorescences of Artemisia Umbelliformis<\/span><\/p>\n<p>&nbsp;<\/p>\n<p><a href=\"https:\/\/www.tascapan.com\/1485\/il-genepy-valle-daosta-da-emy\/\"><b>READ MORE ABOUT GENEPY, THE TYPICAL AOSTA VALLEY LIQUEUR, AND FIND OUT HOW YOU CAN MAKE IT AT HOME<\/b><\/a><\/p>\n","protected":false},"excerpt":{"rendered":"<p><b>\u20ac 13,00<\/b><\/p>\n<p><b><i>What the Box contains  <\/i><\/b><b>&#8220;<\/b><b><i>G\u00e9n\u00e9py DIY<\/i><\/b><b>&#8220;<\/b><b><i>?<\/i><\/b><\/p>\n<p>&nbsp;<\/p>\n<p><b>1 Glass jar with airtight closure (1 l)<\/b><\/p>\n<p><b>1 Sachet of dried G\u00e9n\u00e9py da Emy<\/b><\/p>\n<p><b>The G\u00e9n\u00e9py Recipe for making it at home<\/b><\/p>\n<p>&nbsp;<\/p>\n<p><b>EVERYTHING NEEDED FOR HOMEMADE GENEPY LIQUEUR:<\/b><\/p>\n<p><b>The G\u00e9n\u00e9py  <\/b><span style=\"font-weight: 400;\">is the  <\/span><b>typical liquor  <\/b><span style=\"font-weight: 400;\">Of the small northern Italian region nestled in the Alps:<\/span><b>  the Aosta Valley<\/b><span style=\"font-weight: 400;\">.  <\/span><\/p>\n<p><span style=\"font-weight: 400;\">This is a liquor that smells just like the mountains and embodies in its flavor the taste of the Valley.  <\/span><\/p>\n<p><b>Emilia Berthod<\/b><span style=\"font-weight: 400;\">  has been producing this liquor for several years, cultivating his seedlings with great passion, which he then employs in the production of the distillates.  <\/span><\/p>\n<p><span style=\"font-weight: 400;\">The production of the  <\/span><b>g\u00e9n\u00e9py liqueur<\/b><span style=\"font-weight: 400;\">  requires only the use of dried g\u00e9n\u00e9py, alcohol, water and sugar.  <\/span><\/p>\n<p><span style=\"font-weight: 400;\">Inside this Box you will find everything you need to produce your own  <\/span><b>homemade g\u00e9n\u00e9py<\/b><span style=\"font-weight: 400;\">!<\/span><\/p>\n","protected":false},"featured_media":34204,"comment_status":"open","ping_status":"closed","template":"","meta":{"_acf_changed":false,"_monsterinsights_skip_tracking":false,"_monsterinsights_sitenote_active":false,"_monsterinsights_sitenote_note":"","_monsterinsights_sitenote_category":0},"product_brand":[],"product_cat":[1946],"product_tag":[],"class_list":{"0":"post-32926","1":"product","2":"type-product","3":"status-publish","4":"has-post-thumbnail","6":"product_cat-other","7":"pa_producer-emys-en-2","9":"first","10":"instock","11":"featured","12":"taxable","13":"shipping-taxable","14":"product-type-external"},"acf":[],"yoast_head":"<!-- This site is optimized with the Yoast SEO Premium plugin v25.0 (Yoast SEO v26.8) - https:\/\/yoast.com\/product\/yoast-seo-premium-wordpress\/ -->\n<title>Aosta Valley G\u00e9n\u00e9py Recipe - Prepare it the traditional way<\/title>\n<meta name=\"description\" content=\"Make the delicious Aosta Valley G\u00e9n\u00e9py at home just like tradition. A simple but heart-filling recipe, try it now!\" \/>\n<meta name=\"robots\" content=\"index, follow, max-snippet:-1, max-image-preview:large, max-video-preview:-1\" \/>\n<link rel=\"canonical\" href=\"https:\/\/www.tascapan.com\/en\/prodotto\/genepy-diy\/\" \/>\n<meta property=\"og:locale\" content=\"en_US\" \/>\n<meta property=\"og:type\" content=\"article\" \/>\n<meta property=\"og:title\" content=\"G\u00e9n\u00e9py DIY\" \/>\n<meta property=\"og:description\" content=\"Make the delicious Aosta Valley G\u00e9n\u00e9py at home just like tradition. A simple but heart-filling recipe, try it now!\" \/>\n<meta property=\"og:url\" content=\"https:\/\/www.tascapan.com\/en\/prodotto\/genepy-diy\/\" \/>\n<meta property=\"og:site_name\" content=\"Tascapan\" \/>\n<meta property=\"og:image\" content=\"https:\/\/www.tascapan.com\/wp-content\/uploads\/2023\/05\/MG_9969_11zon-scaled.jpg\" \/>\n\t<meta property=\"og:image:width\" content=\"2000\" \/>\n\t<meta property=\"og:image:height\" content=\"1334\" \/>\n\t<meta property=\"og:image:type\" content=\"image\/jpeg\" \/>\n<meta name=\"twitter:card\" content=\"summary_large_image\" \/>\n<meta name=\"twitter:label1\" content=\"Est. reading time\" \/>\n\t<meta name=\"twitter:data1\" content=\"2 minutes\" \/>\n<script type=\"application\/ld+json\" class=\"yoast-schema-graph\">{\"@context\":\"https:\/\/schema.org\",\"@graph\":[{\"@type\":\"WebPage\",\"@id\":\"https:\/\/www.tascapan.com\/en\/prodotto\/genepy-diy\/\",\"url\":\"https:\/\/www.tascapan.com\/en\/prodotto\/genepy-diy\/\",\"name\":\"Aosta Valley G\u00e9n\u00e9py Recipe - Prepare it the traditional way\",\"isPartOf\":{\"@id\":\"https:\/\/www.tascapan.com\/#website\"},\"primaryImageOfPage\":{\"@id\":\"https:\/\/www.tascapan.com\/en\/prodotto\/genepy-diy\/#primaryimage\"},\"image\":{\"@id\":\"https:\/\/www.tascapan.com\/en\/prodotto\/genepy-diy\/#primaryimage\"},\"thumbnailUrl\":\"https:\/\/www.tascapan.com\/wp-content\/uploads\/2023\/05\/MG_9969_11zon-scaled.jpg\",\"datePublished\":\"2023-05-03T09:26:00+00:00\",\"description\":\"Make the delicious Aosta Valley G\u00e9n\u00e9py at home just like tradition. A simple but heart-filling recipe, try it now!\",\"breadcrumb\":{\"@id\":\"https:\/\/www.tascapan.com\/en\/prodotto\/genepy-diy\/#breadcrumb\"},\"inLanguage\":\"en-US\",\"potentialAction\":[{\"@type\":\"ReadAction\",\"target\":[\"https:\/\/www.tascapan.com\/en\/prodotto\/genepy-diy\/\"]}]},{\"@type\":\"ImageObject\",\"inLanguage\":\"en-US\",\"@id\":\"https:\/\/www.tascapan.com\/en\/prodotto\/genepy-diy\/#primaryimage\",\"url\":\"https:\/\/www.tascapan.com\/wp-content\/uploads\/2023\/05\/MG_9969_11zon-scaled.jpg\",\"contentUrl\":\"https:\/\/www.tascapan.com\/wp-content\/uploads\/2023\/05\/MG_9969_11zon-scaled.jpg\",\"width\":2000,\"height\":1334},{\"@type\":\"BreadcrumbList\",\"@id\":\"https:\/\/www.tascapan.com\/en\/prodotto\/genepy-diy\/#breadcrumb\",\"itemListElement\":[{\"@type\":\"ListItem\",\"position\":1,\"name\":\"Home\",\"item\":\"https:\/\/www.tascapan.com\/en\/\"},{\"@type\":\"ListItem\",\"position\":2,\"name\":\"Shop\",\"item\":\"https:\/\/www.tascapan.com\/en\/shop\/\"},{\"@type\":\"ListItem\",\"position\":3,\"name\":\"G\u00e9n\u00e9py DIY\"}]},{\"@type\":\"WebSite\",\"@id\":\"https:\/\/www.tascapan.com\/#website\",\"url\":\"https:\/\/www.tascapan.com\/\",\"name\":\"Tascapan\",\"description\":\"Prodotti Tipici della Valle d&#039;Aosta\",\"publisher\":{\"@id\":\"https:\/\/www.tascapan.com\/#organization\"},\"potentialAction\":[{\"@type\":\"SearchAction\",\"target\":{\"@type\":\"EntryPoint\",\"urlTemplate\":\"https:\/\/www.tascapan.com\/?s={search_term_string}\"},\"query-input\":{\"@type\":\"PropertyValueSpecification\",\"valueRequired\":true,\"valueName\":\"search_term_string\"}}],\"inLanguage\":\"en-US\"},{\"@type\":\"Organization\",\"@id\":\"https:\/\/www.tascapan.com\/#organization\",\"name\":\"Tascapan\",\"url\":\"https:\/\/www.tascapan.com\/\",\"logo\":{\"@type\":\"ImageObject\",\"inLanguage\":\"en-US\",\"@id\":\"https:\/\/www.tascapan.com\/#\/schema\/logo\/image\/\",\"url\":\"\",\"contentUrl\":\"\",\"caption\":\"Tascapan\"},\"image\":{\"@id\":\"https:\/\/www.tascapan.com\/#\/schema\/logo\/image\/\"}}]}<\/script>\n<!-- \/ Yoast SEO Premium plugin. -->","yoast_head_json":{"title":"Aosta Valley G\u00e9n\u00e9py Recipe - Prepare it the traditional way","description":"Make the delicious Aosta Valley G\u00e9n\u00e9py at home just like tradition. A simple but heart-filling recipe, try it now!","robots":{"index":"index","follow":"follow","max-snippet":"max-snippet:-1","max-image-preview":"max-image-preview:large","max-video-preview":"max-video-preview:-1"},"canonical":"https:\/\/www.tascapan.com\/en\/prodotto\/genepy-diy\/","og_locale":"en_US","og_type":"article","og_title":"G\u00e9n\u00e9py DIY","og_description":"Make the delicious Aosta Valley G\u00e9n\u00e9py at home just like tradition. A simple but heart-filling recipe, try it now!","og_url":"https:\/\/www.tascapan.com\/en\/prodotto\/genepy-diy\/","og_site_name":"Tascapan","og_image":[{"width":2000,"height":1334,"url":"https:\/\/www.tascapan.com\/wp-content\/uploads\/2023\/05\/MG_9969_11zon-scaled.jpg","type":"image\/jpeg"}],"twitter_card":"summary_large_image","twitter_misc":{"Est. reading time":"2 minutes"},"schema":{"@context":"https:\/\/schema.org","@graph":[{"@type":"WebPage","@id":"https:\/\/www.tascapan.com\/en\/prodotto\/genepy-diy\/","url":"https:\/\/www.tascapan.com\/en\/prodotto\/genepy-diy\/","name":"Aosta Valley G\u00e9n\u00e9py Recipe - Prepare it the traditional way","isPartOf":{"@id":"https:\/\/www.tascapan.com\/#website"},"primaryImageOfPage":{"@id":"https:\/\/www.tascapan.com\/en\/prodotto\/genepy-diy\/#primaryimage"},"image":{"@id":"https:\/\/www.tascapan.com\/en\/prodotto\/genepy-diy\/#primaryimage"},"thumbnailUrl":"https:\/\/www.tascapan.com\/wp-content\/uploads\/2023\/05\/MG_9969_11zon-scaled.jpg","datePublished":"2023-05-03T09:26:00+00:00","description":"Make the delicious Aosta Valley G\u00e9n\u00e9py at home just like tradition. A simple but heart-filling recipe, try it now!","breadcrumb":{"@id":"https:\/\/www.tascapan.com\/en\/prodotto\/genepy-diy\/#breadcrumb"},"inLanguage":"en-US","potentialAction":[{"@type":"ReadAction","target":["https:\/\/www.tascapan.com\/en\/prodotto\/genepy-diy\/"]}]},{"@type":"ImageObject","inLanguage":"en-US","@id":"https:\/\/www.tascapan.com\/en\/prodotto\/genepy-diy\/#primaryimage","url":"https:\/\/www.tascapan.com\/wp-content\/uploads\/2023\/05\/MG_9969_11zon-scaled.jpg","contentUrl":"https:\/\/www.tascapan.com\/wp-content\/uploads\/2023\/05\/MG_9969_11zon-scaled.jpg","width":2000,"height":1334},{"@type":"BreadcrumbList","@id":"https:\/\/www.tascapan.com\/en\/prodotto\/genepy-diy\/#breadcrumb","itemListElement":[{"@type":"ListItem","position":1,"name":"Home","item":"https:\/\/www.tascapan.com\/en\/"},{"@type":"ListItem","position":2,"name":"Shop","item":"https:\/\/www.tascapan.com\/en\/shop\/"},{"@type":"ListItem","position":3,"name":"G\u00e9n\u00e9py DIY"}]},{"@type":"WebSite","@id":"https:\/\/www.tascapan.com\/#website","url":"https:\/\/www.tascapan.com\/","name":"Tascapan","description":"Prodotti Tipici della Valle d&#039;Aosta","publisher":{"@id":"https:\/\/www.tascapan.com\/#organization"},"potentialAction":[{"@type":"SearchAction","target":{"@type":"EntryPoint","urlTemplate":"https:\/\/www.tascapan.com\/?s={search_term_string}"},"query-input":{"@type":"PropertyValueSpecification","valueRequired":true,"valueName":"search_term_string"}}],"inLanguage":"en-US"},{"@type":"Organization","@id":"https:\/\/www.tascapan.com\/#organization","name":"Tascapan","url":"https:\/\/www.tascapan.com\/","logo":{"@type":"ImageObject","inLanguage":"en-US","@id":"https:\/\/www.tascapan.com\/#\/schema\/logo\/image\/","url":"","contentUrl":"","caption":"Tascapan"},"image":{"@id":"https:\/\/www.tascapan.com\/#\/schema\/logo\/image\/"}}]}},"_links":{"self":[{"href":"https:\/\/www.tascapan.com\/en\/wp-json\/wp\/v2\/product\/32926","targetHints":{"allow":["GET"]}}],"collection":[{"href":"https:\/\/www.tascapan.com\/en\/wp-json\/wp\/v2\/product"}],"about":[{"href":"https:\/\/www.tascapan.com\/en\/wp-json\/wp\/v2\/types\/product"}],"replies":[{"embeddable":true,"href":"https:\/\/www.tascapan.com\/en\/wp-json\/wp\/v2\/comments?post=32926"}],"wp:featuredmedia":[{"embeddable":true,"href":"https:\/\/www.tascapan.com\/en\/wp-json\/wp\/v2\/media\/34204"}],"wp:attachment":[{"href":"https:\/\/www.tascapan.com\/en\/wp-json\/wp\/v2\/media?parent=32926"}],"wp:term":[{"taxonomy":"product_brand","embeddable":true,"href":"https:\/\/www.tascapan.com\/en\/wp-json\/wp\/v2\/product_brand?post=32926"},{"taxonomy":"product_cat","embeddable":true,"href":"https:\/\/www.tascapan.com\/en\/wp-json\/wp\/v2\/product_cat?post=32926"},{"taxonomy":"product_tag","embeddable":true,"href":"https:\/\/www.tascapan.com\/en\/wp-json\/wp\/v2\/product_tag?post=32926"}],"curies":[{"name":"wp","href":"https:\/\/api.w.org\/{rel}","templated":true}]}}