{"id":32528,"date":"2023-03-14T16:31:30","date_gmt":"2023-03-14T15:31:30","guid":{"rendered":"https:\/\/www.tascapan.com\/prodotto\/genepy-seedlings\/"},"modified":"2025-04-12T18:19:45","modified_gmt":"2025-04-12T16:19:45","slug":"genepy-seedlings","status":"publish","type":"product","link":"https:\/\/www.tascapan.com\/en\/prodotto\/genepy-seedlings\/","title":{"rendered":"G\u00e9n\u00e9py seedlings"},"content":{"rendered":"<h2><b>Sachets of Dried G\u00e9n\u00e9py Seedlings<\/b><\/h2>\n<p><span style=\"font-weight: 400;\">The <strong>seedlings of <\/strong> <\/span><strong>g\u00e9n\u00e9py <\/strong><span style=\"font-weight: 400;\">are valuable <\/span><b>herbs<\/b><span style=\"font-weight: 400;\">  typical of high mountain areas.<br \/>\nThe g\u00e9n\u00e9py grows in the Alps at altitudes between 1700 and 3500 meters.<br \/>\nIt is used in the production of a typical Aosta Valley liqueur of the same name.  <\/span><\/p>\n<p><span style=\"font-weight: 400;\">The g\u00e9n\u00e9py seedling we will send you comes from the <\/span><b>100% organic cultivation<\/b><span style=\"font-weight: 400;\"> by <\/span><b>Emilia Berthod<\/b><span style=\"font-weight: 400;\">, who has been cultivating wild mountain seedlings with deep passion and great dedication since 2002. <\/span><i><span style=\"font-weight: 400;\">&#8220;The g\u00e9n\u00e9py is a very common plant in the Alps and generally throughout Europe<\/span><\/i><span style=\"font-weight: 400;\"> &#8211; recounts <\/span><b>Emy <\/b><span style=\"font-weight: 400;\">&#8211;<\/span><i><span style=\"font-weight: 400;\">  It grows above 2,000 meters.<br \/>\nI, on the other hand, am growing it at 1400 meters, so I am trying to &#8220;tame&#8221; it.<br \/>\nOther than water and sunshine, there is nothing chemical in my seedlings.  <\/span><\/i><span style=\"font-weight: 400;\">&#8220;.<\/span><\/p>\n<p><b>USE:<\/b><\/p>\n<p><span style=\"font-weight: 400;\">The  <\/span><b>dried mountain g\u00e9n\u00e9py  <\/b><span style=\"font-weight: 400;\">is used to produce the famous  <\/span><b>liqueur  <\/b><span style=\"font-weight: 400;\">Valle d&#8217;Aosta, also known as  <\/span><b>G\u00e9n\u00e9py<\/b><span style=\"font-weight: 400;\">, named after the plant from which it is made.<\/span><\/p>\n<p><span style=\"font-weight: 400;\">To make this typical liqueur, you need to macerate the  <\/span><b>dried seedlings of g\u00e9n\u00e9py<\/b><span style=\"font-weight: 400;\">  in the<\/span><b>alcohol  <\/b><span style=\"font-weight: 400;\">for at least  <\/span><b>one month<\/b><span style=\"font-weight: 400;\">  and then dilute the resulting infusion with a solution of  <\/span><b>water<\/b><span style=\"font-weight: 400;\">  e<\/span><b>  sugar<\/b><span style=\"font-weight: 400;\">.  <\/span><\/p>\n<p><span style=\"font-weight: 400;\">Et voil\u00e0: les jeux sont faits!<\/span><\/p>\n<p>&nbsp;<\/p>\n<p><em>(Information taken from the book &#8220;Flowers and Medicinal Plants-Human Health and Beauty&#8221; by Aldo Poletti)<\/em><\/p>\n<p><a href=\"https:\/\/www.tascapan.com\/1489\/le-piantine-di-montagna-azienda-agricola-da-emy\/\"><b>LEARN MORE ABOUT GENEPY AND THE METHOD OF CULTIVATION  <\/b><\/a><\/p>\n","protected":false},"excerpt":{"rendered":"<p><b>\u20ac 7,00<\/b><b><i>G\u00e9n\u00e9py Seedlings<\/i><\/b><b>1 Sachet of dried G\u00e9n\u00e9py from Emy<\/b><\/p>\n<p><span style=\"font-weight: 400;\">With G\u00e9n\u00e9py seedlings you can prepare delicious herbal teas or typical Aosta Valley liquor to offer to your guests.<br \/>\nYou will only need this dried natural aromatic herb from 100% organic cultivation. <\/span><\/p>\n","protected":false},"featured_media":33664,"comment_status":"open","ping_status":"closed","template":"","meta":{"_acf_changed":false,"_monsterinsights_skip_tracking":false,"_monsterinsights_sitenote_active":false,"_monsterinsights_sitenote_note":"","_monsterinsights_sitenote_category":0},"product_brand":[],"product_cat":[1946],"product_tag":[],"class_list":{"0":"post-32528","1":"product","2":"type-product","3":"status-publish","4":"has-post-thumbnail","6":"product_cat-other","7":"pa_producer-emys-en-2","9":"first","10":"instock","11":"featured","12":"taxable","13":"shipping-taxable","14":"product-type-external"},"acf":[],"yoast_head":"<!-- This site is optimized with the Yoast SEO Premium plugin v25.0 (Yoast SEO v26.8) - https:\/\/yoast.com\/product\/yoast-seo-premium-wordpress\/ -->\n<title>G\u00e9n\u00e9py seedlings - Artemisa Umbelliformis Valle d&#039;Aosta - From Emy<\/title>\n<meta name=\"description\" content=\"Aromatic g\u00e9n\u00e9py seedlings are used to make the typical liquor of the Western Alps. Discover medicinal mountain herbs on Tascapan!\" \/>\n<meta name=\"robots\" content=\"index, follow, max-snippet:-1, max-image-preview:large, max-video-preview:-1\" \/>\n<link rel=\"canonical\" href=\"https:\/\/www.tascapan.com\/en\/prodotto\/genepy-seedlings\/\" \/>\n<meta property=\"og:locale\" content=\"en_US\" \/>\n<meta property=\"og:type\" content=\"article\" \/>\n<meta property=\"og:title\" content=\"G\u00e9n\u00e9py seedlings\" \/>\n<meta property=\"og:description\" content=\"Aromatic g\u00e9n\u00e9py seedlings are used to make the typical liquor of the Western Alps. Discover medicinal mountain herbs on Tascapan!\" \/>\n<meta property=\"og:url\" content=\"https:\/\/www.tascapan.com\/en\/prodotto\/genepy-seedlings\/\" \/>\n<meta property=\"og:site_name\" content=\"Tascapan\" \/>\n<meta property=\"article:modified_time\" content=\"2025-04-12T16:19:45+00:00\" \/>\n<meta property=\"og:image\" content=\"https:\/\/www.tascapan.com\/wp-content\/uploads\/2023\/04\/ROD202303TP__MG_8839_11zon-scaled.jpg\" \/>\n\t<meta property=\"og:image:width\" content=\"2000\" \/>\n\t<meta property=\"og:image:height\" content=\"1500\" \/>\n\t<meta property=\"og:image:type\" content=\"image\/jpeg\" \/>\n<meta name=\"twitter:card\" content=\"summary_large_image\" \/>\n<meta name=\"twitter:label1\" content=\"Est. reading time\" \/>\n\t<meta name=\"twitter:data1\" content=\"1 minute\" \/>\n<script type=\"application\/ld+json\" class=\"yoast-schema-graph\">{\"@context\":\"https:\/\/schema.org\",\"@graph\":[{\"@type\":\"WebPage\",\"@id\":\"https:\/\/www.tascapan.com\/en\/prodotto\/genepy-seedlings\/\",\"url\":\"https:\/\/www.tascapan.com\/en\/prodotto\/genepy-seedlings\/\",\"name\":\"G\u00e9n\u00e9py seedlings - Artemisa Umbelliformis Valle d'Aosta - From Emy\",\"isPartOf\":{\"@id\":\"https:\/\/www.tascapan.com\/#website\"},\"primaryImageOfPage\":{\"@id\":\"https:\/\/www.tascapan.com\/en\/prodotto\/genepy-seedlings\/#primaryimage\"},\"image\":{\"@id\":\"https:\/\/www.tascapan.com\/en\/prodotto\/genepy-seedlings\/#primaryimage\"},\"thumbnailUrl\":\"https:\/\/www.tascapan.com\/wp-content\/uploads\/2023\/04\/ROD202303TP__MG_8839_11zon-scaled.jpg\",\"datePublished\":\"2023-03-14T15:31:30+00:00\",\"dateModified\":\"2025-04-12T16:19:45+00:00\",\"description\":\"Aromatic g\u00e9n\u00e9py seedlings are used to make the typical liquor of the Western Alps. Discover medicinal mountain herbs on Tascapan!\",\"breadcrumb\":{\"@id\":\"https:\/\/www.tascapan.com\/en\/prodotto\/genepy-seedlings\/#breadcrumb\"},\"inLanguage\":\"en-US\",\"potentialAction\":[{\"@type\":\"ReadAction\",\"target\":[\"https:\/\/www.tascapan.com\/en\/prodotto\/genepy-seedlings\/\"]}]},{\"@type\":\"ImageObject\",\"inLanguage\":\"en-US\",\"@id\":\"https:\/\/www.tascapan.com\/en\/prodotto\/genepy-seedlings\/#primaryimage\",\"url\":\"https:\/\/www.tascapan.com\/wp-content\/uploads\/2023\/04\/ROD202303TP__MG_8839_11zon-scaled.jpg\",\"contentUrl\":\"https:\/\/www.tascapan.com\/wp-content\/uploads\/2023\/04\/ROD202303TP__MG_8839_11zon-scaled.jpg\",\"width\":2000,\"height\":1500},{\"@type\":\"BreadcrumbList\",\"@id\":\"https:\/\/www.tascapan.com\/en\/prodotto\/genepy-seedlings\/#breadcrumb\",\"itemListElement\":[{\"@type\":\"ListItem\",\"position\":1,\"name\":\"Home\",\"item\":\"https:\/\/www.tascapan.com\/en\/\"},{\"@type\":\"ListItem\",\"position\":2,\"name\":\"Shop\",\"item\":\"https:\/\/www.tascapan.com\/en\/shop\/\"},{\"@type\":\"ListItem\",\"position\":3,\"name\":\"G\u00e9n\u00e9py seedlings\"}]},{\"@type\":\"WebSite\",\"@id\":\"https:\/\/www.tascapan.com\/#website\",\"url\":\"https:\/\/www.tascapan.com\/\",\"name\":\"Tascapan\",\"description\":\"Prodotti Tipici della Valle d&#039;Aosta\",\"publisher\":{\"@id\":\"https:\/\/www.tascapan.com\/#organization\"},\"potentialAction\":[{\"@type\":\"SearchAction\",\"target\":{\"@type\":\"EntryPoint\",\"urlTemplate\":\"https:\/\/www.tascapan.com\/?s={search_term_string}\"},\"query-input\":{\"@type\":\"PropertyValueSpecification\",\"valueRequired\":true,\"valueName\":\"search_term_string\"}}],\"inLanguage\":\"en-US\"},{\"@type\":\"Organization\",\"@id\":\"https:\/\/www.tascapan.com\/#organization\",\"name\":\"Tascapan\",\"url\":\"https:\/\/www.tascapan.com\/\",\"logo\":{\"@type\":\"ImageObject\",\"inLanguage\":\"en-US\",\"@id\":\"https:\/\/www.tascapan.com\/#\/schema\/logo\/image\/\",\"url\":\"\",\"contentUrl\":\"\",\"caption\":\"Tascapan\"},\"image\":{\"@id\":\"https:\/\/www.tascapan.com\/#\/schema\/logo\/image\/\"}}]}<\/script>\n<!-- \/ Yoast SEO Premium plugin. -->","yoast_head_json":{"title":"G\u00e9n\u00e9py seedlings - Artemisa Umbelliformis Valle d'Aosta - From Emy","description":"Aromatic g\u00e9n\u00e9py seedlings are used to make the typical liquor of the Western Alps. Discover medicinal mountain herbs on Tascapan!","robots":{"index":"index","follow":"follow","max-snippet":"max-snippet:-1","max-image-preview":"max-image-preview:large","max-video-preview":"max-video-preview:-1"},"canonical":"https:\/\/www.tascapan.com\/en\/prodotto\/genepy-seedlings\/","og_locale":"en_US","og_type":"article","og_title":"G\u00e9n\u00e9py seedlings","og_description":"Aromatic g\u00e9n\u00e9py seedlings are used to make the typical liquor of the Western Alps. Discover medicinal mountain herbs on Tascapan!","og_url":"https:\/\/www.tascapan.com\/en\/prodotto\/genepy-seedlings\/","og_site_name":"Tascapan","article_modified_time":"2025-04-12T16:19:45+00:00","og_image":[{"width":2000,"height":1500,"url":"https:\/\/www.tascapan.com\/wp-content\/uploads\/2023\/04\/ROD202303TP__MG_8839_11zon-scaled.jpg","type":"image\/jpeg"}],"twitter_card":"summary_large_image","twitter_misc":{"Est. reading time":"1 minute"},"schema":{"@context":"https:\/\/schema.org","@graph":[{"@type":"WebPage","@id":"https:\/\/www.tascapan.com\/en\/prodotto\/genepy-seedlings\/","url":"https:\/\/www.tascapan.com\/en\/prodotto\/genepy-seedlings\/","name":"G\u00e9n\u00e9py seedlings - Artemisa Umbelliformis Valle d'Aosta - From Emy","isPartOf":{"@id":"https:\/\/www.tascapan.com\/#website"},"primaryImageOfPage":{"@id":"https:\/\/www.tascapan.com\/en\/prodotto\/genepy-seedlings\/#primaryimage"},"image":{"@id":"https:\/\/www.tascapan.com\/en\/prodotto\/genepy-seedlings\/#primaryimage"},"thumbnailUrl":"https:\/\/www.tascapan.com\/wp-content\/uploads\/2023\/04\/ROD202303TP__MG_8839_11zon-scaled.jpg","datePublished":"2023-03-14T15:31:30+00:00","dateModified":"2025-04-12T16:19:45+00:00","description":"Aromatic g\u00e9n\u00e9py seedlings are used to make the typical liquor of the Western Alps. Discover medicinal mountain herbs on Tascapan!","breadcrumb":{"@id":"https:\/\/www.tascapan.com\/en\/prodotto\/genepy-seedlings\/#breadcrumb"},"inLanguage":"en-US","potentialAction":[{"@type":"ReadAction","target":["https:\/\/www.tascapan.com\/en\/prodotto\/genepy-seedlings\/"]}]},{"@type":"ImageObject","inLanguage":"en-US","@id":"https:\/\/www.tascapan.com\/en\/prodotto\/genepy-seedlings\/#primaryimage","url":"https:\/\/www.tascapan.com\/wp-content\/uploads\/2023\/04\/ROD202303TP__MG_8839_11zon-scaled.jpg","contentUrl":"https:\/\/www.tascapan.com\/wp-content\/uploads\/2023\/04\/ROD202303TP__MG_8839_11zon-scaled.jpg","width":2000,"height":1500},{"@type":"BreadcrumbList","@id":"https:\/\/www.tascapan.com\/en\/prodotto\/genepy-seedlings\/#breadcrumb","itemListElement":[{"@type":"ListItem","position":1,"name":"Home","item":"https:\/\/www.tascapan.com\/en\/"},{"@type":"ListItem","position":2,"name":"Shop","item":"https:\/\/www.tascapan.com\/en\/shop\/"},{"@type":"ListItem","position":3,"name":"G\u00e9n\u00e9py seedlings"}]},{"@type":"WebSite","@id":"https:\/\/www.tascapan.com\/#website","url":"https:\/\/www.tascapan.com\/","name":"Tascapan","description":"Prodotti Tipici della Valle d&#039;Aosta","publisher":{"@id":"https:\/\/www.tascapan.com\/#organization"},"potentialAction":[{"@type":"SearchAction","target":{"@type":"EntryPoint","urlTemplate":"https:\/\/www.tascapan.com\/?s={search_term_string}"},"query-input":{"@type":"PropertyValueSpecification","valueRequired":true,"valueName":"search_term_string"}}],"inLanguage":"en-US"},{"@type":"Organization","@id":"https:\/\/www.tascapan.com\/#organization","name":"Tascapan","url":"https:\/\/www.tascapan.com\/","logo":{"@type":"ImageObject","inLanguage":"en-US","@id":"https:\/\/www.tascapan.com\/#\/schema\/logo\/image\/","url":"","contentUrl":"","caption":"Tascapan"},"image":{"@id":"https:\/\/www.tascapan.com\/#\/schema\/logo\/image\/"}}]}},"_links":{"self":[{"href":"https:\/\/www.tascapan.com\/en\/wp-json\/wp\/v2\/product\/32528","targetHints":{"allow":["GET"]}}],"collection":[{"href":"https:\/\/www.tascapan.com\/en\/wp-json\/wp\/v2\/product"}],"about":[{"href":"https:\/\/www.tascapan.com\/en\/wp-json\/wp\/v2\/types\/product"}],"replies":[{"embeddable":true,"href":"https:\/\/www.tascapan.com\/en\/wp-json\/wp\/v2\/comments?post=32528"}],"wp:featuredmedia":[{"embeddable":true,"href":"https:\/\/www.tascapan.com\/en\/wp-json\/wp\/v2\/media\/33664"}],"wp:attachment":[{"href":"https:\/\/www.tascapan.com\/en\/wp-json\/wp\/v2\/media?parent=32528"}],"wp:term":[{"taxonomy":"product_brand","embeddable":true,"href":"https:\/\/www.tascapan.com\/en\/wp-json\/wp\/v2\/product_brand?post=32528"},{"taxonomy":"product_cat","embeddable":true,"href":"https:\/\/www.tascapan.com\/en\/wp-json\/wp\/v2\/product_cat?post=32528"},{"taxonomy":"product_tag","embeddable":true,"href":"https:\/\/www.tascapan.com\/en\/wp-json\/wp\/v2\/product_tag?post=32528"}],"curies":[{"name":"wp","href":"https:\/\/api.w.org\/{rel}","templated":true}]}}