{"id":32918,"date":"2023-05-03T11:26:00","date_gmt":"2023-05-03T09:26:00","guid":{"rendered":"https:\/\/www.tascapan.com\/prodotto\/genepy-do-it-yourself\/"},"modified":"2023-05-03T11:26:00","modified_gmt":"2023-05-03T09:26:00","slug":"genepy-do-it-yourself","status":"publish","type":"product","link":"https:\/\/www.tascapan.com\/de\/prodotto\/genepy-do-it-yourself\/","title":{"rendered":"G\u00e9n\u00e9py Do-It-Yourself"},"content":{"rendered":"<h2><b>Eine Glasvase<\/b><\/h2>\n<p><span style=\"font-weight: 400;\">In der Box &#8222;<\/span><b>G\u00e9n\u00e9py Do-It-Yourself<\/b><span style=\"font-weight: 400;\">&#8222;Sie werden ein praktisches  <\/span><b>Glasvase<\/b><span style=\"font-weight: 400;\">langlebig und mit einem luftdichten Verschluss ausgestattet.  <\/span><\/p>\n<p><span style=\"font-weight: 400;\">Es wird Ihnen helfen, den typischen Valdostan-Lik\u00f6r, den  <\/span><b>G\u00e9n\u00e9py<\/b><span style=\"font-weight: 400;\">und nehmen Sie es bei Bedarf f\u00fcr ein Abendessen in guter Gesellschaft mit.<\/span><\/p>\n<p><span style=\"font-weight: 400;\">Sie k\u00f6nnen bequem speichern  <\/span><b>ein Liter<\/b><span style=\"font-weight: 400;\">das ist mehr als genug und reicht f\u00fcr eine betr\u00e4chtliche Anzahl von Wochen.<\/span><\/p>\n<p>&nbsp;<\/p>\n<h2><b>Ein P\u00e4ckchen getrocknetes G\u00e9n\u00e9py<\/b><\/h2>\n<p><span style=\"font-weight: 400;\">In der Box &#8222;<\/span><b>Do-It-Yourself G\u00e9n\u00e9py<\/b><span style=\"font-weight: 400;\">&#8220; finden Sie nat\u00fcrlich die Hauptzutat, mit der Sie Ihren eigenen k\u00f6stlichen Aostataler Lik\u00f6r herstellen k\u00f6nnen: ein P\u00e4ckchen mit<\/span><b> getrocknetem G\u00e9n\u00e9py<\/b><span style=\"font-weight: 400;\">.<\/span><span style=\"font-weight: 400;\">Die <\/span><b>g\u00e9n\u00e9py <\/b><span style=\"font-weight: 400;\">ist ein kleiner <\/span><b>aromatischer Keimling<\/b><span style=\"font-weight: 400;\">  typisch f\u00fcr Hochgebirgsregionen.<br \/>\nSie w\u00e4chst in den Alpen in H\u00f6henlagen zwischen 1700 und 3500 Metern und wird f\u00fcr die Herstellung des gleichnamigen Lik\u00f6rs verwendet, der typisch f\u00fcr das Aostatal ist. <\/span><\/p>\n<p><span style=\"font-weight: 400;\">Der G\u00e9n\u00e9py-Setzling, den wir Ihnen schicken, stammt aus dem <\/span><b>100% biologischen Anbau<\/b><span style=\"font-weight: 400;\"> von <\/span><b>Emilia Berthod<\/b><span style=\"font-weight: 400;\">die seit 2002 mit gro\u00dfer Leidenschaft und Hingabe wilde Gebirgssetzlinge z\u00fcchtet. <\/span><i><span style=\"font-weight: 400;\">&#8222;Die G\u00e9n\u00e9py ist eine in den Alpen und generell in ganz Europa sehr verbreitete Pflanze<\/span><\/i><span style=\"font-weight: 400;\"> &#8211; erz\u00e4hlt <\/span><b>Emy <\/b><span style=\"font-weight: 400;\">&#8211;<\/span><i><span style=\"font-weight: 400;\">  w\u00e4chst auf \u00fcber 2000 Metern.<br \/>\nIch hingegen baue sie auf 1400 Metern an, also versuche ich, sie zu &#8218;z\u00e4hmen&#8216;.<br \/>\nAbgesehen von Wasser und Sonne enthalten meine Setzlinge keine Chemikalien.  <\/span><\/i><span style=\"font-weight: 400;\">&#8222;.<\/span><\/p>\n<p><b>VERWENDEN:<\/b><\/p>\n<p><span style=\"font-weight: 400;\">Die  <\/span><b>getrockneter Bergg\u00e9n\u00e9py  <\/b><span style=\"font-weight: 400;\">wird f\u00fcr die Herstellung des ber\u00fchmten  <\/span><b>Lik\u00f6r  <\/b><span style=\"font-weight: 400;\">Valle d&#8217;Aosta, auch bekannt als  <\/span><b>G\u00e9n\u00e9py<\/b><span style=\"font-weight: 400;\">von dem Namen der Pflanze, aus der es hergestellt wird.<\/span><\/p>\n<p><span style=\"font-weight: 400;\">Um diesen typischen Lik\u00f6r zu erhalten, m\u00fcssen Sie die Fr\u00fcchte einmaischen.  <\/span><b>getrocknete Setzlinge von g\u00e9n\u00e9py<\/b><span style=\"font-weight: 400;\">  im<\/span><b>Alkohol  <\/b><span style=\"font-weight: 400;\">f\u00fcr mindestens  <\/span><b>ein Monat<\/b><span style=\"font-weight: 400;\">  und verd\u00fcnnen Sie dann die resultierende Infusion mit einer L\u00f6sung von  <\/span><b>Wasser<\/b><span style=\"font-weight: 400;\">  e<\/span><b>  Zucker<\/b><span style=\"font-weight: 400;\">.  <\/span><\/p>\n<p><span style=\"font-weight: 400;\">Et voil\u00e0: les jeux sont faits!<\/span><\/p>\n<p>&nbsp;<\/p>\n<h2><b>Das Rezept f\u00fcr hausgemachte G\u00e9n\u00e9py<\/b><\/h2>\n<p><span style=\"font-weight: 400;\">Schlie\u00dflich, in der Box &#8222;<\/span><b>Do-It-Yourself G\u00e9n\u00e9py<\/b><span style=\"font-weight: 400;\">&#8220; nicht das <\/span><b>Geheimrezept f\u00fcr selbstgemachte G\u00e9n\u00e9py<\/b><span style=\"font-weight: 400;\">. <\/span><span style=\"font-weight: 400;\">Aber nicht nur ein Rezept!<\/span><span style=\"font-weight: 400;\">Wussten Sie schon, dass <\/span><b>dass es eine Variante des klassischen Valdostan-Lik\u00f6rs gibt<\/b><span style=\"font-weight: 400;\">?<\/span><\/p>\n<p><span style=\"font-weight: 400;\">Das ist richtig!<br \/>\nIn der Box &#8220; <\/span><b>G\u00e9n\u00e9py Do-It-Yourself<\/b><span style=\"font-weight: 400;\">&#8220; werden wir Ihnen in der Tat sowohl die  <\/span><b>G\u00e9n\u00e9py Klassisch<\/b><span style=\"font-weight: 400;\">sowohl zur Vorbereitung der  <\/span><b>G\u00e9n\u00e9py White Suspension<\/b><span style=\"font-weight: 400;\">.<\/span><\/p>\n<p><span style=\"font-weight: 400;\">Beide erhalten Sie von der  <\/span><b>getrocknete Setzlinge von g\u00e9n\u00e9py<\/b><span style=\"font-weight: 400;\">aber der Zubereitungsprozess ist anders, ebenso wie das Ergebnis.<\/span><\/p>\n<p><span style=\"font-weight: 400;\">Lassen Sie sich von diesen beiden traditionellen Rezepten \u00fcberraschen, testen Sie sie in Ihrer eigenen K\u00fcche und entdecken Sie Ihre Lieblingsversion von G\u00e9n\u00e9py.<\/span><\/p>\n<p><b>ZUTATEN F\u00dcR SELBSTGEMACHTES GENEPY:<\/b><\/p>\n<p><span style=\"font-weight: 400;\">Wasser<\/span><\/p>\n<p><span style=\"font-weight: 400;\">Alkohol<\/span><\/p>\n<p><span style=\"font-weight: 400;\">Zucker<\/span><\/p>\n<p><span style=\"font-weight: 400;\">getrocknete Bl\u00fctenst\u00e4nde von Artemisia Umbelliformis<\/span><\/p>\n<p>&nbsp;<\/p>\n<p><a href=\"https:\/\/www.tascapan.com\/1485\/il-genepy-valle-daosta-da-emy\/\"><b>LESEN SIE MEHR \u00dcBER GENEPY, DEN TYPISCHEN VALDOSTANISCHEN LIK\u00d6R, UND ERFAHREN SIE, WIE SIE IHN ZU HAUSE HERSTELLEN K\u00d6NNEN<\/b><\/a><\/p>\n","protected":false},"excerpt":{"rendered":"<p><b>\u20ac 13,00<\/b><\/p>\n<p><b><i>Was die Box enth\u00e4lt  <\/i><\/b><b>&#8222;<\/b><b><i>G\u00e9n\u00e9py Do-It-Yourself<\/i><\/b><b>&#8222;<\/b><b><i>?<\/i><\/b><\/p>\n<p>&nbsp;<\/p>\n<p><b>1 Glasgef\u00e4\u00df mit hermetischem Verschluss (1 l)<\/b><\/p>\n<p><b>1 Beutel getrocknete G\u00e9n\u00e9py da Emy<\/b><\/p>\n<p><b>Das G\u00e9n\u00e9py-Rezept f\u00fcr die Zubereitung zu Hause<\/b><\/p>\n<p>&nbsp;<\/p>\n<p><b>ALLES, WAS SIE F\u00dcR SELBSTGEMACHTEN GENEPY-LIK\u00d6R BRAUCHEN:<\/b><\/p>\n<p><b>Die G\u00e9n\u00e9py  <\/b><span style=\"font-weight: 400;\">ist die  <\/span><b>typischer Lik\u00f6r  <\/b><span style=\"font-weight: 400;\">der kleinen norditalienischen Region, die in den Alpen liegt:<\/span><b>  das Aosta-Tal<\/b><span style=\"font-weight: 400;\">.  <\/span><\/p>\n<p><span style=\"font-weight: 400;\">Es ist ein Lik\u00f6r, der nach den Bergen duftet und den Geschmack des Tals in sich tr\u00e4gt.  <\/span><\/p>\n<p><b>Emilia Berthod<\/b><span style=\"font-weight: 400;\">  stellt diesen Lik\u00f6r seit mehreren Jahren her. Mit gro\u00dfer Leidenschaft kultiviert er seine Setzlinge, die er dann f\u00fcr die Herstellung der Destillate verwendet.  <\/span><\/p>\n<p><span style=\"font-weight: 400;\">Die Produktion des  <\/span><b>G\u00e9n\u00e9py Lik\u00f6r<\/b><span style=\"font-weight: 400;\">  ben\u00f6tigt nur getrocknete G\u00e9n\u00e9py, Alkohol, Wasser und Zucker.  <\/span><\/p>\n<p><span style=\"font-weight: 400;\">In dieser Box finden Sie alles, was Sie f\u00fcr die Herstellung Ihrer eigenen  <\/span><b>Hausgemachte G\u00e9n\u00e9py<\/b><span style=\"font-weight: 400;\">!<\/span><\/p>\n","protected":false},"featured_media":34208,"comment_status":"open","ping_status":"closed","template":"","meta":{"_acf_changed":false,"_monsterinsights_skip_tracking":false,"_monsterinsights_sitenote_active":false,"_monsterinsights_sitenote_note":"","_monsterinsights_sitenote_category":0},"product_brand":[],"product_cat":[1924],"product_tag":[],"class_list":{"0":"post-32918","1":"product","2":"type-product","3":"status-publish","4":"has-post-thumbnail","6":"product_cat-andere","7":"pa_producer-von-emy-de-2","9":"first","10":"instock","11":"featured","12":"taxable","13":"shipping-taxable","14":"product-type-external"},"acf":[],"yoast_head":"<!-- This site is optimized with the Yoast SEO Premium plugin v25.0 (Yoast SEO v26.8) - https:\/\/yoast.com\/product\/yoast-seo-premium-wordpress\/ -->\n<title>Rezept f\u00fcr G\u00e9n\u00e9py Aostatal - Bereiten Sie es auf traditionelle Weise zu<\/title>\n<meta name=\"description\" content=\"Bereiten Sie die k\u00f6stliche Aosta Valley G\u00e9n\u00e9py zu Hause zu, so wie es Tradition ist. Ein einfaches Rezept, das Ihr Herz erf\u00fcllt, probieren Sie es jetzt!\" \/>\n<meta name=\"robots\" content=\"index, follow, max-snippet:-1, max-image-preview:large, max-video-preview:-1\" \/>\n<link rel=\"canonical\" href=\"https:\/\/www.tascapan.com\/de\/prodotto\/genepy-do-it-yourself\/\" \/>\n<meta property=\"og:locale\" content=\"de_DE\" \/>\n<meta property=\"og:type\" content=\"article\" \/>\n<meta property=\"og:title\" content=\"G\u00e9n\u00e9py Do-It-Yourself\" \/>\n<meta property=\"og:description\" content=\"Bereiten Sie die k\u00f6stliche Aosta Valley G\u00e9n\u00e9py zu Hause zu, so wie es Tradition ist. Ein einfaches Rezept, das Ihr Herz erf\u00fcllt, probieren Sie es jetzt!\" \/>\n<meta property=\"og:url\" content=\"https:\/\/www.tascapan.com\/de\/prodotto\/genepy-do-it-yourself\/\" \/>\n<meta property=\"og:site_name\" content=\"Tascapan\" \/>\n<meta property=\"og:image\" content=\"https:\/\/www.tascapan.com\/wp-content\/uploads\/2023\/05\/MG_9969_11zon-scaled.jpg\" \/>\n\t<meta property=\"og:image:width\" content=\"2000\" \/>\n\t<meta property=\"og:image:height\" content=\"1334\" \/>\n\t<meta property=\"og:image:type\" content=\"image\/jpeg\" \/>\n<meta name=\"twitter:card\" content=\"summary_large_image\" \/>\n<meta name=\"twitter:label1\" content=\"Gesch\u00e4tzte Lesezeit\" \/>\n\t<meta name=\"twitter:data1\" content=\"2\u00a0Minuten\" \/>\n<script type=\"application\/ld+json\" class=\"yoast-schema-graph\">{\"@context\":\"https:\/\/schema.org\",\"@graph\":[{\"@type\":\"WebPage\",\"@id\":\"https:\/\/www.tascapan.com\/de\/prodotto\/genepy-do-it-yourself\/\",\"url\":\"https:\/\/www.tascapan.com\/de\/prodotto\/genepy-do-it-yourself\/\",\"name\":\"Rezept f\u00fcr G\u00e9n\u00e9py Aostatal - Bereiten Sie es auf traditionelle Weise zu\",\"isPartOf\":{\"@id\":\"https:\/\/www.tascapan.com\/#website\"},\"primaryImageOfPage\":{\"@id\":\"https:\/\/www.tascapan.com\/de\/prodotto\/genepy-do-it-yourself\/#primaryimage\"},\"image\":{\"@id\":\"https:\/\/www.tascapan.com\/de\/prodotto\/genepy-do-it-yourself\/#primaryimage\"},\"thumbnailUrl\":\"https:\/\/www.tascapan.com\/wp-content\/uploads\/2023\/05\/MG_9969_11zon-scaled.jpg\",\"datePublished\":\"2023-05-03T09:26:00+00:00\",\"description\":\"Bereiten Sie die k\u00f6stliche Aosta Valley G\u00e9n\u00e9py zu Hause zu, so wie es Tradition ist. Ein einfaches Rezept, das Ihr Herz erf\u00fcllt, probieren Sie es jetzt!\",\"breadcrumb\":{\"@id\":\"https:\/\/www.tascapan.com\/de\/prodotto\/genepy-do-it-yourself\/#breadcrumb\"},\"inLanguage\":\"de\",\"potentialAction\":[{\"@type\":\"ReadAction\",\"target\":[\"https:\/\/www.tascapan.com\/de\/prodotto\/genepy-do-it-yourself\/\"]}]},{\"@type\":\"ImageObject\",\"inLanguage\":\"de\",\"@id\":\"https:\/\/www.tascapan.com\/de\/prodotto\/genepy-do-it-yourself\/#primaryimage\",\"url\":\"https:\/\/www.tascapan.com\/wp-content\/uploads\/2023\/05\/MG_9969_11zon-scaled.jpg\",\"contentUrl\":\"https:\/\/www.tascapan.com\/wp-content\/uploads\/2023\/05\/MG_9969_11zon-scaled.jpg\",\"width\":2000,\"height\":1334},{\"@type\":\"BreadcrumbList\",\"@id\":\"https:\/\/www.tascapan.com\/de\/prodotto\/genepy-do-it-yourself\/#breadcrumb\",\"itemListElement\":[{\"@type\":\"ListItem\",\"position\":1,\"name\":\"Home\",\"item\":\"https:\/\/www.tascapan.com\/de\/\"},{\"@type\":\"ListItem\",\"position\":2,\"name\":\"Shop\",\"item\":\"https:\/\/www.tascapan.com\/de\/shop\/\"},{\"@type\":\"ListItem\",\"position\":3,\"name\":\"G\u00e9n\u00e9py Do-It-Yourself\"}]},{\"@type\":\"WebSite\",\"@id\":\"https:\/\/www.tascapan.com\/#website\",\"url\":\"https:\/\/www.tascapan.com\/\",\"name\":\"Tascapan\",\"description\":\"Prodotti Tipici della Valle d&#039;Aosta\",\"publisher\":{\"@id\":\"https:\/\/www.tascapan.com\/#organization\"},\"potentialAction\":[{\"@type\":\"SearchAction\",\"target\":{\"@type\":\"EntryPoint\",\"urlTemplate\":\"https:\/\/www.tascapan.com\/?s={search_term_string}\"},\"query-input\":{\"@type\":\"PropertyValueSpecification\",\"valueRequired\":true,\"valueName\":\"search_term_string\"}}],\"inLanguage\":\"de\"},{\"@type\":\"Organization\",\"@id\":\"https:\/\/www.tascapan.com\/#organization\",\"name\":\"Tascapan\",\"url\":\"https:\/\/www.tascapan.com\/\",\"logo\":{\"@type\":\"ImageObject\",\"inLanguage\":\"de\",\"@id\":\"https:\/\/www.tascapan.com\/#\/schema\/logo\/image\/\",\"url\":\"\",\"contentUrl\":\"\",\"caption\":\"Tascapan\"},\"image\":{\"@id\":\"https:\/\/www.tascapan.com\/#\/schema\/logo\/image\/\"}}]}<\/script>\n<!-- \/ Yoast SEO Premium plugin. -->","yoast_head_json":{"title":"Rezept f\u00fcr G\u00e9n\u00e9py Aostatal - Bereiten Sie es auf traditionelle Weise zu","description":"Bereiten Sie die k\u00f6stliche Aosta Valley G\u00e9n\u00e9py zu Hause zu, so wie es Tradition ist. Ein einfaches Rezept, das Ihr Herz erf\u00fcllt, probieren Sie es jetzt!","robots":{"index":"index","follow":"follow","max-snippet":"max-snippet:-1","max-image-preview":"max-image-preview:large","max-video-preview":"max-video-preview:-1"},"canonical":"https:\/\/www.tascapan.com\/de\/prodotto\/genepy-do-it-yourself\/","og_locale":"de_DE","og_type":"article","og_title":"G\u00e9n\u00e9py Do-It-Yourself","og_description":"Bereiten Sie die k\u00f6stliche Aosta Valley G\u00e9n\u00e9py zu Hause zu, so wie es Tradition ist. Ein einfaches Rezept, das Ihr Herz erf\u00fcllt, probieren Sie es jetzt!","og_url":"https:\/\/www.tascapan.com\/de\/prodotto\/genepy-do-it-yourself\/","og_site_name":"Tascapan","og_image":[{"width":2000,"height":1334,"url":"https:\/\/www.tascapan.com\/wp-content\/uploads\/2023\/05\/MG_9969_11zon-scaled.jpg","type":"image\/jpeg"}],"twitter_card":"summary_large_image","twitter_misc":{"Gesch\u00e4tzte Lesezeit":"2\u00a0Minuten"},"schema":{"@context":"https:\/\/schema.org","@graph":[{"@type":"WebPage","@id":"https:\/\/www.tascapan.com\/de\/prodotto\/genepy-do-it-yourself\/","url":"https:\/\/www.tascapan.com\/de\/prodotto\/genepy-do-it-yourself\/","name":"Rezept f\u00fcr G\u00e9n\u00e9py Aostatal - Bereiten Sie es auf traditionelle Weise zu","isPartOf":{"@id":"https:\/\/www.tascapan.com\/#website"},"primaryImageOfPage":{"@id":"https:\/\/www.tascapan.com\/de\/prodotto\/genepy-do-it-yourself\/#primaryimage"},"image":{"@id":"https:\/\/www.tascapan.com\/de\/prodotto\/genepy-do-it-yourself\/#primaryimage"},"thumbnailUrl":"https:\/\/www.tascapan.com\/wp-content\/uploads\/2023\/05\/MG_9969_11zon-scaled.jpg","datePublished":"2023-05-03T09:26:00+00:00","description":"Bereiten Sie die k\u00f6stliche Aosta Valley G\u00e9n\u00e9py zu Hause zu, so wie es Tradition ist. Ein einfaches Rezept, das Ihr Herz erf\u00fcllt, probieren Sie es jetzt!","breadcrumb":{"@id":"https:\/\/www.tascapan.com\/de\/prodotto\/genepy-do-it-yourself\/#breadcrumb"},"inLanguage":"de","potentialAction":[{"@type":"ReadAction","target":["https:\/\/www.tascapan.com\/de\/prodotto\/genepy-do-it-yourself\/"]}]},{"@type":"ImageObject","inLanguage":"de","@id":"https:\/\/www.tascapan.com\/de\/prodotto\/genepy-do-it-yourself\/#primaryimage","url":"https:\/\/www.tascapan.com\/wp-content\/uploads\/2023\/05\/MG_9969_11zon-scaled.jpg","contentUrl":"https:\/\/www.tascapan.com\/wp-content\/uploads\/2023\/05\/MG_9969_11zon-scaled.jpg","width":2000,"height":1334},{"@type":"BreadcrumbList","@id":"https:\/\/www.tascapan.com\/de\/prodotto\/genepy-do-it-yourself\/#breadcrumb","itemListElement":[{"@type":"ListItem","position":1,"name":"Home","item":"https:\/\/www.tascapan.com\/de\/"},{"@type":"ListItem","position":2,"name":"Shop","item":"https:\/\/www.tascapan.com\/de\/shop\/"},{"@type":"ListItem","position":3,"name":"G\u00e9n\u00e9py Do-It-Yourself"}]},{"@type":"WebSite","@id":"https:\/\/www.tascapan.com\/#website","url":"https:\/\/www.tascapan.com\/","name":"Tascapan","description":"Prodotti Tipici della Valle d&#039;Aosta","publisher":{"@id":"https:\/\/www.tascapan.com\/#organization"},"potentialAction":[{"@type":"SearchAction","target":{"@type":"EntryPoint","urlTemplate":"https:\/\/www.tascapan.com\/?s={search_term_string}"},"query-input":{"@type":"PropertyValueSpecification","valueRequired":true,"valueName":"search_term_string"}}],"inLanguage":"de"},{"@type":"Organization","@id":"https:\/\/www.tascapan.com\/#organization","name":"Tascapan","url":"https:\/\/www.tascapan.com\/","logo":{"@type":"ImageObject","inLanguage":"de","@id":"https:\/\/www.tascapan.com\/#\/schema\/logo\/image\/","url":"","contentUrl":"","caption":"Tascapan"},"image":{"@id":"https:\/\/www.tascapan.com\/#\/schema\/logo\/image\/"}}]}},"_links":{"self":[{"href":"https:\/\/www.tascapan.com\/de\/wp-json\/wp\/v2\/product\/32918","targetHints":{"allow":["GET"]}}],"collection":[{"href":"https:\/\/www.tascapan.com\/de\/wp-json\/wp\/v2\/product"}],"about":[{"href":"https:\/\/www.tascapan.com\/de\/wp-json\/wp\/v2\/types\/product"}],"replies":[{"embeddable":true,"href":"https:\/\/www.tascapan.com\/de\/wp-json\/wp\/v2\/comments?post=32918"}],"wp:featuredmedia":[{"embeddable":true,"href":"https:\/\/www.tascapan.com\/de\/wp-json\/wp\/v2\/media\/34208"}],"wp:attachment":[{"href":"https:\/\/www.tascapan.com\/de\/wp-json\/wp\/v2\/media?parent=32918"}],"wp:term":[{"taxonomy":"product_brand","embeddable":true,"href":"https:\/\/www.tascapan.com\/de\/wp-json\/wp\/v2\/product_brand?post=32918"},{"taxonomy":"product_cat","embeddable":true,"href":"https:\/\/www.tascapan.com\/de\/wp-json\/wp\/v2\/product_cat?post=32918"},{"taxonomy":"product_tag","embeddable":true,"href":"https:\/\/www.tascapan.com\/de\/wp-json\/wp\/v2\/product_tag?post=32918"}],"curies":[{"name":"wp","href":"https:\/\/api.w.org\/{rel}","templated":true}]}}