{"id":32800,"date":"2023-04-18T16:10:17","date_gmt":"2023-04-18T14:10:17","guid":{"rendered":"https:\/\/www.tascapan.com\/prodotto\/likoere-mit-tradition\/"},"modified":"2025-04-12T01:54:37","modified_gmt":"2025-04-11T23:54:37","slug":"likoere-mit-tradition","status":"publish","type":"product","link":"https:\/\/www.tascapan.com\/de\/prodotto\/likoere-mit-tradition\/","title":{"rendered":"Lik\u00f6re mit Tradition"},"content":{"rendered":"<h2><b>Die klassische G\u00e9n\u00e9py <a href=\"https:\/\/www.tascapan.com\/producer\/da-emy-azienda-agricola\/\">bei Emy&#8217;s<\/a><\/b><\/h2>\n<p><span style=\"font-weight: 400;\">Die <a href=\"https:\/\/www.tascapan.com\/prodotto\/genepy-il-liquore-da-emy\/\">G\u00e9n\u00e9py<\/a> ist die<\/span><span style=\"font-weight: 400;\"> <\/span><b>Ein typischer <\/b><b>Lik\u00f6r <\/b><b>aus dem Aostatal<\/b><span style=\"font-weight: 400;\">, duftend und wohlschmeckend: Er schmeckt genau wie die Alpen und ist daher bei den Einwohnern des Aostatals sehr bekannt und beliebt.<\/span><span style=\"font-weight: 400;\">  Grundlage von  <\/span><b>Alkohol  <\/b><span style=\"font-weight: 400;\">e  <\/span><b>getrocknete Bl\u00fctenst\u00e4nde des gleichnamigen S\u00e4mlings<\/b><span style=\"font-weight: 400;\">ein Gras, das in den Bergen in sehr hohen H\u00f6henlagen w\u00e4chst.<\/span><\/p>\n<p><span style=\"font-weight: 400;\">Hier finden Sie es in der Version  <\/span><b>klassisch<\/b><span style=\"font-weight: 400;\">erhalten aus dem  <\/span><b>Mazeration<\/b><span style=\"font-weight: 400;\">  S\u00e4mlinge von  <\/span><b>in Alkohol<\/b><span style=\"font-weight: 400;\">.<\/span><\/p>\n<p><b>ZUTATEN:<\/b><\/p>\n<p><span style=\"font-weight: 400;\">Wasser, Alkohol, Zucker, getrocknete Bl\u00fctenst\u00e4nde von Artemisia Umbelliformis<\/span><\/p>\n<p><b>FLASCHE:<\/b><\/p>\n<p><b>500 ml<\/b><\/p>\n<p>&nbsp;<\/p>\n<h2><b>Die wei\u00dfe G\u00e9n\u00e9py <a href=\"https:\/\/www.tascapan.com\/producer\/da-emy-azienda-agricola\/\">bei Emy&#8217;s<\/a><\/b><\/h2>\n<p>  Diese Version<b> <\/b><span style=\"font-weight: 400;\">wird durch ein anderes Verfahren als bei der Herstellung von klassischem Lik\u00f6r gewonnen.<\/span><\/p>\n<p><span style=\"font-weight: 400;\">Um die sogenannte  <\/span><a href=\"https:\/\/www.tascapan.com\/prodotto\/genepy-bianco-da-emy\/\"><b>G\u00e9n\u00e9py wei\u00df<\/b><\/a><span style=\"font-weight: 400;\">  ist es notwendig, die aromatischen Keimlinge selbst zu destillieren und nicht zu mazerieren:<\/span><\/p>\n<p><span style=\"font-weight: 400;\">Le  <\/span><b>Bl\u00fctenst\u00e4nde von Artemisia Umbelliformis  <\/b><span style=\"font-weight: 400;\">werden in ein Tuch gewickelt und einfach liegen gelassen  <\/span><b>in der Schwebe<\/b><span style=\"font-weight: 400;\">  \u00fcber die Flasche mit dem Alkohol,  <\/span><b>nach etwa 60 Tagen<\/b><span style=\"font-weight: 400;\">nimmt er die Aromen der getrockneten Keimlinge an und ver\u00e4ndert dadurch seinen Geschmack.<\/span><\/p>\n<p><b>ZUTATEN:<\/b><\/p>\n<p><span style=\"font-weight: 400;\">Wasser, Alkohol, Zucker, getrocknete Bl\u00fctenst\u00e4nde von Artemisia Umbelliformis<\/span><\/p>\n<p><b>FLASCHE:<\/b><\/p>\n<p><b>500 ml<\/b><\/p>\n<p><a href=\"https:\/\/www.tascapan.com\/1485\/il-genepy-valle-daosta-da-emy\/\"><b>LESEN SIE MEHR \u00dcBER GENEPY<\/b><\/a><\/p>\n","protected":false},"excerpt":{"rendered":"<p><b>\u20ac40,00<\/b><b><i>Was enth\u00e4lt die Box <\/i><\/b><b><i>&#8222;Lik\u00f6re der Tradition&#8220;?<\/i><\/b><b>1 G\u00e9n\u00e9py Classic von Emy (0,5 l)<\/b><b>1 G\u00e9n\u00e9py White von Emy (0,5 l)<\/b><span style=\"font-weight: 400;\">Eine <strong>Box mit authentischen alpinen D\u00fcften<\/strong>. <\/span><span style=\"font-weight: 400;\">Das intensive Aroma der <strong>G\u00e9n\u00e9py-Pflanze<\/strong>, der Duft von <\/span><span style=\"font-weight: 400;\"><strong>Lik\u00f6r<\/strong> und ein intensives Gef\u00fchl von Heimat: <\/span><span style=\"font-weight: 400;\"><strong>wir pr\u00e4sentieren das Aostatal in einer Flasche<\/strong>!<\/span><\/p>\n","protected":false},"featured_media":32806,"comment_status":"open","ping_status":"closed","template":"","meta":{"_acf_changed":false,"_monsterinsights_skip_tracking":false,"_monsterinsights_sitenote_active":false,"_monsterinsights_sitenote_note":"","_monsterinsights_sitenote_category":0},"product_brand":[],"product_cat":[1948],"product_tag":[],"class_list":{"0":"post-32800","1":"product","2":"type-product","3":"status-publish","4":"has-post-thumbnail","6":"product_cat-zu-trinken","7":"pa_producer-von-emy-de-2","9":"first","10":"instock","11":"taxable","12":"shipping-taxable","13":"product-type-external"},"acf":[],"yoast_head":"<!-- This site is optimized with the Yoast SEO Premium plugin v25.0 (Yoast SEO v26.8) - https:\/\/yoast.com\/product\/yoast-seo-premium-wordpress\/ -->\n<title>Aostataler Lik\u00f6re - von Emy - Tascapan<\/title>\n<meta name=\"description\" content=\"Die Lik\u00f6re des Aosta-Tals, Emy&#039;s G\u00e9n\u00e9py in seinen zwei Versionen: klassisch und wei\u00df, Getr\u00e4nke, die man mindestens einmal im Leben probieren sollte!\" \/>\n<meta name=\"robots\" content=\"index, follow, max-snippet:-1, max-image-preview:large, max-video-preview:-1\" \/>\n<link rel=\"canonical\" href=\"https:\/\/www.tascapan.com\/de\/prodotto\/likoere-mit-tradition\/\" \/>\n<meta property=\"og:locale\" content=\"de_DE\" \/>\n<meta property=\"og:type\" content=\"article\" \/>\n<meta property=\"og:title\" content=\"Lik\u00f6re mit Tradition\" \/>\n<meta property=\"og:description\" content=\"Die Lik\u00f6re des Aosta-Tals, Emy&#039;s G\u00e9n\u00e9py in seinen zwei Versionen: klassisch und wei\u00df, Getr\u00e4nke, die man mindestens einmal im Leben probieren sollte!\" \/>\n<meta property=\"og:url\" content=\"https:\/\/www.tascapan.com\/de\/prodotto\/likoere-mit-tradition\/\" \/>\n<meta property=\"og:site_name\" content=\"Tascapan\" \/>\n<meta property=\"article:modified_time\" content=\"2025-04-11T23:54:37+00:00\" \/>\n<meta property=\"og:image\" content=\"https:\/\/www.tascapan.com\/wp-content\/uploads\/2023\/04\/ROD202303TP__MG_8951_11zon-1-scaled.jpg\" \/>\n\t<meta property=\"og:image:width\" content=\"2000\" \/>\n\t<meta property=\"og:image:height\" content=\"1334\" \/>\n\t<meta property=\"og:image:type\" content=\"image\/jpeg\" \/>\n<meta name=\"twitter:card\" content=\"summary_large_image\" \/>\n<meta name=\"twitter:label1\" content=\"Gesch\u00e4tzte Lesezeit\" \/>\n\t<meta name=\"twitter:data1\" content=\"1\u00a0Minute\" \/>\n<script type=\"application\/ld+json\" class=\"yoast-schema-graph\">{\"@context\":\"https:\/\/schema.org\",\"@graph\":[{\"@type\":\"WebPage\",\"@id\":\"https:\/\/www.tascapan.com\/de\/prodotto\/likoere-mit-tradition\/\",\"url\":\"https:\/\/www.tascapan.com\/de\/prodotto\/likoere-mit-tradition\/\",\"name\":\"Aostataler Lik\u00f6re - von Emy - Tascapan\",\"isPartOf\":{\"@id\":\"https:\/\/www.tascapan.com\/#website\"},\"primaryImageOfPage\":{\"@id\":\"https:\/\/www.tascapan.com\/de\/prodotto\/likoere-mit-tradition\/#primaryimage\"},\"image\":{\"@id\":\"https:\/\/www.tascapan.com\/de\/prodotto\/likoere-mit-tradition\/#primaryimage\"},\"thumbnailUrl\":\"https:\/\/www.tascapan.com\/wp-content\/uploads\/2023\/04\/ROD202303TP__MG_8951_11zon-1-scaled.jpg\",\"datePublished\":\"2023-04-18T14:10:17+00:00\",\"dateModified\":\"2025-04-11T23:54:37+00:00\",\"description\":\"Die Lik\u00f6re des Aosta-Tals, Emy's G\u00e9n\u00e9py in seinen zwei Versionen: klassisch und wei\u00df, Getr\u00e4nke, die man mindestens einmal im Leben probieren sollte!\",\"breadcrumb\":{\"@id\":\"https:\/\/www.tascapan.com\/de\/prodotto\/likoere-mit-tradition\/#breadcrumb\"},\"inLanguage\":\"de\",\"potentialAction\":[{\"@type\":\"ReadAction\",\"target\":[\"https:\/\/www.tascapan.com\/de\/prodotto\/likoere-mit-tradition\/\"]}]},{\"@type\":\"ImageObject\",\"inLanguage\":\"de\",\"@id\":\"https:\/\/www.tascapan.com\/de\/prodotto\/likoere-mit-tradition\/#primaryimage\",\"url\":\"https:\/\/www.tascapan.com\/wp-content\/uploads\/2023\/04\/ROD202303TP__MG_8951_11zon-1-scaled.jpg\",\"contentUrl\":\"https:\/\/www.tascapan.com\/wp-content\/uploads\/2023\/04\/ROD202303TP__MG_8951_11zon-1-scaled.jpg\",\"width\":2000,\"height\":1334},{\"@type\":\"BreadcrumbList\",\"@id\":\"https:\/\/www.tascapan.com\/de\/prodotto\/likoere-mit-tradition\/#breadcrumb\",\"itemListElement\":[{\"@type\":\"ListItem\",\"position\":1,\"name\":\"Home\",\"item\":\"https:\/\/www.tascapan.com\/de\/\"},{\"@type\":\"ListItem\",\"position\":2,\"name\":\"Shop\",\"item\":\"https:\/\/www.tascapan.com\/de\/shop\/\"},{\"@type\":\"ListItem\",\"position\":3,\"name\":\"Lik\u00f6re mit Tradition\"}]},{\"@type\":\"WebSite\",\"@id\":\"https:\/\/www.tascapan.com\/#website\",\"url\":\"https:\/\/www.tascapan.com\/\",\"name\":\"Tascapan\",\"description\":\"Prodotti Tipici della Valle d&#039;Aosta\",\"publisher\":{\"@id\":\"https:\/\/www.tascapan.com\/#organization\"},\"potentialAction\":[{\"@type\":\"SearchAction\",\"target\":{\"@type\":\"EntryPoint\",\"urlTemplate\":\"https:\/\/www.tascapan.com\/?s={search_term_string}\"},\"query-input\":{\"@type\":\"PropertyValueSpecification\",\"valueRequired\":true,\"valueName\":\"search_term_string\"}}],\"inLanguage\":\"de\"},{\"@type\":\"Organization\",\"@id\":\"https:\/\/www.tascapan.com\/#organization\",\"name\":\"Tascapan\",\"url\":\"https:\/\/www.tascapan.com\/\",\"logo\":{\"@type\":\"ImageObject\",\"inLanguage\":\"de\",\"@id\":\"https:\/\/www.tascapan.com\/#\/schema\/logo\/image\/\",\"url\":\"\",\"contentUrl\":\"\",\"caption\":\"Tascapan\"},\"image\":{\"@id\":\"https:\/\/www.tascapan.com\/#\/schema\/logo\/image\/\"}}]}<\/script>\n<!-- \/ Yoast SEO Premium plugin. -->","yoast_head_json":{"title":"Aostataler Lik\u00f6re - von Emy - Tascapan","description":"Die Lik\u00f6re des Aosta-Tals, Emy's G\u00e9n\u00e9py in seinen zwei Versionen: klassisch und wei\u00df, Getr\u00e4nke, die man mindestens einmal im Leben probieren sollte!","robots":{"index":"index","follow":"follow","max-snippet":"max-snippet:-1","max-image-preview":"max-image-preview:large","max-video-preview":"max-video-preview:-1"},"canonical":"https:\/\/www.tascapan.com\/de\/prodotto\/likoere-mit-tradition\/","og_locale":"de_DE","og_type":"article","og_title":"Lik\u00f6re mit Tradition","og_description":"Die Lik\u00f6re des Aosta-Tals, Emy's G\u00e9n\u00e9py in seinen zwei Versionen: klassisch und wei\u00df, Getr\u00e4nke, die man mindestens einmal im Leben probieren sollte!","og_url":"https:\/\/www.tascapan.com\/de\/prodotto\/likoere-mit-tradition\/","og_site_name":"Tascapan","article_modified_time":"2025-04-11T23:54:37+00:00","og_image":[{"width":2000,"height":1334,"url":"https:\/\/www.tascapan.com\/wp-content\/uploads\/2023\/04\/ROD202303TP__MG_8951_11zon-1-scaled.jpg","type":"image\/jpeg"}],"twitter_card":"summary_large_image","twitter_misc":{"Gesch\u00e4tzte Lesezeit":"1\u00a0Minute"},"schema":{"@context":"https:\/\/schema.org","@graph":[{"@type":"WebPage","@id":"https:\/\/www.tascapan.com\/de\/prodotto\/likoere-mit-tradition\/","url":"https:\/\/www.tascapan.com\/de\/prodotto\/likoere-mit-tradition\/","name":"Aostataler Lik\u00f6re - von Emy - Tascapan","isPartOf":{"@id":"https:\/\/www.tascapan.com\/#website"},"primaryImageOfPage":{"@id":"https:\/\/www.tascapan.com\/de\/prodotto\/likoere-mit-tradition\/#primaryimage"},"image":{"@id":"https:\/\/www.tascapan.com\/de\/prodotto\/likoere-mit-tradition\/#primaryimage"},"thumbnailUrl":"https:\/\/www.tascapan.com\/wp-content\/uploads\/2023\/04\/ROD202303TP__MG_8951_11zon-1-scaled.jpg","datePublished":"2023-04-18T14:10:17+00:00","dateModified":"2025-04-11T23:54:37+00:00","description":"Die Lik\u00f6re des Aosta-Tals, Emy's G\u00e9n\u00e9py in seinen zwei Versionen: klassisch und wei\u00df, Getr\u00e4nke, die man mindestens einmal im Leben probieren sollte!","breadcrumb":{"@id":"https:\/\/www.tascapan.com\/de\/prodotto\/likoere-mit-tradition\/#breadcrumb"},"inLanguage":"de","potentialAction":[{"@type":"ReadAction","target":["https:\/\/www.tascapan.com\/de\/prodotto\/likoere-mit-tradition\/"]}]},{"@type":"ImageObject","inLanguage":"de","@id":"https:\/\/www.tascapan.com\/de\/prodotto\/likoere-mit-tradition\/#primaryimage","url":"https:\/\/www.tascapan.com\/wp-content\/uploads\/2023\/04\/ROD202303TP__MG_8951_11zon-1-scaled.jpg","contentUrl":"https:\/\/www.tascapan.com\/wp-content\/uploads\/2023\/04\/ROD202303TP__MG_8951_11zon-1-scaled.jpg","width":2000,"height":1334},{"@type":"BreadcrumbList","@id":"https:\/\/www.tascapan.com\/de\/prodotto\/likoere-mit-tradition\/#breadcrumb","itemListElement":[{"@type":"ListItem","position":1,"name":"Home","item":"https:\/\/www.tascapan.com\/de\/"},{"@type":"ListItem","position":2,"name":"Shop","item":"https:\/\/www.tascapan.com\/de\/shop\/"},{"@type":"ListItem","position":3,"name":"Lik\u00f6re mit Tradition"}]},{"@type":"WebSite","@id":"https:\/\/www.tascapan.com\/#website","url":"https:\/\/www.tascapan.com\/","name":"Tascapan","description":"Prodotti Tipici della Valle d&#039;Aosta","publisher":{"@id":"https:\/\/www.tascapan.com\/#organization"},"potentialAction":[{"@type":"SearchAction","target":{"@type":"EntryPoint","urlTemplate":"https:\/\/www.tascapan.com\/?s={search_term_string}"},"query-input":{"@type":"PropertyValueSpecification","valueRequired":true,"valueName":"search_term_string"}}],"inLanguage":"de"},{"@type":"Organization","@id":"https:\/\/www.tascapan.com\/#organization","name":"Tascapan","url":"https:\/\/www.tascapan.com\/","logo":{"@type":"ImageObject","inLanguage":"de","@id":"https:\/\/www.tascapan.com\/#\/schema\/logo\/image\/","url":"","contentUrl":"","caption":"Tascapan"},"image":{"@id":"https:\/\/www.tascapan.com\/#\/schema\/logo\/image\/"}}]}},"_links":{"self":[{"href":"https:\/\/www.tascapan.com\/de\/wp-json\/wp\/v2\/product\/32800","targetHints":{"allow":["GET"]}}],"collection":[{"href":"https:\/\/www.tascapan.com\/de\/wp-json\/wp\/v2\/product"}],"about":[{"href":"https:\/\/www.tascapan.com\/de\/wp-json\/wp\/v2\/types\/product"}],"replies":[{"embeddable":true,"href":"https:\/\/www.tascapan.com\/de\/wp-json\/wp\/v2\/comments?post=32800"}],"wp:featuredmedia":[{"embeddable":true,"href":"https:\/\/www.tascapan.com\/de\/wp-json\/wp\/v2\/media\/32806"}],"wp:attachment":[{"href":"https:\/\/www.tascapan.com\/de\/wp-json\/wp\/v2\/media?parent=32800"}],"wp:term":[{"taxonomy":"product_brand","embeddable":true,"href":"https:\/\/www.tascapan.com\/de\/wp-json\/wp\/v2\/product_brand?post=32800"},{"taxonomy":"product_cat","embeddable":true,"href":"https:\/\/www.tascapan.com\/de\/wp-json\/wp\/v2\/product_cat?post=32800"},{"taxonomy":"product_tag","embeddable":true,"href":"https:\/\/www.tascapan.com\/de\/wp-json\/wp\/v2\/product_tag?post=32800"}],"curies":[{"name":"wp","href":"https:\/\/api.w.org\/{rel}","templated":true}]}}