{"id":32516,"date":"2023-03-14T16:31:30","date_gmt":"2023-03-14T15:31:30","guid":{"rendered":"https:\/\/www.tascapan.com\/prodotto\/genepy-setzlinge\/"},"modified":"2025-04-12T18:19:45","modified_gmt":"2025-04-12T16:19:45","slug":"genepy-setzlinge","status":"publish","type":"product","link":"https:\/\/www.tascapan.com\/de\/prodotto\/genepy-setzlinge\/","title":{"rendered":"G\u00e9n\u00e9py-Setzlinge"},"content":{"rendered":"<h2><b>T\u00fctchen mit getrockneten G\u00e9n\u00e9py-Setzlingen<\/b><\/h2>\n<p><span style=\"font-weight: 400;\">Die <strong>Setzlinge von <\/strong> <\/span><strong>g\u00e9n\u00e9py <\/strong><span style=\"font-weight: 400;\">sind wertvolle <\/span><b>Kr\u00e4uter<\/b><span style=\"font-weight: 400;\">  typisch f\u00fcr Hochgebirgsregionen.<br \/>\nG\u00e9n\u00e9py w\u00e4chst in den Alpen in H\u00f6henlagen zwischen 1700 und 3500 Metern.<br \/>\nEr wird f\u00fcr die Herstellung des gleichnamigen typischen Lik\u00f6rs aus dem Aostatal verwendet.  <\/span><\/p>\n<p><span style=\"font-weight: 400;\">Der G\u00e9n\u00e9py-Setzling, den wir Ihnen schicken, stammt aus dem <\/span><b>100% biologischen Anbau<\/b><span style=\"font-weight: 400;\"> von <\/span><b>Emilia Berthod<\/b><span style=\"font-weight: 400;\">die seit 2002 mit gro\u00dfer Leidenschaft und Hingabe wilde Gebirgssetzlinge z\u00fcchtet. <\/span><i><span style=\"font-weight: 400;\">&#8222;Die G\u00e9n\u00e9py ist eine in den Alpen und generell in ganz Europa sehr verbreitete Pflanze<\/span><\/i><span style=\"font-weight: 400;\"> &#8211; erz\u00e4hlt <\/span><b>Emy <\/b><span style=\"font-weight: 400;\">&#8211;<\/span><i><span style=\"font-weight: 400;\">  w\u00e4chst auf \u00fcber 2000 Metern.<br \/>\nIch hingegen baue sie auf 1400 Metern an, also versuche ich, sie zu &#8218;z\u00e4hmen&#8216;.<br \/>\nAbgesehen von Wasser und Sonne enthalten meine Setzlinge keine Chemikalien.  <\/span><\/i><span style=\"font-weight: 400;\">&#8222;.<\/span><\/p>\n<p><b>VERWENDEN:<\/b><\/p>\n<p><span style=\"font-weight: 400;\">Die  <\/span><b>getrockneter Bergg\u00e9n\u00e9py  <\/b><span style=\"font-weight: 400;\">wird f\u00fcr die Herstellung des ber\u00fchmten  <\/span><b>Lik\u00f6r  <\/b><span style=\"font-weight: 400;\">Valle d&#8217;Aosta, auch bekannt als  <\/span><b>G\u00e9n\u00e9py<\/b><span style=\"font-weight: 400;\">von dem Namen der Pflanze, aus der es hergestellt wird.<\/span><\/p>\n<p><span style=\"font-weight: 400;\">Um diesen typischen Lik\u00f6r zu erhalten, m\u00fcssen Sie die Fr\u00fcchte einmaischen.  <\/span><b>getrocknete Setzlinge von g\u00e9n\u00e9py<\/b><span style=\"font-weight: 400;\">  im<\/span><b>Alkohol  <\/b><span style=\"font-weight: 400;\">f\u00fcr mindestens  <\/span><b>ein Monat<\/b><span style=\"font-weight: 400;\">  und verd\u00fcnnen Sie dann die resultierende Infusion mit einer L\u00f6sung von  <\/span><b>Wasser<\/b><span style=\"font-weight: 400;\">  e<\/span><b>  Zucker<\/b><span style=\"font-weight: 400;\">.  <\/span><\/p>\n<p><span style=\"font-weight: 400;\">Et voil\u00e0: les jeux sont faits!<\/span><\/p>\n<p>&nbsp;<\/p>\n<p><em>(Informationen aus dem Buch &#8218;Blumen und Heilpflanzen &#8211; Gesundheit und Sch\u00f6nheit des Menschen&#8216; von Aldo Poletti)<\/em><\/p>\n<p><a href=\"https:\/\/www.tascapan.com\/1489\/le-piantine-di-montagna-azienda-agricola-da-emy\/\"><b>ERFAHREN SIE MEHR \u00dcBER GENEPY UND DIE ANBAUMETHODE  <\/b><\/a><\/p>\n","protected":false},"excerpt":{"rendered":"<p><b>\u20ac 7,00<\/b><b><i>G\u00e9n\u00e9py Keimlinge<\/i><\/b><b>1 Beutel mit getrocknetem G\u00e9n\u00e9py von Emy<\/b><\/p>\n<p><span style=\"font-weight: 400;\">Mit den G\u00e9n\u00e9py-Keimlingen k\u00f6nnen Sie k\u00f6stliche Kr\u00e4utertees oder den typischen Aostatal-Lik\u00f6r zubereiten und Ihren G\u00e4sten anbieten.<br \/>\nAlles, was Sie dazu brauchen, ist dieses getrocknete nat\u00fcrliche aromatische Kraut aus 100% biologischem Anbau. <\/span><\/p>\n","protected":false},"featured_media":33668,"comment_status":"open","ping_status":"closed","template":"","meta":{"_acf_changed":false,"_monsterinsights_skip_tracking":false,"_monsterinsights_sitenote_active":false,"_monsterinsights_sitenote_note":"","_monsterinsights_sitenote_category":0},"product_brand":[],"product_cat":[1924],"product_tag":[],"class_list":{"0":"post-32516","1":"product","2":"type-product","3":"status-publish","4":"has-post-thumbnail","6":"product_cat-andere","7":"pa_producer-von-emy-de-2","9":"first","10":"instock","11":"featured","12":"taxable","13":"shipping-taxable","14":"product-type-external"},"acf":[],"yoast_head":"<!-- This site is optimized with the Yoast SEO Premium plugin v25.0 (Yoast SEO v26.8) - https:\/\/yoast.com\/product\/yoast-seo-premium-wordpress\/ -->\n<title>G\u00e9n\u00e9py Setzlinge - Artemisa Umbelliformis Valle d&#039;Aosta - Von Emy<\/title>\n<meta name=\"description\" content=\"Aromatische G\u00e9n\u00e9py-Setzlinge werden zur Herstellung des typischen Lik\u00f6rs der Westalpen verwendet. Entdecken Sie die medizinischen Bergkr\u00e4uter auf Tascapan!\" \/>\n<meta name=\"robots\" content=\"index, follow, max-snippet:-1, max-image-preview:large, max-video-preview:-1\" \/>\n<link rel=\"canonical\" href=\"https:\/\/www.tascapan.com\/de\/prodotto\/genepy-setzlinge\/\" \/>\n<meta property=\"og:locale\" content=\"de_DE\" \/>\n<meta property=\"og:type\" content=\"article\" \/>\n<meta property=\"og:title\" content=\"G\u00e9n\u00e9py-Setzlinge\" \/>\n<meta property=\"og:description\" content=\"Aromatische G\u00e9n\u00e9py-Setzlinge werden zur Herstellung des typischen Lik\u00f6rs der Westalpen verwendet. Entdecken Sie die medizinischen Bergkr\u00e4uter auf Tascapan!\" \/>\n<meta property=\"og:url\" content=\"https:\/\/www.tascapan.com\/de\/prodotto\/genepy-setzlinge\/\" \/>\n<meta property=\"og:site_name\" content=\"Tascapan\" \/>\n<meta property=\"article:modified_time\" content=\"2025-04-12T16:19:45+00:00\" \/>\n<meta property=\"og:image\" content=\"https:\/\/www.tascapan.com\/wp-content\/uploads\/2023\/04\/ROD202303TP__MG_8839_11zon-scaled.jpg\" \/>\n\t<meta property=\"og:image:width\" content=\"2000\" \/>\n\t<meta property=\"og:image:height\" content=\"1500\" \/>\n\t<meta property=\"og:image:type\" content=\"image\/jpeg\" \/>\n<meta name=\"twitter:card\" content=\"summary_large_image\" \/>\n<meta name=\"twitter:label1\" content=\"Gesch\u00e4tzte Lesezeit\" \/>\n\t<meta name=\"twitter:data1\" content=\"1\u00a0Minute\" \/>\n<script type=\"application\/ld+json\" class=\"yoast-schema-graph\">{\"@context\":\"https:\/\/schema.org\",\"@graph\":[{\"@type\":\"WebPage\",\"@id\":\"https:\/\/www.tascapan.com\/de\/prodotto\/genepy-setzlinge\/\",\"url\":\"https:\/\/www.tascapan.com\/de\/prodotto\/genepy-setzlinge\/\",\"name\":\"G\u00e9n\u00e9py Setzlinge - Artemisa Umbelliformis Valle d'Aosta - Von Emy\",\"isPartOf\":{\"@id\":\"https:\/\/www.tascapan.com\/#website\"},\"primaryImageOfPage\":{\"@id\":\"https:\/\/www.tascapan.com\/de\/prodotto\/genepy-setzlinge\/#primaryimage\"},\"image\":{\"@id\":\"https:\/\/www.tascapan.com\/de\/prodotto\/genepy-setzlinge\/#primaryimage\"},\"thumbnailUrl\":\"https:\/\/www.tascapan.com\/wp-content\/uploads\/2023\/04\/ROD202303TP__MG_8839_11zon-scaled.jpg\",\"datePublished\":\"2023-03-14T15:31:30+00:00\",\"dateModified\":\"2025-04-12T16:19:45+00:00\",\"description\":\"Aromatische G\u00e9n\u00e9py-Setzlinge werden zur Herstellung des typischen Lik\u00f6rs der Westalpen verwendet. Entdecken Sie die medizinischen Bergkr\u00e4uter auf Tascapan!\",\"breadcrumb\":{\"@id\":\"https:\/\/www.tascapan.com\/de\/prodotto\/genepy-setzlinge\/#breadcrumb\"},\"inLanguage\":\"de\",\"potentialAction\":[{\"@type\":\"ReadAction\",\"target\":[\"https:\/\/www.tascapan.com\/de\/prodotto\/genepy-setzlinge\/\"]}]},{\"@type\":\"ImageObject\",\"inLanguage\":\"de\",\"@id\":\"https:\/\/www.tascapan.com\/de\/prodotto\/genepy-setzlinge\/#primaryimage\",\"url\":\"https:\/\/www.tascapan.com\/wp-content\/uploads\/2023\/04\/ROD202303TP__MG_8839_11zon-scaled.jpg\",\"contentUrl\":\"https:\/\/www.tascapan.com\/wp-content\/uploads\/2023\/04\/ROD202303TP__MG_8839_11zon-scaled.jpg\",\"width\":2000,\"height\":1500},{\"@type\":\"BreadcrumbList\",\"@id\":\"https:\/\/www.tascapan.com\/de\/prodotto\/genepy-setzlinge\/#breadcrumb\",\"itemListElement\":[{\"@type\":\"ListItem\",\"position\":1,\"name\":\"Home\",\"item\":\"https:\/\/www.tascapan.com\/de\/\"},{\"@type\":\"ListItem\",\"position\":2,\"name\":\"Shop\",\"item\":\"https:\/\/www.tascapan.com\/de\/shop\/\"},{\"@type\":\"ListItem\",\"position\":3,\"name\":\"G\u00e9n\u00e9py-Setzlinge\"}]},{\"@type\":\"WebSite\",\"@id\":\"https:\/\/www.tascapan.com\/#website\",\"url\":\"https:\/\/www.tascapan.com\/\",\"name\":\"Tascapan\",\"description\":\"Prodotti Tipici della Valle d&#039;Aosta\",\"publisher\":{\"@id\":\"https:\/\/www.tascapan.com\/#organization\"},\"potentialAction\":[{\"@type\":\"SearchAction\",\"target\":{\"@type\":\"EntryPoint\",\"urlTemplate\":\"https:\/\/www.tascapan.com\/?s={search_term_string}\"},\"query-input\":{\"@type\":\"PropertyValueSpecification\",\"valueRequired\":true,\"valueName\":\"search_term_string\"}}],\"inLanguage\":\"de\"},{\"@type\":\"Organization\",\"@id\":\"https:\/\/www.tascapan.com\/#organization\",\"name\":\"Tascapan\",\"url\":\"https:\/\/www.tascapan.com\/\",\"logo\":{\"@type\":\"ImageObject\",\"inLanguage\":\"de\",\"@id\":\"https:\/\/www.tascapan.com\/#\/schema\/logo\/image\/\",\"url\":\"\",\"contentUrl\":\"\",\"caption\":\"Tascapan\"},\"image\":{\"@id\":\"https:\/\/www.tascapan.com\/#\/schema\/logo\/image\/\"}}]}<\/script>\n<!-- \/ Yoast SEO Premium plugin. -->","yoast_head_json":{"title":"G\u00e9n\u00e9py Setzlinge - Artemisa Umbelliformis Valle d'Aosta - Von Emy","description":"Aromatische G\u00e9n\u00e9py-Setzlinge werden zur Herstellung des typischen Lik\u00f6rs der Westalpen verwendet. Entdecken Sie die medizinischen Bergkr\u00e4uter auf Tascapan!","robots":{"index":"index","follow":"follow","max-snippet":"max-snippet:-1","max-image-preview":"max-image-preview:large","max-video-preview":"max-video-preview:-1"},"canonical":"https:\/\/www.tascapan.com\/de\/prodotto\/genepy-setzlinge\/","og_locale":"de_DE","og_type":"article","og_title":"G\u00e9n\u00e9py-Setzlinge","og_description":"Aromatische G\u00e9n\u00e9py-Setzlinge werden zur Herstellung des typischen Lik\u00f6rs der Westalpen verwendet. Entdecken Sie die medizinischen Bergkr\u00e4uter auf Tascapan!","og_url":"https:\/\/www.tascapan.com\/de\/prodotto\/genepy-setzlinge\/","og_site_name":"Tascapan","article_modified_time":"2025-04-12T16:19:45+00:00","og_image":[{"width":2000,"height":1500,"url":"https:\/\/www.tascapan.com\/wp-content\/uploads\/2023\/04\/ROD202303TP__MG_8839_11zon-scaled.jpg","type":"image\/jpeg"}],"twitter_card":"summary_large_image","twitter_misc":{"Gesch\u00e4tzte Lesezeit":"1\u00a0Minute"},"schema":{"@context":"https:\/\/schema.org","@graph":[{"@type":"WebPage","@id":"https:\/\/www.tascapan.com\/de\/prodotto\/genepy-setzlinge\/","url":"https:\/\/www.tascapan.com\/de\/prodotto\/genepy-setzlinge\/","name":"G\u00e9n\u00e9py Setzlinge - Artemisa Umbelliformis Valle d'Aosta - Von Emy","isPartOf":{"@id":"https:\/\/www.tascapan.com\/#website"},"primaryImageOfPage":{"@id":"https:\/\/www.tascapan.com\/de\/prodotto\/genepy-setzlinge\/#primaryimage"},"image":{"@id":"https:\/\/www.tascapan.com\/de\/prodotto\/genepy-setzlinge\/#primaryimage"},"thumbnailUrl":"https:\/\/www.tascapan.com\/wp-content\/uploads\/2023\/04\/ROD202303TP__MG_8839_11zon-scaled.jpg","datePublished":"2023-03-14T15:31:30+00:00","dateModified":"2025-04-12T16:19:45+00:00","description":"Aromatische G\u00e9n\u00e9py-Setzlinge werden zur Herstellung des typischen Lik\u00f6rs der Westalpen verwendet. Entdecken Sie die medizinischen Bergkr\u00e4uter auf Tascapan!","breadcrumb":{"@id":"https:\/\/www.tascapan.com\/de\/prodotto\/genepy-setzlinge\/#breadcrumb"},"inLanguage":"de","potentialAction":[{"@type":"ReadAction","target":["https:\/\/www.tascapan.com\/de\/prodotto\/genepy-setzlinge\/"]}]},{"@type":"ImageObject","inLanguage":"de","@id":"https:\/\/www.tascapan.com\/de\/prodotto\/genepy-setzlinge\/#primaryimage","url":"https:\/\/www.tascapan.com\/wp-content\/uploads\/2023\/04\/ROD202303TP__MG_8839_11zon-scaled.jpg","contentUrl":"https:\/\/www.tascapan.com\/wp-content\/uploads\/2023\/04\/ROD202303TP__MG_8839_11zon-scaled.jpg","width":2000,"height":1500},{"@type":"BreadcrumbList","@id":"https:\/\/www.tascapan.com\/de\/prodotto\/genepy-setzlinge\/#breadcrumb","itemListElement":[{"@type":"ListItem","position":1,"name":"Home","item":"https:\/\/www.tascapan.com\/de\/"},{"@type":"ListItem","position":2,"name":"Shop","item":"https:\/\/www.tascapan.com\/de\/shop\/"},{"@type":"ListItem","position":3,"name":"G\u00e9n\u00e9py-Setzlinge"}]},{"@type":"WebSite","@id":"https:\/\/www.tascapan.com\/#website","url":"https:\/\/www.tascapan.com\/","name":"Tascapan","description":"Prodotti Tipici della Valle d&#039;Aosta","publisher":{"@id":"https:\/\/www.tascapan.com\/#organization"},"potentialAction":[{"@type":"SearchAction","target":{"@type":"EntryPoint","urlTemplate":"https:\/\/www.tascapan.com\/?s={search_term_string}"},"query-input":{"@type":"PropertyValueSpecification","valueRequired":true,"valueName":"search_term_string"}}],"inLanguage":"de"},{"@type":"Organization","@id":"https:\/\/www.tascapan.com\/#organization","name":"Tascapan","url":"https:\/\/www.tascapan.com\/","logo":{"@type":"ImageObject","inLanguage":"de","@id":"https:\/\/www.tascapan.com\/#\/schema\/logo\/image\/","url":"","contentUrl":"","caption":"Tascapan"},"image":{"@id":"https:\/\/www.tascapan.com\/#\/schema\/logo\/image\/"}}]}},"_links":{"self":[{"href":"https:\/\/www.tascapan.com\/de\/wp-json\/wp\/v2\/product\/32516","targetHints":{"allow":["GET"]}}],"collection":[{"href":"https:\/\/www.tascapan.com\/de\/wp-json\/wp\/v2\/product"}],"about":[{"href":"https:\/\/www.tascapan.com\/de\/wp-json\/wp\/v2\/types\/product"}],"replies":[{"embeddable":true,"href":"https:\/\/www.tascapan.com\/de\/wp-json\/wp\/v2\/comments?post=32516"}],"wp:featuredmedia":[{"embeddable":true,"href":"https:\/\/www.tascapan.com\/de\/wp-json\/wp\/v2\/media\/33668"}],"wp:attachment":[{"href":"https:\/\/www.tascapan.com\/de\/wp-json\/wp\/v2\/media?parent=32516"}],"wp:term":[{"taxonomy":"product_brand","embeddable":true,"href":"https:\/\/www.tascapan.com\/de\/wp-json\/wp\/v2\/product_brand?post=32516"},{"taxonomy":"product_cat","embeddable":true,"href":"https:\/\/www.tascapan.com\/de\/wp-json\/wp\/v2\/product_cat?post=32516"},{"taxonomy":"product_tag","embeddable":true,"href":"https:\/\/www.tascapan.com\/de\/wp-json\/wp\/v2\/product_tag?post=32516"}],"curies":[{"name":"wp","href":"https:\/\/api.w.org\/{rel}","templated":true}]}}