{"id":32504,"date":"2023-03-14T16:28:54","date_gmt":"2023-03-14T15:28:54","guid":{"rendered":"https:\/\/www.tascapan.com\/prodotto\/schafgarbe-setzlinge\/"},"modified":"2023-03-14T16:28:54","modified_gmt":"2023-03-14T15:28:54","slug":"schafgarbe-setzlinge","status":"publish","type":"product","link":"https:\/\/www.tascapan.com\/de\/prodotto\/schafgarbe-setzlinge\/","title":{"rendered":"Schafgarbe Setzlinge"},"content":{"rendered":"<h2><b>S\u00e4ckchen mit getrockneter Schafgarbe<\/b><\/h2>\n<p><b>Die Schafgarbe ist eine sehr h\u00e4ufige Pflanze im Aosta-Tal.<\/b><span style=\"font-weight: 400;\">Gleichzeitig ist sie aber auch vielen unbekannt. <\/span><span style=\"font-weight: 400;\">&#8222;Eine &#8218;Verwandte&#8216; der bekannteren <\/span><b>Schafgarbe Muskat<\/b><span style=\"font-weight: 400;\"> (die zum Aromatisieren von Lik\u00f6ren verwendet wird), hat die Schafgarbe mehr Eigenschaften.<\/span><span style=\"font-weight: 400;\">Sie ist bekannt als <\/span><b>&#8222;der &#8218;Freund der Frauen&#8216;.<\/b><span style=\"font-weight: 400;\">Diese wunderbare Pflanze <\/span><b>hilft bei der Regulierung von :<\/b><\/p>\n<ul>\n<li style=\"font-weight: 400;\" aria-level=\"1\"><b>der Menstruationszyklus  <\/b><\/li>\n<li style=\"font-weight: 400;\" aria-level=\"1\"><b>die Schmerzen der Menopause<\/b><\/li>\n<\/ul>\n<p><span style=\"font-weight: 400;\">Dar\u00fcber hinaus ist es <\/span><b>n\u00fctzlich f\u00fcr Probleme: <\/b> <\/p>\n<ul>\n<li style=\"font-weight: 400;\" aria-level=\"1\"><span style=\"font-weight: 400;\">von<\/span><b> Magen<\/b><span style=\"font-weight: 400;\"> <\/span><\/li>\n<li style=\"font-weight: 400;\" aria-level=\"1\"><span style=\"font-weight: 400;\">von <\/span><b>Angst<\/b><span style=\"font-weight: 400;\"> <\/span><\/li>\n<li style=\"font-weight: 400;\" aria-level=\"1\"><span style=\"font-weight: 400;\">von <\/span><b>Auflage<\/b><\/li>\n<li style=\"font-weight: 400;\" aria-level=\"1\"><span style=\"font-weight: 400;\">von <\/span><b>Krampfadern<\/b><\/li>\n<\/ul>\n<p><b>WIE SIE ES BENUTZEN:<\/b><span style=\"font-weight: 400;\">Sie k\u00f6nnen einen <\/span><b>einen Essl\u00f6ffel <\/b><span style=\"font-weight: 400;\">(etwa 1 &#8211; 2 K\u00f6pfe) der bl\u00fchenden Spitzen in eine Tasse mit<\/span><b>kochendem Wasser<\/b><span style=\"font-weight: 400;\">.<br \/>\nLasciate   <\/span><b>ruhen Sie 5 &#8211; 6 Minuten<\/b><span style=\"font-weight: 400;\">Abschlie\u00dfend seihen Sie ab und genie\u00dfen Sie Ihr Allheilmittelgetr\u00e4nk, Schluck f\u00fcr Schluck.<\/span><b>WAS PASST ZU SCHAFGARBEN-KR\u00c4UTERTEE?<\/b><b>Emilia Berthod<\/b><span style=\"font-weight: 400;\">Besitzerin der<\/span><span style=\"font-weight: 400;\">DA EMY Bauernhof<\/span><span style=\"font-weight: 400;\">empfiehlt Ihnen, Ihren aromatischen Kr\u00e4utertee aus diesen Bergkr\u00e4utern mit den<\/span> <a href=\"https:\/\/www.tascapan.com\/prodotto\/dolci-tentazioni-biscotti-chappoz\/\"><span style=\"font-weight: 400;\">traditionellen Aostataler Keksen<\/span><\/a><span style=\"font-weight: 400;\">!<\/span>&nbsp;<em>(Die Informationen stammen aus dem Buch &#8218;Blumen und Heilpflanzen &#8211; Gesundheit und Sch\u00f6nheit f\u00fcr den Menschen&#8216; von Aldo Poletti)<\/em><a href=\"https:\/\/www.tascapan.com\/1489\/le-piantine-di-montagna-azienda-agricola-da-emy\/\"><b>ERFAHREN SIE MEHR \u00dcBER DIESE HEILPFLANZE UND EMY&#8217;S ANBAUMETHODE VON BERGKEIMLINGEN<\/b><\/a><\/p>\n","protected":false},"excerpt":{"rendered":"<p><b>\u20ac 6,00<\/b><b><i>Schafgarbe Setzlinge<\/i><\/b><b>1 S\u00e4ckchen getrocknete Schafgarbe von Emy<\/b><span style=\"font-weight: 400;\">Mit Schafgarbenkeimlingen haben Sie ein magisches Kraut mit tausend Eigenschaften zu Hause, das besonders f\u00fcr Frauen n\u00fctzlich ist:<\/span><\/p>\n<p><span style=\"font-weight: 400;\">Die Schafgarbe hilft bei der Regulierung des Menstruationszyklus und bei Schmerzen in den Wechseljahren, aber das ist noch nicht alles!<br \/>\nSie ist auch n\u00fctzlich bei Magen-, Angst- und Kreislaufproblemen.   <\/span><\/p>\n<p><span style=\"font-weight: 400;\">Wir sind sicher, dass es Sie \u00fcberraschen wird!<\/span><\/p>\n","protected":false},"featured_media":33716,"comment_status":"open","ping_status":"closed","template":"","meta":{"_acf_changed":false,"_monsterinsights_skip_tracking":false,"_monsterinsights_sitenote_active":false,"_monsterinsights_sitenote_note":"","_monsterinsights_sitenote_category":0},"product_brand":[],"product_cat":[1924],"product_tag":[],"class_list":{"0":"post-32504","1":"product","2":"type-product","3":"status-publish","4":"has-post-thumbnail","6":"product_cat-andere","7":"pa_producer-von-emy-de-2","9":"first","10":"instock","11":"taxable","12":"shipping-taxable","13":"product-type-external"},"acf":[],"yoast_head":"<!-- This site is optimized with the Yoast SEO Premium plugin v25.0 (Yoast SEO v26.8) - https:\/\/yoast.com\/product\/yoast-seo-premium-wordpress\/ -->\n<title>Schafgarbe - Azienda Agricola da Emy - Tascapan<\/title>\n<meta name=\"description\" content=\"Getrocknete Schafgarbe aus dem Aosta-Tal, n\u00fctzlich f\u00fcr Kr\u00e4utertees, Kosmetika und Heilmittel, exklusiv auf Tascapan, klicken Sie hier!\" \/>\n<meta name=\"robots\" content=\"index, follow, max-snippet:-1, max-image-preview:large, max-video-preview:-1\" \/>\n<link rel=\"canonical\" href=\"https:\/\/www.tascapan.com\/de\/prodotto\/schafgarbe-setzlinge\/\" \/>\n<meta property=\"og:locale\" content=\"de_DE\" \/>\n<meta property=\"og:type\" content=\"article\" \/>\n<meta property=\"og:title\" content=\"Schafgarbe Setzlinge\" \/>\n<meta property=\"og:description\" content=\"Getrocknete Schafgarbe aus dem Aosta-Tal, n\u00fctzlich f\u00fcr Kr\u00e4utertees, Kosmetika und Heilmittel, exklusiv auf Tascapan, klicken Sie hier!\" \/>\n<meta property=\"og:url\" content=\"https:\/\/www.tascapan.com\/de\/prodotto\/schafgarbe-setzlinge\/\" \/>\n<meta property=\"og:site_name\" content=\"Tascapan\" \/>\n<meta property=\"og:image\" content=\"https:\/\/www.tascapan.com\/wp-content\/uploads\/2023\/04\/ROD202303TP__MG_8891_11zon-1-scaled.jpg\" \/>\n\t<meta property=\"og:image:width\" content=\"2000\" \/>\n\t<meta property=\"og:image:height\" content=\"1500\" \/>\n\t<meta property=\"og:image:type\" content=\"image\/jpeg\" \/>\n<meta name=\"twitter:card\" content=\"summary_large_image\" \/>\n<meta name=\"twitter:label1\" content=\"Gesch\u00e4tzte Lesezeit\" \/>\n\t<meta name=\"twitter:data1\" content=\"1\u00a0Minute\" \/>\n<script type=\"application\/ld+json\" class=\"yoast-schema-graph\">{\"@context\":\"https:\/\/schema.org\",\"@graph\":[{\"@type\":\"WebPage\",\"@id\":\"https:\/\/www.tascapan.com\/de\/prodotto\/schafgarbe-setzlinge\/\",\"url\":\"https:\/\/www.tascapan.com\/de\/prodotto\/schafgarbe-setzlinge\/\",\"name\":\"Schafgarbe - Azienda Agricola da Emy - Tascapan\",\"isPartOf\":{\"@id\":\"https:\/\/www.tascapan.com\/#website\"},\"primaryImageOfPage\":{\"@id\":\"https:\/\/www.tascapan.com\/de\/prodotto\/schafgarbe-setzlinge\/#primaryimage\"},\"image\":{\"@id\":\"https:\/\/www.tascapan.com\/de\/prodotto\/schafgarbe-setzlinge\/#primaryimage\"},\"thumbnailUrl\":\"https:\/\/www.tascapan.com\/wp-content\/uploads\/2023\/04\/ROD202303TP__MG_8891_11zon-1-scaled.jpg\",\"datePublished\":\"2023-03-14T15:28:54+00:00\",\"description\":\"Getrocknete Schafgarbe aus dem Aosta-Tal, n\u00fctzlich f\u00fcr Kr\u00e4utertees, Kosmetika und Heilmittel, exklusiv auf Tascapan, klicken Sie hier!\",\"breadcrumb\":{\"@id\":\"https:\/\/www.tascapan.com\/de\/prodotto\/schafgarbe-setzlinge\/#breadcrumb\"},\"inLanguage\":\"de\",\"potentialAction\":[{\"@type\":\"ReadAction\",\"target\":[\"https:\/\/www.tascapan.com\/de\/prodotto\/schafgarbe-setzlinge\/\"]}]},{\"@type\":\"ImageObject\",\"inLanguage\":\"de\",\"@id\":\"https:\/\/www.tascapan.com\/de\/prodotto\/schafgarbe-setzlinge\/#primaryimage\",\"url\":\"https:\/\/www.tascapan.com\/wp-content\/uploads\/2023\/04\/ROD202303TP__MG_8891_11zon-1-scaled.jpg\",\"contentUrl\":\"https:\/\/www.tascapan.com\/wp-content\/uploads\/2023\/04\/ROD202303TP__MG_8891_11zon-1-scaled.jpg\",\"width\":2000,\"height\":1500},{\"@type\":\"BreadcrumbList\",\"@id\":\"https:\/\/www.tascapan.com\/de\/prodotto\/schafgarbe-setzlinge\/#breadcrumb\",\"itemListElement\":[{\"@type\":\"ListItem\",\"position\":1,\"name\":\"Home\",\"item\":\"https:\/\/www.tascapan.com\/de\/\"},{\"@type\":\"ListItem\",\"position\":2,\"name\":\"Shop\",\"item\":\"https:\/\/www.tascapan.com\/de\/shop\/\"},{\"@type\":\"ListItem\",\"position\":3,\"name\":\"Schafgarbe Setzlinge\"}]},{\"@type\":\"WebSite\",\"@id\":\"https:\/\/www.tascapan.com\/#website\",\"url\":\"https:\/\/www.tascapan.com\/\",\"name\":\"Tascapan\",\"description\":\"Prodotti Tipici della Valle d&#039;Aosta\",\"publisher\":{\"@id\":\"https:\/\/www.tascapan.com\/#organization\"},\"potentialAction\":[{\"@type\":\"SearchAction\",\"target\":{\"@type\":\"EntryPoint\",\"urlTemplate\":\"https:\/\/www.tascapan.com\/?s={search_term_string}\"},\"query-input\":{\"@type\":\"PropertyValueSpecification\",\"valueRequired\":true,\"valueName\":\"search_term_string\"}}],\"inLanguage\":\"de\"},{\"@type\":\"Organization\",\"@id\":\"https:\/\/www.tascapan.com\/#organization\",\"name\":\"Tascapan\",\"url\":\"https:\/\/www.tascapan.com\/\",\"logo\":{\"@type\":\"ImageObject\",\"inLanguage\":\"de\",\"@id\":\"https:\/\/www.tascapan.com\/#\/schema\/logo\/image\/\",\"url\":\"\",\"contentUrl\":\"\",\"caption\":\"Tascapan\"},\"image\":{\"@id\":\"https:\/\/www.tascapan.com\/#\/schema\/logo\/image\/\"}}]}<\/script>\n<!-- \/ Yoast SEO Premium plugin. -->","yoast_head_json":{"title":"Schafgarbe - Azienda Agricola da Emy - Tascapan","description":"Getrocknete Schafgarbe aus dem Aosta-Tal, n\u00fctzlich f\u00fcr Kr\u00e4utertees, Kosmetika und Heilmittel, exklusiv auf Tascapan, klicken Sie hier!","robots":{"index":"index","follow":"follow","max-snippet":"max-snippet:-1","max-image-preview":"max-image-preview:large","max-video-preview":"max-video-preview:-1"},"canonical":"https:\/\/www.tascapan.com\/de\/prodotto\/schafgarbe-setzlinge\/","og_locale":"de_DE","og_type":"article","og_title":"Schafgarbe Setzlinge","og_description":"Getrocknete Schafgarbe aus dem Aosta-Tal, n\u00fctzlich f\u00fcr Kr\u00e4utertees, Kosmetika und Heilmittel, exklusiv auf Tascapan, klicken Sie hier!","og_url":"https:\/\/www.tascapan.com\/de\/prodotto\/schafgarbe-setzlinge\/","og_site_name":"Tascapan","og_image":[{"width":2000,"height":1500,"url":"https:\/\/www.tascapan.com\/wp-content\/uploads\/2023\/04\/ROD202303TP__MG_8891_11zon-1-scaled.jpg","type":"image\/jpeg"}],"twitter_card":"summary_large_image","twitter_misc":{"Gesch\u00e4tzte Lesezeit":"1\u00a0Minute"},"schema":{"@context":"https:\/\/schema.org","@graph":[{"@type":"WebPage","@id":"https:\/\/www.tascapan.com\/de\/prodotto\/schafgarbe-setzlinge\/","url":"https:\/\/www.tascapan.com\/de\/prodotto\/schafgarbe-setzlinge\/","name":"Schafgarbe - Azienda Agricola da Emy - Tascapan","isPartOf":{"@id":"https:\/\/www.tascapan.com\/#website"},"primaryImageOfPage":{"@id":"https:\/\/www.tascapan.com\/de\/prodotto\/schafgarbe-setzlinge\/#primaryimage"},"image":{"@id":"https:\/\/www.tascapan.com\/de\/prodotto\/schafgarbe-setzlinge\/#primaryimage"},"thumbnailUrl":"https:\/\/www.tascapan.com\/wp-content\/uploads\/2023\/04\/ROD202303TP__MG_8891_11zon-1-scaled.jpg","datePublished":"2023-03-14T15:28:54+00:00","description":"Getrocknete Schafgarbe aus dem Aosta-Tal, n\u00fctzlich f\u00fcr Kr\u00e4utertees, Kosmetika und Heilmittel, exklusiv auf Tascapan, klicken Sie hier!","breadcrumb":{"@id":"https:\/\/www.tascapan.com\/de\/prodotto\/schafgarbe-setzlinge\/#breadcrumb"},"inLanguage":"de","potentialAction":[{"@type":"ReadAction","target":["https:\/\/www.tascapan.com\/de\/prodotto\/schafgarbe-setzlinge\/"]}]},{"@type":"ImageObject","inLanguage":"de","@id":"https:\/\/www.tascapan.com\/de\/prodotto\/schafgarbe-setzlinge\/#primaryimage","url":"https:\/\/www.tascapan.com\/wp-content\/uploads\/2023\/04\/ROD202303TP__MG_8891_11zon-1-scaled.jpg","contentUrl":"https:\/\/www.tascapan.com\/wp-content\/uploads\/2023\/04\/ROD202303TP__MG_8891_11zon-1-scaled.jpg","width":2000,"height":1500},{"@type":"BreadcrumbList","@id":"https:\/\/www.tascapan.com\/de\/prodotto\/schafgarbe-setzlinge\/#breadcrumb","itemListElement":[{"@type":"ListItem","position":1,"name":"Home","item":"https:\/\/www.tascapan.com\/de\/"},{"@type":"ListItem","position":2,"name":"Shop","item":"https:\/\/www.tascapan.com\/de\/shop\/"},{"@type":"ListItem","position":3,"name":"Schafgarbe Setzlinge"}]},{"@type":"WebSite","@id":"https:\/\/www.tascapan.com\/#website","url":"https:\/\/www.tascapan.com\/","name":"Tascapan","description":"Prodotti Tipici della Valle d&#039;Aosta","publisher":{"@id":"https:\/\/www.tascapan.com\/#organization"},"potentialAction":[{"@type":"SearchAction","target":{"@type":"EntryPoint","urlTemplate":"https:\/\/www.tascapan.com\/?s={search_term_string}"},"query-input":{"@type":"PropertyValueSpecification","valueRequired":true,"valueName":"search_term_string"}}],"inLanguage":"de"},{"@type":"Organization","@id":"https:\/\/www.tascapan.com\/#organization","name":"Tascapan","url":"https:\/\/www.tascapan.com\/","logo":{"@type":"ImageObject","inLanguage":"de","@id":"https:\/\/www.tascapan.com\/#\/schema\/logo\/image\/","url":"","contentUrl":"","caption":"Tascapan"},"image":{"@id":"https:\/\/www.tascapan.com\/#\/schema\/logo\/image\/"}}]}},"_links":{"self":[{"href":"https:\/\/www.tascapan.com\/de\/wp-json\/wp\/v2\/product\/32504","targetHints":{"allow":["GET"]}}],"collection":[{"href":"https:\/\/www.tascapan.com\/de\/wp-json\/wp\/v2\/product"}],"about":[{"href":"https:\/\/www.tascapan.com\/de\/wp-json\/wp\/v2\/types\/product"}],"replies":[{"embeddable":true,"href":"https:\/\/www.tascapan.com\/de\/wp-json\/wp\/v2\/comments?post=32504"}],"wp:featuredmedia":[{"embeddable":true,"href":"https:\/\/www.tascapan.com\/de\/wp-json\/wp\/v2\/media\/33716"}],"wp:attachment":[{"href":"https:\/\/www.tascapan.com\/de\/wp-json\/wp\/v2\/media?parent=32504"}],"wp:term":[{"taxonomy":"product_brand","embeddable":true,"href":"https:\/\/www.tascapan.com\/de\/wp-json\/wp\/v2\/product_brand?post=32504"},{"taxonomy":"product_cat","embeddable":true,"href":"https:\/\/www.tascapan.com\/de\/wp-json\/wp\/v2\/product_cat?post=32504"},{"taxonomy":"product_tag","embeddable":true,"href":"https:\/\/www.tascapan.com\/de\/wp-json\/wp\/v2\/product_tag?post=32504"}],"curies":[{"name":"wp","href":"https:\/\/api.w.org\/{rel}","templated":true}]}}