{"id":32488,"date":"2023-03-14T16:27:49","date_gmt":"2023-03-14T15:27:49","guid":{"rendered":"https:\/\/www.tascapan.com\/prodotto\/genepy-weiss\/"},"modified":"2024-09-18T13:22:59","modified_gmt":"2024-09-18T11:22:59","slug":"genepy-weiss","status":"publish","type":"product","link":"https:\/\/www.tascapan.com\/de\/prodotto\/genepy-weiss\/","title":{"rendered":"G\u00e9n\u00e9py Wei\u00df"},"content":{"rendered":"<h2>Die wei\u00dfe G\u00e9n\u00e9py <a href=\"https:\/\/www.tascapan.com\/producer\/da-emy-azienda-agricola\/\">bei Emy&#8217;s<\/a><\/h2>\n<p><b><span style=\"font-weight: 400;\">Die sogenannte<\/span> Wei\u00dfe G\u00e9n\u00e9py  <\/b><span style=\"font-weight: 400;\">wird durch ein anderes Verfahren als bei der Herstellung des klassischen G\u00e9n\u00e9py gewonnen.<\/span><span style=\"font-weight: 400;\">Um diese <b>alternative Version von G\u00e9n\u00e9py<\/b> zu erhalten<\/span> <span style=\"font-weight: 400;\"> ist es in der Tat notwendig, die aromatischen Keimlinge zu suspendieren und nicht zu mazerieren:<\/span><span style=\"font-weight: 400;\">Die <\/span><b>Bl\u00fctenst\u00e4nde der G\u00e9n\u00e9py<\/b><span style=\"font-weight: 400;\"> werden in ein Tuch eingewickelt und einfach <\/span><b>in der Schwebe<\/b><span style=\"font-weight: 400;\"> \u00fcber der Flasche mit dem Alkohol, der, <\/span><b>nach etwa 60 Tagen<\/b><span style=\"font-weight: 400;\">die Aromen der getrockneten Keimlinge annimmt und somit seinen Geschmack ver\u00e4ndert.<\/span><b>ZUTATEN:<\/b><span style=\"font-weight: 400;\">Wasser, Alkohol, Zucker, getrocknete Bl\u00fctenst\u00e4nde von Artemisia Umbelliformis<\/span><b>FLASCHE:<\/b><b>500 ml<\/b><a href=\"https:\/\/www.tascapan.com\/1485\/il-genepy-valle-daosta-da-emy\/\"><b>LESEN SIE MEHR \u00dcBER GENEPY<\/b><\/a><\/p>\n<p>&nbsp;<\/p>\n<p><span style=\"font-weight: 400;\"> <\/span><\/p>\n","protected":false},"excerpt":{"rendered":"<p><b>\u20ac20,00<\/b><b><i>G\u00e9n\u00e9py Wei\u00df<\/i><\/b><b>1 G\u00e9n\u00e9py Bianco <a href=\"https:\/\/www.tascapan.com\/producer\/da-emy-azienda-agricola\/\">von Emy<\/a> (0,5 l\/Flasche)<\/b><span style=\"font-weight: 400;\">Ein <strong>typischer Valdostaner Lik\u00f6r<\/strong> in seiner magischen und \u00fcberraschend guten Variante: <\/span><span style=\"font-weight: 400;\"><strong>G\u00e9n\u00e9py Bianco<\/strong> wird durch Selbstdestillation der kostbaren und aromatischen <strong>Bl\u00fctenst\u00e4nde von G\u00e9n\u00e9py<\/strong> gewonnen, die 60 Tage lang in Alkohol eingelegt werden.<\/span><\/p>\n","protected":false},"featured_media":33740,"comment_status":"open","ping_status":"closed","template":"","meta":{"_acf_changed":false,"_monsterinsights_skip_tracking":false,"_monsterinsights_sitenote_active":false,"_monsterinsights_sitenote_note":"","_monsterinsights_sitenote_category":0},"product_brand":[],"product_cat":[1948],"product_tag":[],"class_list":{"0":"post-32488","1":"product","2":"type-product","3":"status-publish","4":"has-post-thumbnail","6":"product_cat-zu-trinken","7":"pa_producer-von-emy-de-2","9":"first","10":"instock","11":"taxable","12":"shipping-taxable","13":"product-type-external"},"acf":[],"yoast_head":"<!-- This site is optimized with the Yoast SEO Premium plugin v25.0 (Yoast SEO v26.8) - https:\/\/yoast.com\/product\/yoast-seo-premium-wordpress\/ -->\n<title>G\u00e9n\u00e9py Wei\u00df - Valdotano Traditioneller Lik\u00f6r - Tascapan<\/title>\n<meta name=\"description\" content=\"G\u00e9n\u00e9py Bianco ist eine interessante Variante des klassischen Lik\u00f6rs aus dem Aosta-Tal. Lassen Sie sich \u00fcberraschen und probieren Sie ihn zu Hause!\" \/>\n<meta name=\"robots\" content=\"index, follow, max-snippet:-1, max-image-preview:large, max-video-preview:-1\" \/>\n<link rel=\"canonical\" href=\"https:\/\/www.tascapan.com\/de\/prodotto\/genepy-weiss\/\" \/>\n<meta property=\"og:locale\" content=\"de_DE\" \/>\n<meta property=\"og:type\" content=\"article\" \/>\n<meta property=\"og:title\" content=\"G\u00e9n\u00e9py Wei\u00df\" \/>\n<meta property=\"og:description\" content=\"G\u00e9n\u00e9py Bianco ist eine interessante Variante des klassischen Lik\u00f6rs aus dem Aosta-Tal. Lassen Sie sich \u00fcberraschen und probieren Sie ihn zu Hause!\" \/>\n<meta property=\"og:url\" content=\"https:\/\/www.tascapan.com\/de\/prodotto\/genepy-weiss\/\" \/>\n<meta property=\"og:site_name\" content=\"Tascapan\" \/>\n<meta property=\"article:modified_time\" content=\"2024-09-18T11:22:59+00:00\" \/>\n<meta property=\"og:image\" content=\"https:\/\/www.tascapan.com\/wp-content\/uploads\/2023\/04\/ROD202303TP__MG_8918_11zon-scaled.jpg\" \/>\n\t<meta property=\"og:image:width\" content=\"2000\" \/>\n\t<meta property=\"og:image:height\" content=\"1500\" \/>\n\t<meta property=\"og:image:type\" content=\"image\/jpeg\" \/>\n<meta name=\"twitter:card\" content=\"summary_large_image\" \/>\n<meta name=\"twitter:label1\" content=\"Gesch\u00e4tzte Lesezeit\" \/>\n\t<meta name=\"twitter:data1\" content=\"1\u00a0Minute\" \/>\n<script type=\"application\/ld+json\" class=\"yoast-schema-graph\">{\"@context\":\"https:\/\/schema.org\",\"@graph\":[{\"@type\":\"WebPage\",\"@id\":\"https:\/\/www.tascapan.com\/de\/prodotto\/genepy-weiss\/\",\"url\":\"https:\/\/www.tascapan.com\/de\/prodotto\/genepy-weiss\/\",\"name\":\"G\u00e9n\u00e9py Wei\u00df - Valdotano Traditioneller Lik\u00f6r - Tascapan\",\"isPartOf\":{\"@id\":\"https:\/\/www.tascapan.com\/#website\"},\"primaryImageOfPage\":{\"@id\":\"https:\/\/www.tascapan.com\/de\/prodotto\/genepy-weiss\/#primaryimage\"},\"image\":{\"@id\":\"https:\/\/www.tascapan.com\/de\/prodotto\/genepy-weiss\/#primaryimage\"},\"thumbnailUrl\":\"https:\/\/www.tascapan.com\/wp-content\/uploads\/2023\/04\/ROD202303TP__MG_8918_11zon-scaled.jpg\",\"datePublished\":\"2023-03-14T15:27:49+00:00\",\"dateModified\":\"2024-09-18T11:22:59+00:00\",\"description\":\"G\u00e9n\u00e9py Bianco ist eine interessante Variante des klassischen Lik\u00f6rs aus dem Aosta-Tal. Lassen Sie sich \u00fcberraschen und probieren Sie ihn zu Hause!\",\"breadcrumb\":{\"@id\":\"https:\/\/www.tascapan.com\/de\/prodotto\/genepy-weiss\/#breadcrumb\"},\"inLanguage\":\"de\",\"potentialAction\":[{\"@type\":\"ReadAction\",\"target\":[\"https:\/\/www.tascapan.com\/de\/prodotto\/genepy-weiss\/\"]}]},{\"@type\":\"ImageObject\",\"inLanguage\":\"de\",\"@id\":\"https:\/\/www.tascapan.com\/de\/prodotto\/genepy-weiss\/#primaryimage\",\"url\":\"https:\/\/www.tascapan.com\/wp-content\/uploads\/2023\/04\/ROD202303TP__MG_8918_11zon-scaled.jpg\",\"contentUrl\":\"https:\/\/www.tascapan.com\/wp-content\/uploads\/2023\/04\/ROD202303TP__MG_8918_11zon-scaled.jpg\",\"width\":2000,\"height\":1500,\"caption\":\"La versione del G\u00e9n\u00e9py bianco viene ricavata dalle infiorescenze di g\u00e9n\u00e9py che vengono avvolte in un panno e semplicemente lasciate in sospensione sopra la bottiglia che contiene l\u2019alcool che, dopo circa 60 giorni, assumer\u00e0 gli aromi delle piantine essiccate e di conseguenza cambier\u00e0 gusto.\"},{\"@type\":\"BreadcrumbList\",\"@id\":\"https:\/\/www.tascapan.com\/de\/prodotto\/genepy-weiss\/#breadcrumb\",\"itemListElement\":[{\"@type\":\"ListItem\",\"position\":1,\"name\":\"Home\",\"item\":\"https:\/\/www.tascapan.com\/de\/\"},{\"@type\":\"ListItem\",\"position\":2,\"name\":\"Shop\",\"item\":\"https:\/\/www.tascapan.com\/de\/shop\/\"},{\"@type\":\"ListItem\",\"position\":3,\"name\":\"G\u00e9n\u00e9py Wei\u00df\"}]},{\"@type\":\"WebSite\",\"@id\":\"https:\/\/www.tascapan.com\/#website\",\"url\":\"https:\/\/www.tascapan.com\/\",\"name\":\"Tascapan\",\"description\":\"Prodotti Tipici della Valle d&#039;Aosta\",\"publisher\":{\"@id\":\"https:\/\/www.tascapan.com\/#organization\"},\"potentialAction\":[{\"@type\":\"SearchAction\",\"target\":{\"@type\":\"EntryPoint\",\"urlTemplate\":\"https:\/\/www.tascapan.com\/?s={search_term_string}\"},\"query-input\":{\"@type\":\"PropertyValueSpecification\",\"valueRequired\":true,\"valueName\":\"search_term_string\"}}],\"inLanguage\":\"de\"},{\"@type\":\"Organization\",\"@id\":\"https:\/\/www.tascapan.com\/#organization\",\"name\":\"Tascapan\",\"url\":\"https:\/\/www.tascapan.com\/\",\"logo\":{\"@type\":\"ImageObject\",\"inLanguage\":\"de\",\"@id\":\"https:\/\/www.tascapan.com\/#\/schema\/logo\/image\/\",\"url\":\"\",\"contentUrl\":\"\",\"caption\":\"Tascapan\"},\"image\":{\"@id\":\"https:\/\/www.tascapan.com\/#\/schema\/logo\/image\/\"}}]}<\/script>\n<!-- \/ Yoast SEO Premium plugin. -->","yoast_head_json":{"title":"G\u00e9n\u00e9py Wei\u00df - Valdotano Traditioneller Lik\u00f6r - Tascapan","description":"G\u00e9n\u00e9py Bianco ist eine interessante Variante des klassischen Lik\u00f6rs aus dem Aosta-Tal. Lassen Sie sich \u00fcberraschen und probieren Sie ihn zu Hause!","robots":{"index":"index","follow":"follow","max-snippet":"max-snippet:-1","max-image-preview":"max-image-preview:large","max-video-preview":"max-video-preview:-1"},"canonical":"https:\/\/www.tascapan.com\/de\/prodotto\/genepy-weiss\/","og_locale":"de_DE","og_type":"article","og_title":"G\u00e9n\u00e9py Wei\u00df","og_description":"G\u00e9n\u00e9py Bianco ist eine interessante Variante des klassischen Lik\u00f6rs aus dem Aosta-Tal. Lassen Sie sich \u00fcberraschen und probieren Sie ihn zu Hause!","og_url":"https:\/\/www.tascapan.com\/de\/prodotto\/genepy-weiss\/","og_site_name":"Tascapan","article_modified_time":"2024-09-18T11:22:59+00:00","og_image":[{"width":2000,"height":1500,"url":"https:\/\/www.tascapan.com\/wp-content\/uploads\/2023\/04\/ROD202303TP__MG_8918_11zon-scaled.jpg","type":"image\/jpeg"}],"twitter_card":"summary_large_image","twitter_misc":{"Gesch\u00e4tzte Lesezeit":"1\u00a0Minute"},"schema":{"@context":"https:\/\/schema.org","@graph":[{"@type":"WebPage","@id":"https:\/\/www.tascapan.com\/de\/prodotto\/genepy-weiss\/","url":"https:\/\/www.tascapan.com\/de\/prodotto\/genepy-weiss\/","name":"G\u00e9n\u00e9py Wei\u00df - Valdotano Traditioneller Lik\u00f6r - Tascapan","isPartOf":{"@id":"https:\/\/www.tascapan.com\/#website"},"primaryImageOfPage":{"@id":"https:\/\/www.tascapan.com\/de\/prodotto\/genepy-weiss\/#primaryimage"},"image":{"@id":"https:\/\/www.tascapan.com\/de\/prodotto\/genepy-weiss\/#primaryimage"},"thumbnailUrl":"https:\/\/www.tascapan.com\/wp-content\/uploads\/2023\/04\/ROD202303TP__MG_8918_11zon-scaled.jpg","datePublished":"2023-03-14T15:27:49+00:00","dateModified":"2024-09-18T11:22:59+00:00","description":"G\u00e9n\u00e9py Bianco ist eine interessante Variante des klassischen Lik\u00f6rs aus dem Aosta-Tal. Lassen Sie sich \u00fcberraschen und probieren Sie ihn zu Hause!","breadcrumb":{"@id":"https:\/\/www.tascapan.com\/de\/prodotto\/genepy-weiss\/#breadcrumb"},"inLanguage":"de","potentialAction":[{"@type":"ReadAction","target":["https:\/\/www.tascapan.com\/de\/prodotto\/genepy-weiss\/"]}]},{"@type":"ImageObject","inLanguage":"de","@id":"https:\/\/www.tascapan.com\/de\/prodotto\/genepy-weiss\/#primaryimage","url":"https:\/\/www.tascapan.com\/wp-content\/uploads\/2023\/04\/ROD202303TP__MG_8918_11zon-scaled.jpg","contentUrl":"https:\/\/www.tascapan.com\/wp-content\/uploads\/2023\/04\/ROD202303TP__MG_8918_11zon-scaled.jpg","width":2000,"height":1500,"caption":"La versione del G\u00e9n\u00e9py bianco viene ricavata dalle infiorescenze di g\u00e9n\u00e9py che vengono avvolte in un panno e semplicemente lasciate in sospensione sopra la bottiglia che contiene l\u2019alcool che, dopo circa 60 giorni, assumer\u00e0 gli aromi delle piantine essiccate e di conseguenza cambier\u00e0 gusto."},{"@type":"BreadcrumbList","@id":"https:\/\/www.tascapan.com\/de\/prodotto\/genepy-weiss\/#breadcrumb","itemListElement":[{"@type":"ListItem","position":1,"name":"Home","item":"https:\/\/www.tascapan.com\/de\/"},{"@type":"ListItem","position":2,"name":"Shop","item":"https:\/\/www.tascapan.com\/de\/shop\/"},{"@type":"ListItem","position":3,"name":"G\u00e9n\u00e9py Wei\u00df"}]},{"@type":"WebSite","@id":"https:\/\/www.tascapan.com\/#website","url":"https:\/\/www.tascapan.com\/","name":"Tascapan","description":"Prodotti Tipici della Valle d&#039;Aosta","publisher":{"@id":"https:\/\/www.tascapan.com\/#organization"},"potentialAction":[{"@type":"SearchAction","target":{"@type":"EntryPoint","urlTemplate":"https:\/\/www.tascapan.com\/?s={search_term_string}"},"query-input":{"@type":"PropertyValueSpecification","valueRequired":true,"valueName":"search_term_string"}}],"inLanguage":"de"},{"@type":"Organization","@id":"https:\/\/www.tascapan.com\/#organization","name":"Tascapan","url":"https:\/\/www.tascapan.com\/","logo":{"@type":"ImageObject","inLanguage":"de","@id":"https:\/\/www.tascapan.com\/#\/schema\/logo\/image\/","url":"","contentUrl":"","caption":"Tascapan"},"image":{"@id":"https:\/\/www.tascapan.com\/#\/schema\/logo\/image\/"}}]}},"_links":{"self":[{"href":"https:\/\/www.tascapan.com\/de\/wp-json\/wp\/v2\/product\/32488","targetHints":{"allow":["GET"]}}],"collection":[{"href":"https:\/\/www.tascapan.com\/de\/wp-json\/wp\/v2\/product"}],"about":[{"href":"https:\/\/www.tascapan.com\/de\/wp-json\/wp\/v2\/types\/product"}],"replies":[{"embeddable":true,"href":"https:\/\/www.tascapan.com\/de\/wp-json\/wp\/v2\/comments?post=32488"}],"wp:featuredmedia":[{"embeddable":true,"href":"https:\/\/www.tascapan.com\/de\/wp-json\/wp\/v2\/media\/33740"}],"wp:attachment":[{"href":"https:\/\/www.tascapan.com\/de\/wp-json\/wp\/v2\/media?parent=32488"}],"wp:term":[{"taxonomy":"product_brand","embeddable":true,"href":"https:\/\/www.tascapan.com\/de\/wp-json\/wp\/v2\/product_brand?post=32488"},{"taxonomy":"product_cat","embeddable":true,"href":"https:\/\/www.tascapan.com\/de\/wp-json\/wp\/v2\/product_cat?post=32488"},{"taxonomy":"product_tag","embeddable":true,"href":"https:\/\/www.tascapan.com\/de\/wp-json\/wp\/v2\/product_tag?post=32488"}],"curies":[{"name":"wp","href":"https:\/\/api.w.org\/{rel}","templated":true}]}}