{"id":23540,"date":"2024-05-17T10:49:01","date_gmt":"2024-05-17T08:49:01","guid":{"rendered":"https:\/\/www.tascapan.com\/prodotto\/timo-serpillo\/"},"modified":"2024-05-17T10:49:01","modified_gmt":"2024-05-17T08:49:01","slug":"timo-serpillo","status":"publish","type":"product","link":"https:\/\/www.tascapan.com\/de\/prodotto\/timo-serpillo\/","title":{"rendered":"Timo Serpillo"},"content":{"rendered":"<p>Serpyllthymian, auch wilder Thymian genannt, ist eine in ganz Europa und Nordafrika verbreitete Pflanze, die vielseitig verwendet wird: in der K\u00fcche, als Zierpflanze und zu medizinischen Zwecken.<br \/>\nIm Vergleich zum gew\u00f6hnlichen Thymian hat er einen intensiveren und bittereren Geschmack.<br \/>\nDer landwirtschaftliche Betrieb DA EMY baut diese Bl\u00fcten auf einem Feld im gesch\u00fctzten Gebiet des Nationalparks Gran Paradiso an und hat sein eigenes Qualit\u00e4tssiegel.<br \/>\nEigenschaften: Beruhigend bei Husten, f\u00f6rdert die Verdauung.<br \/>\nAnwendung Kr\u00e4utertee Zerdr\u00fccken Sie den Inhalt des Beutels, geben Sie einen L\u00f6ffel in eine Tasse kochendes Wasser.<br \/>\nEtwa 4 Minuten ziehen lassen, dann filtern.<br \/>\nIn der K\u00fcche Zum W\u00fcrzen Ihrer Gerichte.<br \/>\nLik\u00f6r Wenn er in Alkohol eingelegt wird, entfaltet er ein sehr balsamisches Aroma und ergibt einen ganz besonderen Verdauungslik\u00f6r.<br \/>\n*(Informationen aus dem Buch &#8218;Blumen und Heilpflanzen &#8211; Gesundheit und Sch\u00f6nheit des Menschen&#8216; von Aldo Poletti)        <\/p>\n","protected":false},"excerpt":{"rendered":"<p>Serpyllthymian, auch wilder Thymian genannt, ist eine in ganz Europa und Nordafrika verbreitete Pflanze, die vielseitig verwendet wird: in der K\u00fcche, als Zierpflanze und zu medizinischen Zwecken. Im Vergleich zum gew\u00f6hnlichen Thymian hat er einen intensiveren und bittereren Geschmack. Der landwirtschaftliche Betrieb DA EMY baut diese Bl\u00fcten auf einem Feld im gesch\u00fctzten Gebiet des Nationalparks [&hellip;]<\/p>\n","protected":false},"featured_media":23544,"comment_status":"open","ping_status":"closed","template":"","meta":{"_acf_changed":false,"_monsterinsights_skip_tracking":false,"_monsterinsights_sitenote_active":false,"_monsterinsights_sitenote_note":"","_monsterinsights_sitenote_category":0},"product_brand":[],"product_cat":[1904],"product_tag":[],"class_list":{"0":"post-23540","1":"product","2":"type-product","3":"status-publish","4":"has-post-thumbnail","6":"product_cat-zum-essen","7":"pa_producer-von-emy-de-2","9":"first","10":"instock","11":"taxable","12":"shipping-taxable","13":"product-type-external"},"acf":[],"yoast_head":"<!-- This site is optimized with the Yoast SEO Premium plugin v25.0 (Yoast SEO v26.8) - https:\/\/yoast.com\/product\/yoast-seo-premium-wordpress\/ -->\n<title>Timo Serpillo - Tascapan<\/title>\n<meta name=\"description\" content=\"Thymian Serpillo, auch wilder Thymian genannt, ist eine in ganz Europa und Nordafrika weit verbreitete Pflanze mit vielen Verwendungsm\u00f6glichkeiten\" \/>\n<meta name=\"robots\" content=\"index, follow, max-snippet:-1, max-image-preview:large, max-video-preview:-1\" \/>\n<link rel=\"canonical\" href=\"https:\/\/www.tascapan.com\/de\/prodotto\/timo-serpillo\/\" \/>\n<meta property=\"og:locale\" content=\"de_DE\" \/>\n<meta property=\"og:type\" content=\"article\" \/>\n<meta property=\"og:title\" content=\"Timo Serpillo\" \/>\n<meta property=\"og:description\" content=\"Thymian Serpillo, auch wilder Thymian genannt, ist eine in ganz Europa und Nordafrika weit verbreitete Pflanze mit vielen Verwendungsm\u00f6glichkeiten\" \/>\n<meta property=\"og:url\" content=\"https:\/\/www.tascapan.com\/de\/prodotto\/timo-serpillo\/\" \/>\n<meta property=\"og:site_name\" content=\"Tascapan\" \/>\n<meta property=\"og:image\" content=\"https:\/\/www.tascapan.com\/wp-content\/uploads\/2024\/05\/IMG_0756-1.webp\" \/>\n\t<meta property=\"og:image:width\" content=\"1875\" \/>\n\t<meta property=\"og:image:height\" content=\"2500\" \/>\n\t<meta property=\"og:image:type\" content=\"image\/webp\" \/>\n<meta name=\"twitter:card\" content=\"summary_large_image\" \/>\n<meta name=\"twitter:label1\" content=\"Gesch\u00e4tzte Lesezeit\" \/>\n\t<meta name=\"twitter:data1\" content=\"1\u00a0Minute\" \/>\n<script type=\"application\/ld+json\" class=\"yoast-schema-graph\">{\"@context\":\"https:\/\/schema.org\",\"@graph\":[{\"@type\":\"WebPage\",\"@id\":\"https:\/\/www.tascapan.com\/de\/prodotto\/timo-serpillo\/\",\"url\":\"https:\/\/www.tascapan.com\/de\/prodotto\/timo-serpillo\/\",\"name\":\"Timo Serpillo - Tascapan\",\"isPartOf\":{\"@id\":\"https:\/\/www.tascapan.com\/#website\"},\"primaryImageOfPage\":{\"@id\":\"https:\/\/www.tascapan.com\/de\/prodotto\/timo-serpillo\/#primaryimage\"},\"image\":{\"@id\":\"https:\/\/www.tascapan.com\/de\/prodotto\/timo-serpillo\/#primaryimage\"},\"thumbnailUrl\":\"https:\/\/www.tascapan.com\/wp-content\/uploads\/2024\/05\/IMG_0756-1.webp\",\"datePublished\":\"2024-05-17T08:49:01+00:00\",\"description\":\"Thymian Serpillo, auch wilder Thymian genannt, ist eine in ganz Europa und Nordafrika weit verbreitete Pflanze mit vielen Verwendungsm\u00f6glichkeiten\",\"breadcrumb\":{\"@id\":\"https:\/\/www.tascapan.com\/de\/prodotto\/timo-serpillo\/#breadcrumb\"},\"inLanguage\":\"de\",\"potentialAction\":[{\"@type\":\"ReadAction\",\"target\":[\"https:\/\/www.tascapan.com\/de\/prodotto\/timo-serpillo\/\"]}]},{\"@type\":\"ImageObject\",\"inLanguage\":\"de\",\"@id\":\"https:\/\/www.tascapan.com\/de\/prodotto\/timo-serpillo\/#primaryimage\",\"url\":\"https:\/\/www.tascapan.com\/wp-content\/uploads\/2024\/05\/IMG_0756-1.webp\",\"contentUrl\":\"https:\/\/www.tascapan.com\/wp-content\/uploads\/2024\/05\/IMG_0756-1.webp\",\"width\":1875,\"height\":2500},{\"@type\":\"BreadcrumbList\",\"@id\":\"https:\/\/www.tascapan.com\/de\/prodotto\/timo-serpillo\/#breadcrumb\",\"itemListElement\":[{\"@type\":\"ListItem\",\"position\":1,\"name\":\"Home\",\"item\":\"https:\/\/www.tascapan.com\/de\/\"},{\"@type\":\"ListItem\",\"position\":2,\"name\":\"Shop\",\"item\":\"https:\/\/www.tascapan.com\/de\/shop\/\"},{\"@type\":\"ListItem\",\"position\":3,\"name\":\"Timo Serpillo\"}]},{\"@type\":\"WebSite\",\"@id\":\"https:\/\/www.tascapan.com\/#website\",\"url\":\"https:\/\/www.tascapan.com\/\",\"name\":\"Tascapan\",\"description\":\"Prodotti Tipici della Valle d&#039;Aosta\",\"publisher\":{\"@id\":\"https:\/\/www.tascapan.com\/#organization\"},\"potentialAction\":[{\"@type\":\"SearchAction\",\"target\":{\"@type\":\"EntryPoint\",\"urlTemplate\":\"https:\/\/www.tascapan.com\/?s={search_term_string}\"},\"query-input\":{\"@type\":\"PropertyValueSpecification\",\"valueRequired\":true,\"valueName\":\"search_term_string\"}}],\"inLanguage\":\"de\"},{\"@type\":\"Organization\",\"@id\":\"https:\/\/www.tascapan.com\/#organization\",\"name\":\"Tascapan\",\"url\":\"https:\/\/www.tascapan.com\/\",\"logo\":{\"@type\":\"ImageObject\",\"inLanguage\":\"de\",\"@id\":\"https:\/\/www.tascapan.com\/#\/schema\/logo\/image\/\",\"url\":\"\",\"contentUrl\":\"\",\"caption\":\"Tascapan\"},\"image\":{\"@id\":\"https:\/\/www.tascapan.com\/#\/schema\/logo\/image\/\"}}]}<\/script>\n<!-- \/ Yoast SEO Premium plugin. -->","yoast_head_json":{"title":"Timo Serpillo - Tascapan","description":"Thymian Serpillo, auch wilder Thymian genannt, ist eine in ganz Europa und Nordafrika weit verbreitete Pflanze mit vielen Verwendungsm\u00f6glichkeiten","robots":{"index":"index","follow":"follow","max-snippet":"max-snippet:-1","max-image-preview":"max-image-preview:large","max-video-preview":"max-video-preview:-1"},"canonical":"https:\/\/www.tascapan.com\/de\/prodotto\/timo-serpillo\/","og_locale":"de_DE","og_type":"article","og_title":"Timo Serpillo","og_description":"Thymian Serpillo, auch wilder Thymian genannt, ist eine in ganz Europa und Nordafrika weit verbreitete Pflanze mit vielen Verwendungsm\u00f6glichkeiten","og_url":"https:\/\/www.tascapan.com\/de\/prodotto\/timo-serpillo\/","og_site_name":"Tascapan","og_image":[{"width":1875,"height":2500,"url":"https:\/\/www.tascapan.com\/wp-content\/uploads\/2024\/05\/IMG_0756-1.webp","type":"image\/webp"}],"twitter_card":"summary_large_image","twitter_misc":{"Gesch\u00e4tzte Lesezeit":"1\u00a0Minute"},"schema":{"@context":"https:\/\/schema.org","@graph":[{"@type":"WebPage","@id":"https:\/\/www.tascapan.com\/de\/prodotto\/timo-serpillo\/","url":"https:\/\/www.tascapan.com\/de\/prodotto\/timo-serpillo\/","name":"Timo Serpillo - Tascapan","isPartOf":{"@id":"https:\/\/www.tascapan.com\/#website"},"primaryImageOfPage":{"@id":"https:\/\/www.tascapan.com\/de\/prodotto\/timo-serpillo\/#primaryimage"},"image":{"@id":"https:\/\/www.tascapan.com\/de\/prodotto\/timo-serpillo\/#primaryimage"},"thumbnailUrl":"https:\/\/www.tascapan.com\/wp-content\/uploads\/2024\/05\/IMG_0756-1.webp","datePublished":"2024-05-17T08:49:01+00:00","description":"Thymian Serpillo, auch wilder Thymian genannt, ist eine in ganz Europa und Nordafrika weit verbreitete Pflanze mit vielen Verwendungsm\u00f6glichkeiten","breadcrumb":{"@id":"https:\/\/www.tascapan.com\/de\/prodotto\/timo-serpillo\/#breadcrumb"},"inLanguage":"de","potentialAction":[{"@type":"ReadAction","target":["https:\/\/www.tascapan.com\/de\/prodotto\/timo-serpillo\/"]}]},{"@type":"ImageObject","inLanguage":"de","@id":"https:\/\/www.tascapan.com\/de\/prodotto\/timo-serpillo\/#primaryimage","url":"https:\/\/www.tascapan.com\/wp-content\/uploads\/2024\/05\/IMG_0756-1.webp","contentUrl":"https:\/\/www.tascapan.com\/wp-content\/uploads\/2024\/05\/IMG_0756-1.webp","width":1875,"height":2500},{"@type":"BreadcrumbList","@id":"https:\/\/www.tascapan.com\/de\/prodotto\/timo-serpillo\/#breadcrumb","itemListElement":[{"@type":"ListItem","position":1,"name":"Home","item":"https:\/\/www.tascapan.com\/de\/"},{"@type":"ListItem","position":2,"name":"Shop","item":"https:\/\/www.tascapan.com\/de\/shop\/"},{"@type":"ListItem","position":3,"name":"Timo Serpillo"}]},{"@type":"WebSite","@id":"https:\/\/www.tascapan.com\/#website","url":"https:\/\/www.tascapan.com\/","name":"Tascapan","description":"Prodotti Tipici della Valle d&#039;Aosta","publisher":{"@id":"https:\/\/www.tascapan.com\/#organization"},"potentialAction":[{"@type":"SearchAction","target":{"@type":"EntryPoint","urlTemplate":"https:\/\/www.tascapan.com\/?s={search_term_string}"},"query-input":{"@type":"PropertyValueSpecification","valueRequired":true,"valueName":"search_term_string"}}],"inLanguage":"de"},{"@type":"Organization","@id":"https:\/\/www.tascapan.com\/#organization","name":"Tascapan","url":"https:\/\/www.tascapan.com\/","logo":{"@type":"ImageObject","inLanguage":"de","@id":"https:\/\/www.tascapan.com\/#\/schema\/logo\/image\/","url":"","contentUrl":"","caption":"Tascapan"},"image":{"@id":"https:\/\/www.tascapan.com\/#\/schema\/logo\/image\/"}}]}},"_links":{"self":[{"href":"https:\/\/www.tascapan.com\/de\/wp-json\/wp\/v2\/product\/23540","targetHints":{"allow":["GET"]}}],"collection":[{"href":"https:\/\/www.tascapan.com\/de\/wp-json\/wp\/v2\/product"}],"about":[{"href":"https:\/\/www.tascapan.com\/de\/wp-json\/wp\/v2\/types\/product"}],"replies":[{"embeddable":true,"href":"https:\/\/www.tascapan.com\/de\/wp-json\/wp\/v2\/comments?post=23540"}],"wp:featuredmedia":[{"embeddable":true,"href":"https:\/\/www.tascapan.com\/de\/wp-json\/wp\/v2\/media\/23544"}],"wp:attachment":[{"href":"https:\/\/www.tascapan.com\/de\/wp-json\/wp\/v2\/media?parent=23540"}],"wp:term":[{"taxonomy":"product_brand","embeddable":true,"href":"https:\/\/www.tascapan.com\/de\/wp-json\/wp\/v2\/product_brand?post=23540"},{"taxonomy":"product_cat","embeddable":true,"href":"https:\/\/www.tascapan.com\/de\/wp-json\/wp\/v2\/product_cat?post=23540"},{"taxonomy":"product_tag","embeddable":true,"href":"https:\/\/www.tascapan.com\/de\/wp-json\/wp\/v2\/product_tag?post=23540"}],"curies":[{"name":"wp","href":"https:\/\/api.w.org\/{rel}","templated":true}]}}