{"id":32434,"date":"2023-03-13T10:32:18","date_gmt":"2023-03-13T09:32:18","guid":{"rendered":"https:\/\/www.tascapan.com\/ueber-uns\/"},"modified":"2024-12-03T15:03:57","modified_gmt":"2024-12-03T14:03:57","slug":"ueber-uns","status":"publish","type":"page","link":"https:\/\/www.tascapan.com\/de\/ueber-uns\/","title":{"rendered":"\u00dcber uns"},"content":{"rendered":"\n<figure class=\"wp-block-image size-full\"><img loading=\"lazy\" decoding=\"async\" width=\"2000\" height=\"1334\" src=\"https:\/\/www.tascapan.com\/wp-content\/uploads\/2023\/05\/MG_0068_11zon-scaled.jpg\" alt=\"\" class=\"wp-image-2331\" srcset=\"https:\/\/www.tascapan.com\/wp-content\/uploads\/2023\/05\/MG_0068_11zon-scaled.jpg 2000w, https:\/\/www.tascapan.com\/wp-content\/uploads\/2023\/05\/MG_0068_11zon-1536x1024.jpg 1536w, https:\/\/www.tascapan.com\/wp-content\/uploads\/2023\/05\/MG_0068_11zon-2048x1365.jpg 2048w, https:\/\/www.tascapan.com\/wp-content\/uploads\/2023\/05\/MG_0068_11zon-1024x683.jpg 1024w, https:\/\/www.tascapan.com\/wp-content\/uploads\/2023\/05\/MG_0068_11zon-600x400.jpg 600w, https:\/\/www.tascapan.com\/wp-content\/uploads\/2023\/05\/MG_0068_11zon-350x233.jpg 350w\" sizes=\"auto, (max-width: 2000px) 100vw, 2000px\" \/><\/figure>\n\n<h2 class=\"wp-block-heading\">Betreten Sie die <em>Welt von<\/em> Tascapan<\/h2>\n\n<p>Hallo, mein Name ist Davide und ich habe ein Ziel: Sie mit meinen Augen zu begleiten, um den Ort zu entdecken, an dem ich geboren und aufgewachsen bin!<\/p>\n\n<p>Ich bin jedoch nicht der Protagonist dieser Geschichte, sondern die Gesichter und H\u00e4nde, die das Aostatal zu einem einzigartigen Erlebnis machen.\nLassen Sie sich von den Geschichten der Handwerker und Produzenten begleiten, w\u00e4hlen Sie aus, wo Sie schlafen und wo Sie essen m\u00f6chten, all das auf Tascapan! <\/p>\n\n<p>Surfen auf Tascapan ist wie ein Spaziergang auf den Pfaden des Aostatals, mit Blick auf den Himmel und die Berge, mit Blick auf die Bl\u00e4tter der Weinreben und das hohe Gras der Weiden.<\/p>\n\n<p>Sie h\u00f6ren das Summen der Bienen, die Kuhglocken von K\u00fchen und Ziegen, den Duft von Obstg\u00e4rten und Hochgebirgsblumen.<\/p>\n\n<p>Worauf warten Sie noch?\nEntdecken, probieren, erleben Sie das Aostatal. <\/p>\n\n<p>Davide<\/p>\n\n<p><\/p>\n","protected":false},"excerpt":{"rendered":"<p>Betreten Sie die Welt von Tascapan Hallo, mein Name ist Davide und ich habe ein Ziel: Sie mit meinen Augen zu begleiten, um den Ort zu entdecken, an dem ich geboren und aufgewachsen bin! Ich bin jedoch nicht der Protagonist dieser Geschichte, sondern die Gesichter und H\u00e4nde, die das Aostatal zu einem einzigartigen Erlebnis machen. [&hellip;]<\/p>\n","protected":false},"author":1,"featured_media":0,"parent":0,"menu_order":0,"comment_status":"closed","ping_status":"closed","template":"","meta":{"_acf_changed":false,"_monsterinsights_skip_tracking":false,"_monsterinsights_sitenote_active":false,"_monsterinsights_sitenote_note":"","_monsterinsights_sitenote_category":0,"footnotes":""},"class_list":["post-32434","page","type-page","status-publish","hentry"],"acf":[],"yoast_head":"<!-- This site is optimized with the Yoast SEO Premium plugin v25.0 (Yoast SEO v26.8) - https:\/\/yoast.com\/product\/yoast-seo-premium-wordpress\/ -->\n<title>\u00dcber uns - Tascapan Aosta Valley<\/title>\n<meta name=\"description\" content=\"Entdecken Sie, wer hinter Tascapan steckt, dem Gesch\u00e4ft, das die Exzellenz des Aosta-Tals direkt zu Ihnen nach Hause bringt!\" \/>\n<meta name=\"robots\" content=\"index, follow, max-snippet:-1, max-image-preview:large, max-video-preview:-1\" \/>\n<link rel=\"canonical\" href=\"https:\/\/www.tascapan.com\/de\/ueber-uns\/\" \/>\n<meta property=\"og:locale\" content=\"de_DE\" \/>\n<meta property=\"og:type\" content=\"article\" \/>\n<meta property=\"og:title\" content=\"\u00dcber uns\" \/>\n<meta property=\"og:description\" content=\"Entdecken Sie, wer hinter Tascapan steckt, dem Gesch\u00e4ft, das die Exzellenz des Aosta-Tals direkt zu Ihnen nach Hause bringt!\" \/>\n<meta property=\"og:url\" content=\"https:\/\/www.tascapan.com\/de\/ueber-uns\/\" \/>\n<meta property=\"og:site_name\" content=\"Tascapan\" \/>\n<meta property=\"article:modified_time\" content=\"2024-12-03T14:03:57+00:00\" \/>\n<meta property=\"og:image\" content=\"https:\/\/www.tascapan.com\/wp-content\/uploads\/2023\/05\/MG_0068_11zon-scaled.jpg\" \/>\n<meta name=\"twitter:card\" content=\"summary_large_image\" \/>\n<meta name=\"twitter:label1\" content=\"Gesch\u00e4tzte Lesezeit\" \/>\n\t<meta name=\"twitter:data1\" content=\"1\u00a0Minute\" \/>\n<script type=\"application\/ld+json\" class=\"yoast-schema-graph\">{\"@context\":\"https:\/\/schema.org\",\"@graph\":[{\"@type\":\"WebPage\",\"@id\":\"https:\/\/www.tascapan.com\/de\/ueber-uns\/\",\"url\":\"https:\/\/www.tascapan.com\/de\/ueber-uns\/\",\"name\":\"\u00dcber uns - Tascapan Aosta Valley\",\"isPartOf\":{\"@id\":\"https:\/\/www.tascapan.com\/#website\"},\"primaryImageOfPage\":{\"@id\":\"https:\/\/www.tascapan.com\/de\/ueber-uns\/#primaryimage\"},\"image\":{\"@id\":\"https:\/\/www.tascapan.com\/de\/ueber-uns\/#primaryimage\"},\"thumbnailUrl\":\"https:\/\/www.tascapan.com\/wp-content\/uploads\/2023\/05\/MG_0068_11zon-scaled.jpg\",\"datePublished\":\"2023-03-13T09:32:18+00:00\",\"dateModified\":\"2024-12-03T14:03:57+00:00\",\"description\":\"Entdecken Sie, wer hinter Tascapan steckt, dem Gesch\u00e4ft, das die Exzellenz des Aosta-Tals direkt zu Ihnen nach Hause bringt!\",\"breadcrumb\":{\"@id\":\"https:\/\/www.tascapan.com\/de\/ueber-uns\/#breadcrumb\"},\"inLanguage\":\"de\",\"potentialAction\":[{\"@type\":\"ReadAction\",\"target\":[\"https:\/\/www.tascapan.com\/de\/ueber-uns\/\"]}]},{\"@type\":\"ImageObject\",\"inLanguage\":\"de\",\"@id\":\"https:\/\/www.tascapan.com\/de\/ueber-uns\/#primaryimage\",\"url\":\"https:\/\/www.tascapan.com\/wp-content\/uploads\/2023\/05\/MG_0068_11zon-scaled.jpg\",\"contentUrl\":\"https:\/\/www.tascapan.com\/wp-content\/uploads\/2023\/05\/MG_0068_11zon-scaled.jpg\"},{\"@type\":\"BreadcrumbList\",\"@id\":\"https:\/\/www.tascapan.com\/de\/ueber-uns\/#breadcrumb\",\"itemListElement\":[{\"@type\":\"ListItem\",\"position\":1,\"name\":\"Home\",\"item\":\"https:\/\/www.tascapan.com\/de\/\"},{\"@type\":\"ListItem\",\"position\":2,\"name\":\"\u00dcber uns\"}]},{\"@type\":\"WebSite\",\"@id\":\"https:\/\/www.tascapan.com\/#website\",\"url\":\"https:\/\/www.tascapan.com\/\",\"name\":\"Tascapan\",\"description\":\"Prodotti Tipici della Valle d&#039;Aosta\",\"publisher\":{\"@id\":\"https:\/\/www.tascapan.com\/#organization\"},\"potentialAction\":[{\"@type\":\"SearchAction\",\"target\":{\"@type\":\"EntryPoint\",\"urlTemplate\":\"https:\/\/www.tascapan.com\/?s={search_term_string}\"},\"query-input\":{\"@type\":\"PropertyValueSpecification\",\"valueRequired\":true,\"valueName\":\"search_term_string\"}}],\"inLanguage\":\"de\"},{\"@type\":\"Organization\",\"@id\":\"https:\/\/www.tascapan.com\/#organization\",\"name\":\"Tascapan\",\"url\":\"https:\/\/www.tascapan.com\/\",\"logo\":{\"@type\":\"ImageObject\",\"inLanguage\":\"de\",\"@id\":\"https:\/\/www.tascapan.com\/#\/schema\/logo\/image\/\",\"url\":\"\",\"contentUrl\":\"\",\"caption\":\"Tascapan\"},\"image\":{\"@id\":\"https:\/\/www.tascapan.com\/#\/schema\/logo\/image\/\"}}]}<\/script>\n<!-- \/ Yoast SEO Premium plugin. -->","yoast_head_json":{"title":"\u00dcber uns - Tascapan Aosta Valley","description":"Entdecken Sie, wer hinter Tascapan steckt, dem Gesch\u00e4ft, das die Exzellenz des Aosta-Tals direkt zu Ihnen nach Hause bringt!","robots":{"index":"index","follow":"follow","max-snippet":"max-snippet:-1","max-image-preview":"max-image-preview:large","max-video-preview":"max-video-preview:-1"},"canonical":"https:\/\/www.tascapan.com\/de\/ueber-uns\/","og_locale":"de_DE","og_type":"article","og_title":"\u00dcber uns","og_description":"Entdecken Sie, wer hinter Tascapan steckt, dem Gesch\u00e4ft, das die Exzellenz des Aosta-Tals direkt zu Ihnen nach Hause bringt!","og_url":"https:\/\/www.tascapan.com\/de\/ueber-uns\/","og_site_name":"Tascapan","article_modified_time":"2024-12-03T14:03:57+00:00","og_image":[{"url":"https:\/\/www.tascapan.com\/wp-content\/uploads\/2023\/05\/MG_0068_11zon-scaled.jpg","type":"","width":"","height":""}],"twitter_card":"summary_large_image","twitter_misc":{"Gesch\u00e4tzte Lesezeit":"1\u00a0Minute"},"schema":{"@context":"https:\/\/schema.org","@graph":[{"@type":"WebPage","@id":"https:\/\/www.tascapan.com\/de\/ueber-uns\/","url":"https:\/\/www.tascapan.com\/de\/ueber-uns\/","name":"\u00dcber uns - Tascapan Aosta Valley","isPartOf":{"@id":"https:\/\/www.tascapan.com\/#website"},"primaryImageOfPage":{"@id":"https:\/\/www.tascapan.com\/de\/ueber-uns\/#primaryimage"},"image":{"@id":"https:\/\/www.tascapan.com\/de\/ueber-uns\/#primaryimage"},"thumbnailUrl":"https:\/\/www.tascapan.com\/wp-content\/uploads\/2023\/05\/MG_0068_11zon-scaled.jpg","datePublished":"2023-03-13T09:32:18+00:00","dateModified":"2024-12-03T14:03:57+00:00","description":"Entdecken Sie, wer hinter Tascapan steckt, dem Gesch\u00e4ft, das die Exzellenz des Aosta-Tals direkt zu Ihnen nach Hause bringt!","breadcrumb":{"@id":"https:\/\/www.tascapan.com\/de\/ueber-uns\/#breadcrumb"},"inLanguage":"de","potentialAction":[{"@type":"ReadAction","target":["https:\/\/www.tascapan.com\/de\/ueber-uns\/"]}]},{"@type":"ImageObject","inLanguage":"de","@id":"https:\/\/www.tascapan.com\/de\/ueber-uns\/#primaryimage","url":"https:\/\/www.tascapan.com\/wp-content\/uploads\/2023\/05\/MG_0068_11zon-scaled.jpg","contentUrl":"https:\/\/www.tascapan.com\/wp-content\/uploads\/2023\/05\/MG_0068_11zon-scaled.jpg"},{"@type":"BreadcrumbList","@id":"https:\/\/www.tascapan.com\/de\/ueber-uns\/#breadcrumb","itemListElement":[{"@type":"ListItem","position":1,"name":"Home","item":"https:\/\/www.tascapan.com\/de\/"},{"@type":"ListItem","position":2,"name":"\u00dcber uns"}]},{"@type":"WebSite","@id":"https:\/\/www.tascapan.com\/#website","url":"https:\/\/www.tascapan.com\/","name":"Tascapan","description":"Prodotti Tipici della Valle d&#039;Aosta","publisher":{"@id":"https:\/\/www.tascapan.com\/#organization"},"potentialAction":[{"@type":"SearchAction","target":{"@type":"EntryPoint","urlTemplate":"https:\/\/www.tascapan.com\/?s={search_term_string}"},"query-input":{"@type":"PropertyValueSpecification","valueRequired":true,"valueName":"search_term_string"}}],"inLanguage":"de"},{"@type":"Organization","@id":"https:\/\/www.tascapan.com\/#organization","name":"Tascapan","url":"https:\/\/www.tascapan.com\/","logo":{"@type":"ImageObject","inLanguage":"de","@id":"https:\/\/www.tascapan.com\/#\/schema\/logo\/image\/","url":"","contentUrl":"","caption":"Tascapan"},"image":{"@id":"https:\/\/www.tascapan.com\/#\/schema\/logo\/image\/"}}]}},"_links":{"self":[{"href":"https:\/\/www.tascapan.com\/de\/wp-json\/wp\/v2\/pages\/32434","targetHints":{"allow":["GET"]}}],"collection":[{"href":"https:\/\/www.tascapan.com\/de\/wp-json\/wp\/v2\/pages"}],"about":[{"href":"https:\/\/www.tascapan.com\/de\/wp-json\/wp\/v2\/types\/page"}],"author":[{"embeddable":true,"href":"https:\/\/www.tascapan.com\/de\/wp-json\/wp\/v2\/users\/1"}],"replies":[{"embeddable":true,"href":"https:\/\/www.tascapan.com\/de\/wp-json\/wp\/v2\/comments?post=32434"}],"version-history":[{"count":3,"href":"https:\/\/www.tascapan.com\/de\/wp-json\/wp\/v2\/pages\/32434\/revisions"}],"predecessor-version":[{"id":34426,"href":"https:\/\/www.tascapan.com\/de\/wp-json\/wp\/v2\/pages\/32434\/revisions\/34426"}],"wp:attachment":[{"href":"https:\/\/www.tascapan.com\/de\/wp-json\/wp\/v2\/media?parent=32434"}],"curies":[{"name":"wp","href":"https:\/\/api.w.org\/{rel}","templated":true}]}}