{"id":23626,"date":"2024-04-30T15:09:27","date_gmt":"2024-04-30T13:09:27","guid":{"rendered":"https:\/\/www.tascapan.com\/anreise-und-fortbewegung-im-aosta-tal\/"},"modified":"2024-12-05T14:37:14","modified_gmt":"2024-12-05T13:37:14","slug":"anreise-und-fortbewegung-im-aosta-tal","status":"publish","type":"page","link":"https:\/\/www.tascapan.com\/de\/anreise-und-fortbewegung-im-aosta-tal\/","title":{"rendered":"Anreise und Fortbewegung im Aosta-Tal"},"content":{"rendered":"\n<figure class=\"wp-block-image size-full\"><img loading=\"lazy\" decoding=\"async\" width=\"640\" height=\"423\" src=\"https:\/\/www.tascapan.com\/wp-content\/uploads\/2024\/04\/railway-2439189_640.jpg\" alt=\"\" class=\"wp-image-11532\" srcset=\"https:\/\/www.tascapan.com\/wp-content\/uploads\/2024\/04\/railway-2439189_640.jpg 640w, https:\/\/www.tascapan.com\/wp-content\/uploads\/2024\/04\/railway-2439189_640-600x397.jpg 600w, https:\/\/www.tascapan.com\/wp-content\/uploads\/2024\/04\/railway-2439189_640-350x231.jpg 350w\" sizes=\"auto, (max-width: 640px) 100vw, 640px\" \/><\/figure>\n\n<p><strong>ZUG:<\/strong><\/p>\n\n<p><strong>Entdecken Sie das Aosta-Tal mit dem Zug: Komfort und Sch\u00f6nheit auf dem Weg!<\/strong><\/p>\n\n<p>Eine Reise mit dem Zug ins Aostatal ist eine ausgezeichnete Wahl, um den Stra\u00dfenverkehr zu vermeiden und die Umwelt zu schonen.\nGenie\u00dfen Sie eine bequeme Reise abseits des Winternebels und lassen Sie sich von der atemberaubenden Aussicht auf die Berge verzaubern. <\/p>\n\n<p><strong>\ud83d\ude89 Aosta Station:<\/strong> Strategisch g\u00fcnstig in der N\u00e4he des Stadtzentrums gelegen, ist Aosta Station der perfekte Ausgangspunkt f\u00fcr die Gondel, die Sie direkt zum Skigebiet Pila bringt.\nSie haben nicht nur unmittelbaren Zugang zu den Pisten, sondern k\u00f6nnen auch bequem das Herz der Stadt erkunden. <\/p>\n\n<p><strong>\ud83d\ude85 Verbindungen ab Turin:<\/strong> Mit mehr als 20 t\u00e4glichen Fahrten ab Turin Porta Nuova und Turin Porta Susa war es noch nie so einfach, nach Aosta zu kommen.\nDie Fahrt dauert weniger als zwei Stunden, so dass Sie mehr Zeit haben, Ihren Urlaub zu genie\u00dfen. <\/p>\n\n<p><strong>\ud83d\udee4\ufe0f Haltestellen entlang der Strecke:<\/strong> Auf Ihrer Reise kommen Sie an wichtigen Bahnh\u00f6fen wie Pont-Saint-Martin, Verr\u00e8s und Ch\u00e2tillon\/Saint-Vincent vorbei.\nDiese Orte bieten Busverbindungen in die Seitent\u00e4ler, die perfekt auf die Zugfahrpl\u00e4ne abgestimmt sind und einen reibungslosen Transfer zu Ihrem Zielort erm\u00f6glichen. <\/p>\n\n<p><strong>\ud83d\ude84 <\/strong> Von Mailand <strong>nach Aosta<\/strong>: Wenn Sie von Mailand aus starten, k\u00f6nnen Sie mit einem Umstieg am Bahnhof von Chivasso mit einer Reisezeit von etwa drei Stunden rechnen.\nWir nehmen Sie mit auf eine entspannte und landschaftlich reizvolle Entdeckungsreise durch diese herrliche Region. <\/p>\n\n<figure class=\"wp-block-image size-full\"><img loading=\"lazy\" decoding=\"async\" width=\"640\" height=\"427\" src=\"https:\/\/www.tascapan.com\/wp-content\/uploads\/2024\/04\/airplane-7429725_640.jpg\" alt=\"\" class=\"wp-image-11534\" srcset=\"https:\/\/www.tascapan.com\/wp-content\/uploads\/2024\/04\/airplane-7429725_640.jpg 640w, https:\/\/www.tascapan.com\/wp-content\/uploads\/2024\/04\/airplane-7429725_640-600x400.jpg 600w, https:\/\/www.tascapan.com\/wp-content\/uploads\/2024\/04\/airplane-7429725_640-350x234.jpg 350w\" sizes=\"auto, (max-width: 640px) 100vw, 640px\" \/><\/figure>\n\n<p><strong>Flugzeuge:<\/strong><\/p>\n\n<p>Erreichen Sie das Aostatal von oben: Leichtigkeit und Schnelligkeit aus der Luft!<\/p>\n\n<p>Nutzen Sie die Flugh\u00e4fen von Mailand und Turin f\u00fcr einen schnellen und direkten Zugang zu den Gipfeln der Alpen, mit verschiedenen erg\u00e4nzenden Transportmitteln, die Sie direkt ins Tal bringen.<\/p>\n\n<p>\u2708\ufe0f Von den Mail\u00e4nder Flugh\u00e4fen (Malpensa, Linate und Orio al Serio): Diese Flugh\u00e4fen befinden sich in einer Entfernung von 180 bis 225 km von Aosta.\nObwohl es keine direkten Linienverbindungen gibt, werden zahlreiche private Transferdienste angeboten.\nAlternativ k\u00f6nnen Sie Aosta auch mit einer Kombination aus Bus und Zug erreichen. Von den Mail\u00e4nder Hauptbahnh\u00f6fen aus gibt es h\u00e4ufige Abfahrten und gut koordinierte Verbindungen mit lokalen Bussen.  <\/p>\n\n<p><strong>\ud83d\ude8c\ud83d\ude86 Von Malpensa: <\/strong>Ein Bus verbindet den Flughafen alle 20 Minuten mit dem Bahnhof Milano Centrale, von dem aus fast st\u00fcndlich Z\u00fcge nach Aosta fahren.\nDie gesamte Fahrt dauert etwa 3 Stunden und 30 Minuten, einschlie\u00dflich Umsteigen in Chivasso und Ivrea. <\/p>\n\n<p><strong>\ud83d\ude97 Autovermietung: <\/strong>Wenn Sie lieber unabh\u00e4ngig reisen m\u00f6chten, k\u00f6nnen Sie an allen Flugh\u00e4fen ein Auto mieten.\nVon Malpensa aus gelangen Sie \u00fcber die Autobahnen A4 und A5 direkt nach Aosta, was etwa 1 Stunde 30 Minuten dauert. <\/p>\n\n<p><strong>\u2708\ufe0f Flughafen Turin:<\/strong> Der Flughafen Turin, nur 115 km von Aosta entfernt, bietet schnelle Verbindungen per Zug und Auto.\nEine direkte Zugverbindung verbindet den Flughafen mit dem Bahnhof Turin Porta Susa, von wo aus Z\u00fcge nach Aosta abfahren.\nMit dem Auto dauert die Fahrt \u00fcber die Autobahn A5 etwas mehr als eine Stunde<strong>.\u2708\ufe0f Corrado Gex Airport in Aosta:<\/strong> F\u00fcr einen direkten Zugang zu den Alpengipfeln ist der Flughafen Aosta eine ausgezeichnete Wahl.\nLufttaxidienste stehen f\u00fcr ma\u00dfgeschneiderte Fl\u00fcge zur Verf\u00fcgung, ideal f\u00fcr diejenigen, die ein exklusives Reiseerlebnis suchen.   <\/p>\n\n<figure class=\"wp-block-image size-full\"><img loading=\"lazy\" decoding=\"async\" width=\"640\" height=\"427\" src=\"https:\/\/www.tascapan.com\/wp-content\/uploads\/2024\/04\/road-210913_640.jpg\" alt=\"\" class=\"wp-image-11536\" srcset=\"https:\/\/www.tascapan.com\/wp-content\/uploads\/2024\/04\/road-210913_640.jpg 640w, https:\/\/www.tascapan.com\/wp-content\/uploads\/2024\/04\/road-210913_640-600x400.jpg 600w, https:\/\/www.tascapan.com\/wp-content\/uploads\/2024\/04\/road-210913_640-350x234.jpg 350w\" sizes=\"auto, (max-width: 640px) 100vw, 640px\" \/><\/figure>\n\n<p><strong>Auto:<\/strong><\/p>\n\n<p>Mit dem Auto ins Aosta-Tal: Schnelligkeit und bezaubernde Aussichten!<\/p>\n\n<p>Entdecken Sie das Vergn\u00fcgen, mit dem Auto ins Aosta-Tal zu fahren, mit direktem Zugang und Ausblicken, die Ihre Reise unvergesslich machen werden.<\/p>\n\n<p><strong>\ud83d\ude97 Von Turin:<\/strong> Die Autobahn A5 verbindet Turin direkt mit dem Aosta-Tal.\nVon Turin aus erreichen Sie Pont-Saint-Martin, das \u00f6stliche Tor zum Tal, in nur 55 km.\nWenn Sie weiter auf der gleichen Autobahn fahren, ist Aosta nur 98 km und Courmayeur 136 km entfernt, so dass Sie die gesamte Region leicht erkunden k\u00f6nnen.  <\/p>\n\n<p>\ud83d\ude99 Von Mailand aus <strong>:<\/strong> Wenn Sie aus Mailand kommen, bietet die 164 km lange Strecke \u00fcber die Autobahn A4 nach Santhi\u00e0 und dann die Abzweigung nach Aosta eine schnelle und reibungslose Fahrt, die Sie direkt ins Herz der Alpen f\u00fchrt.<\/p>\n\n<p>\ud83d\udee3\ufe0f Von Genua aus<strong>: <\/strong>Wenn Sie von Genua aus anreisen, werden Sie f\u00fcr die 226 km lange Strecke durch abwechslungsreiche und faszinierende Landschaften entsch\u00e4digt, die ein angenehmes und anregendes Fahrerlebnis garantieren.\ud83c\udfd4\ufe0f <strong>Von Frankreich und der Schweiz aus:<\/strong> Wenn Sie ein Abenteuer durch die Alpen erleben m\u00f6chten, k\u00f6nnen Sie das Aosta-Tal \u00fcber den Mont-Blanc-Tunnel und den Gro\u00dfen St. Bernhard-Tunnel erreichen, oder in den Sommermonaten \u00fcber die malerischen Alpenp\u00e4sse Kleiner St. Bernhard und Gro\u00dfer St. Bernhard.\nDiese Routen bieten spektakul\u00e4re Aussichten und ein einzigartiges Erlebnis. <\/p>\n\n<figure class=\"wp-block-image size-full is-resized\"><img loading=\"lazy\" decoding=\"async\" width=\"612\" height=\"408\" src=\"https:\/\/www.tascapan.com\/wp-content\/uploads\/2024\/04\/istockphoto-1371319562-612x612-1.jpg\" alt=\"\" class=\"wp-image-11538\" style=\"width:840px;height:auto\" srcset=\"https:\/\/www.tascapan.com\/wp-content\/uploads\/2024\/04\/istockphoto-1371319562-612x612-1.jpg 612w, https:\/\/www.tascapan.com\/wp-content\/uploads\/2024\/04\/istockphoto-1371319562-612x612-1-600x400.jpg 600w, https:\/\/www.tascapan.com\/wp-content\/uploads\/2024\/04\/istockphoto-1371319562-612x612-1-350x233.jpg 350w\" sizes=\"auto, (max-width: 612px) 100vw, 612px\" \/><\/figure>\n\n<p><strong>Busse:<\/strong><strong><br\/><\/strong>Entdecken Sie das Aosta-Tal mit dem Bus: Komfort und kapillare Verbindungen!<\/p>\n\n<p>Nutzen Sie die Bequemlichkeit und das ausgedehnte Netz von Busverbindungen, um das Aostatal zu erreichen, eine ideale Option f\u00fcr alle, die eine praktische L\u00f6sung suchen, ohne den Stress des Autofahrens.<\/p>\n\n<p><strong>\ud83d\ude8c Nationale Verbindungen von Mailand aus:<\/strong> Genie\u00dfen Sie den einfachen Zugang zum Aostatal mit t\u00e4glichen Busverbindungen von Mailand aus, die an wichtigen Orten wie Cervinia, Aosta und Courmayeur halten.\nDiese Busse machen auch Zwischenstopps im Aosta-Tal und im Piemont, so dass die Reise von verschiedenen Orten aus m\u00f6glich ist.\nDenken Sie daran, Ihren Sitzplatz zu reservieren, um eine reibungslose Reise zu gew\u00e4hrleisten!  <\/p>\n\n<p>\ud83c\udf04 So<strong> mmer- und Winterverbindungen:<\/strong> Erweitern Sie im Sommer Ihren Horizont mit Verbindungen zu Orten in Ligurien, der Emilia Romagna und anderen italienischen Regionen.\nAuch im Winter sind einige dieser Verbindungen aktiv, um Skibegeisterte zu unterst\u00fctzen. <\/p>\n\n<p><strong> \ud83d\ude8d Von Turin: <\/strong>Die Gesellschaft Arriva bietet einen regelm\u00e4\u00dfigen Service von Turin aus an, mit Abfahrten vom Turiner Bahnhof Porta Susa und dem Busbahnhof Corso Bolzano.\nDiese Busse sind direkt mit dem Flughafen Caselle verbunden und bieten eine bequeme Option f\u00fcr Reisende, die ankommen oder abfliegen. <br\/><br\/><strong>\ud83c\udf0d Internationale Verbindungen:<\/strong> F\u00fcr diejenigen, die aus dem Ausland kommen oder \u00fcber die Landesgrenzen hinaus reisen m\u00f6chten, gibt es Direktverbindungen von Aosta nach Martigny in der Schweiz und von Courmayeur nach Chamonix.\nDiese Verbindungen machen das Aosta-Tal zu einem idealen Ausgangspunkt, um die Sch\u00f6nheit der Alpen zu entdecken, sowohl in Italien als auch international. <\/p>\n","protected":false},"excerpt":{"rendered":"<p>ZUG: Entdecken Sie das Aosta-Tal mit dem Zug: Komfort und Sch\u00f6nheit auf dem Weg! Eine Reise mit dem Zug ins Aostatal ist eine ausgezeichnete Wahl, um den Stra\u00dfenverkehr zu vermeiden und die Umwelt zu schonen. Genie\u00dfen Sie eine bequeme Reise abseits des Winternebels und lassen Sie sich von der atemberaubenden Aussicht auf die Berge verzaubern. [&hellip;]<\/p>\n","protected":false},"author":1,"featured_media":23646,"parent":0,"menu_order":0,"comment_status":"closed","ping_status":"closed","template":"","meta":{"_acf_changed":false,"_monsterinsights_skip_tracking":false,"_monsterinsights_sitenote_active":false,"_monsterinsights_sitenote_note":"","_monsterinsights_sitenote_category":0,"footnotes":""},"class_list":["post-23626","page","type-page","status-publish","has-post-thumbnail","hentry"],"acf":[],"yoast_head":"<!-- This site is optimized with the Yoast SEO Premium plugin v25.0 (Yoast SEO v26.8) - https:\/\/yoast.com\/product\/yoast-seo-premium-wordpress\/ -->\n<title>Anreise und Fortbewegung im Aosta-Tal - Tascapan<\/title>\n<meta name=\"description\" content=\"Hier erfahren Sie, wie Sie das Aostatal ganz einfach erreichen k\u00f6nnen. Unber\u00fchrte Orte, bezaubernde Natur und atemberaubende Ausfl\u00fcge warten auf Sie!\" \/>\n<meta name=\"robots\" content=\"index, follow, max-snippet:-1, max-image-preview:large, max-video-preview:-1\" \/>\n<link rel=\"canonical\" href=\"https:\/\/www.tascapan.com\/de\/anreise-und-fortbewegung-im-aosta-tal\/\" \/>\n<meta property=\"og:locale\" content=\"de_DE\" \/>\n<meta property=\"og:type\" content=\"article\" \/>\n<meta property=\"og:title\" content=\"Anreise und Fortbewegung im Aosta-Tal\" \/>\n<meta property=\"og:description\" content=\"Hier erfahren Sie, wie Sie das Aostatal ganz einfach erreichen k\u00f6nnen. Unber\u00fchrte Orte, bezaubernde Natur und atemberaubende Ausfl\u00fcge warten auf Sie!\" \/>\n<meta property=\"og:url\" content=\"https:\/\/www.tascapan.com\/de\/anreise-und-fortbewegung-im-aosta-tal\/\" \/>\n<meta property=\"og:site_name\" content=\"Tascapan\" \/>\n<meta property=\"article:modified_time\" content=\"2024-12-05T13:37:14+00:00\" \/>\n<meta property=\"og:image\" content=\"https:\/\/www.tascapan.com\/wp-content\/uploads\/2024\/04\/b4e32ea6-320c-11ee-a3cd-9526c4075198.jpg\" \/>\n\t<meta property=\"og:image:width\" content=\"800\" \/>\n\t<meta property=\"og:image:height\" content=\"456\" \/>\n\t<meta property=\"og:image:type\" content=\"image\/jpeg\" \/>\n<meta name=\"twitter:card\" content=\"summary_large_image\" \/>\n<meta name=\"twitter:label1\" content=\"Gesch\u00e4tzte Lesezeit\" \/>\n\t<meta name=\"twitter:data1\" content=\"5\u00a0Minuten\" \/>\n<script type=\"application\/ld+json\" class=\"yoast-schema-graph\">{\"@context\":\"https:\/\/schema.org\",\"@graph\":[{\"@type\":\"WebPage\",\"@id\":\"https:\/\/www.tascapan.com\/de\/anreise-und-fortbewegung-im-aosta-tal\/\",\"url\":\"https:\/\/www.tascapan.com\/de\/anreise-und-fortbewegung-im-aosta-tal\/\",\"name\":\"Anreise und Fortbewegung im Aosta-Tal - Tascapan\",\"isPartOf\":{\"@id\":\"https:\/\/www.tascapan.com\/#website\"},\"primaryImageOfPage\":{\"@id\":\"https:\/\/www.tascapan.com\/de\/anreise-und-fortbewegung-im-aosta-tal\/#primaryimage\"},\"image\":{\"@id\":\"https:\/\/www.tascapan.com\/de\/anreise-und-fortbewegung-im-aosta-tal\/#primaryimage\"},\"thumbnailUrl\":\"https:\/\/www.tascapan.com\/wp-content\/uploads\/2024\/04\/b4e32ea6-320c-11ee-a3cd-9526c4075198.jpg\",\"datePublished\":\"2024-04-30T13:09:27+00:00\",\"dateModified\":\"2024-12-05T13:37:14+00:00\",\"description\":\"Hier erfahren Sie, wie Sie das Aostatal ganz einfach erreichen k\u00f6nnen. Unber\u00fchrte Orte, bezaubernde Natur und atemberaubende Ausfl\u00fcge warten auf Sie!\",\"breadcrumb\":{\"@id\":\"https:\/\/www.tascapan.com\/de\/anreise-und-fortbewegung-im-aosta-tal\/#breadcrumb\"},\"inLanguage\":\"de\",\"potentialAction\":[{\"@type\":\"ReadAction\",\"target\":[\"https:\/\/www.tascapan.com\/de\/anreise-und-fortbewegung-im-aosta-tal\/\"]}]},{\"@type\":\"ImageObject\",\"inLanguage\":\"de\",\"@id\":\"https:\/\/www.tascapan.com\/de\/anreise-und-fortbewegung-im-aosta-tal\/#primaryimage\",\"url\":\"https:\/\/www.tascapan.com\/wp-content\/uploads\/2024\/04\/b4e32ea6-320c-11ee-a3cd-9526c4075198.jpg\",\"contentUrl\":\"https:\/\/www.tascapan.com\/wp-content\/uploads\/2024\/04\/b4e32ea6-320c-11ee-a3cd-9526c4075198.jpg\",\"width\":800,\"height\":456},{\"@type\":\"BreadcrumbList\",\"@id\":\"https:\/\/www.tascapan.com\/de\/anreise-und-fortbewegung-im-aosta-tal\/#breadcrumb\",\"itemListElement\":[{\"@type\":\"ListItem\",\"position\":1,\"name\":\"Home\",\"item\":\"https:\/\/www.tascapan.com\/de\/\"},{\"@type\":\"ListItem\",\"position\":2,\"name\":\"Anreise und Fortbewegung im Aosta-Tal\"}]},{\"@type\":\"WebSite\",\"@id\":\"https:\/\/www.tascapan.com\/#website\",\"url\":\"https:\/\/www.tascapan.com\/\",\"name\":\"Tascapan\",\"description\":\"Prodotti Tipici della Valle d&#039;Aosta\",\"publisher\":{\"@id\":\"https:\/\/www.tascapan.com\/#organization\"},\"potentialAction\":[{\"@type\":\"SearchAction\",\"target\":{\"@type\":\"EntryPoint\",\"urlTemplate\":\"https:\/\/www.tascapan.com\/?s={search_term_string}\"},\"query-input\":{\"@type\":\"PropertyValueSpecification\",\"valueRequired\":true,\"valueName\":\"search_term_string\"}}],\"inLanguage\":\"de\"},{\"@type\":\"Organization\",\"@id\":\"https:\/\/www.tascapan.com\/#organization\",\"name\":\"Tascapan\",\"url\":\"https:\/\/www.tascapan.com\/\",\"logo\":{\"@type\":\"ImageObject\",\"inLanguage\":\"de\",\"@id\":\"https:\/\/www.tascapan.com\/#\/schema\/logo\/image\/\",\"url\":\"\",\"contentUrl\":\"\",\"caption\":\"Tascapan\"},\"image\":{\"@id\":\"https:\/\/www.tascapan.com\/#\/schema\/logo\/image\/\"}}]}<\/script>\n<!-- \/ Yoast SEO Premium plugin. -->","yoast_head_json":{"title":"Anreise und Fortbewegung im Aosta-Tal - Tascapan","description":"Hier erfahren Sie, wie Sie das Aostatal ganz einfach erreichen k\u00f6nnen. Unber\u00fchrte Orte, bezaubernde Natur und atemberaubende Ausfl\u00fcge warten auf Sie!","robots":{"index":"index","follow":"follow","max-snippet":"max-snippet:-1","max-image-preview":"max-image-preview:large","max-video-preview":"max-video-preview:-1"},"canonical":"https:\/\/www.tascapan.com\/de\/anreise-und-fortbewegung-im-aosta-tal\/","og_locale":"de_DE","og_type":"article","og_title":"Anreise und Fortbewegung im Aosta-Tal","og_description":"Hier erfahren Sie, wie Sie das Aostatal ganz einfach erreichen k\u00f6nnen. Unber\u00fchrte Orte, bezaubernde Natur und atemberaubende Ausfl\u00fcge warten auf Sie!","og_url":"https:\/\/www.tascapan.com\/de\/anreise-und-fortbewegung-im-aosta-tal\/","og_site_name":"Tascapan","article_modified_time":"2024-12-05T13:37:14+00:00","og_image":[{"width":800,"height":456,"url":"https:\/\/www.tascapan.com\/wp-content\/uploads\/2024\/04\/b4e32ea6-320c-11ee-a3cd-9526c4075198.jpg","type":"image\/jpeg"}],"twitter_card":"summary_large_image","twitter_misc":{"Gesch\u00e4tzte Lesezeit":"5\u00a0Minuten"},"schema":{"@context":"https:\/\/schema.org","@graph":[{"@type":"WebPage","@id":"https:\/\/www.tascapan.com\/de\/anreise-und-fortbewegung-im-aosta-tal\/","url":"https:\/\/www.tascapan.com\/de\/anreise-und-fortbewegung-im-aosta-tal\/","name":"Anreise und Fortbewegung im Aosta-Tal - Tascapan","isPartOf":{"@id":"https:\/\/www.tascapan.com\/#website"},"primaryImageOfPage":{"@id":"https:\/\/www.tascapan.com\/de\/anreise-und-fortbewegung-im-aosta-tal\/#primaryimage"},"image":{"@id":"https:\/\/www.tascapan.com\/de\/anreise-und-fortbewegung-im-aosta-tal\/#primaryimage"},"thumbnailUrl":"https:\/\/www.tascapan.com\/wp-content\/uploads\/2024\/04\/b4e32ea6-320c-11ee-a3cd-9526c4075198.jpg","datePublished":"2024-04-30T13:09:27+00:00","dateModified":"2024-12-05T13:37:14+00:00","description":"Hier erfahren Sie, wie Sie das Aostatal ganz einfach erreichen k\u00f6nnen. Unber\u00fchrte Orte, bezaubernde Natur und atemberaubende Ausfl\u00fcge warten auf Sie!","breadcrumb":{"@id":"https:\/\/www.tascapan.com\/de\/anreise-und-fortbewegung-im-aosta-tal\/#breadcrumb"},"inLanguage":"de","potentialAction":[{"@type":"ReadAction","target":["https:\/\/www.tascapan.com\/de\/anreise-und-fortbewegung-im-aosta-tal\/"]}]},{"@type":"ImageObject","inLanguage":"de","@id":"https:\/\/www.tascapan.com\/de\/anreise-und-fortbewegung-im-aosta-tal\/#primaryimage","url":"https:\/\/www.tascapan.com\/wp-content\/uploads\/2024\/04\/b4e32ea6-320c-11ee-a3cd-9526c4075198.jpg","contentUrl":"https:\/\/www.tascapan.com\/wp-content\/uploads\/2024\/04\/b4e32ea6-320c-11ee-a3cd-9526c4075198.jpg","width":800,"height":456},{"@type":"BreadcrumbList","@id":"https:\/\/www.tascapan.com\/de\/anreise-und-fortbewegung-im-aosta-tal\/#breadcrumb","itemListElement":[{"@type":"ListItem","position":1,"name":"Home","item":"https:\/\/www.tascapan.com\/de\/"},{"@type":"ListItem","position":2,"name":"Anreise und Fortbewegung im Aosta-Tal"}]},{"@type":"WebSite","@id":"https:\/\/www.tascapan.com\/#website","url":"https:\/\/www.tascapan.com\/","name":"Tascapan","description":"Prodotti Tipici della Valle d&#039;Aosta","publisher":{"@id":"https:\/\/www.tascapan.com\/#organization"},"potentialAction":[{"@type":"SearchAction","target":{"@type":"EntryPoint","urlTemplate":"https:\/\/www.tascapan.com\/?s={search_term_string}"},"query-input":{"@type":"PropertyValueSpecification","valueRequired":true,"valueName":"search_term_string"}}],"inLanguage":"de"},{"@type":"Organization","@id":"https:\/\/www.tascapan.com\/#organization","name":"Tascapan","url":"https:\/\/www.tascapan.com\/","logo":{"@type":"ImageObject","inLanguage":"de","@id":"https:\/\/www.tascapan.com\/#\/schema\/logo\/image\/","url":"","contentUrl":"","caption":"Tascapan"},"image":{"@id":"https:\/\/www.tascapan.com\/#\/schema\/logo\/image\/"}}]}},"_links":{"self":[{"href":"https:\/\/www.tascapan.com\/de\/wp-json\/wp\/v2\/pages\/23626","targetHints":{"allow":["GET"]}}],"collection":[{"href":"https:\/\/www.tascapan.com\/de\/wp-json\/wp\/v2\/pages"}],"about":[{"href":"https:\/\/www.tascapan.com\/de\/wp-json\/wp\/v2\/types\/page"}],"author":[{"embeddable":true,"href":"https:\/\/www.tascapan.com\/de\/wp-json\/wp\/v2\/users\/1"}],"replies":[{"embeddable":true,"href":"https:\/\/www.tascapan.com\/de\/wp-json\/wp\/v2\/comments?post=23626"}],"version-history":[{"count":2,"href":"https:\/\/www.tascapan.com\/de\/wp-json\/wp\/v2\/pages\/23626\/revisions"}],"predecessor-version":[{"id":35740,"href":"https:\/\/www.tascapan.com\/de\/wp-json\/wp\/v2\/pages\/23626\/revisions\/35740"}],"wp:featuredmedia":[{"embeddable":true,"href":"https:\/\/www.tascapan.com\/de\/wp-json\/wp\/v2\/media\/23646"}],"wp:attachment":[{"href":"https:\/\/www.tascapan.com\/de\/wp-json\/wp\/v2\/media?parent=23626"}],"curies":[{"name":"wp","href":"https:\/\/api.w.org\/{rel}","templated":true}]}}